{"id":754876,"date":"2025-08-28T06:24:03","date_gmt":"2025-08-28T03:24:03","guid":{"rendered":"https:\/\/roveyayinevi.com.tr\/index.php\/urun\/seckin-ve-siradan-2\/"},"modified":"2026-04-16T03:08:15","modified_gmt":"2026-04-16T00:08:15","slug":"seckin-ve-siradan-2","status":"publish","type":"product","link":"https:\/\/roveyayinevi.com.tr\/index.php\/urun\/seckin-ve-siradan-2\/","title":{"rendered":"Se\u00e7kin ve S\u0131radan"},"content":{"rendered":"<p>Kendini tan\u0131mak, bir insan i\u00e7in bilhassa g\u00fcn\u00fcm\u00fczde \u00e7ok \u00f6nemlidir. \u0130nsan\u0131 de\u011fersizle\u015ftiren, benli\u011fi ikinci plana iten ve d\u00fczg\u00fcn davranmay\u0131 neredeyse imk\u00e2ns\u0131z k\u0131lan bir yap\u0131 mevcuttur ne yaz\u0131k ki g\u00fcn\u00fcm\u00fczde. Bu yap\u0131, bireyin kendini ve d\u00fcnyay\u0131 ara\u015ft\u0131rmas\u0131, bilmesi de\u011fil \u00fcretilenleri bilmesi ve t\u00fcketmesi \u00fczerine in\u015fa edilmi\u015ftir. Bu yap\u0131ya uyum sa\u011flamak i\u00e7in g\u00f6sterilen \u00e7aba yabanc\u0131la\u015fmaya yol a\u00e7maktad\u0131r. Bo\u015fa ge\u00e7en zaman ya\u015famlar\u0131 da bo\u015f hale getirmektedir. Beyinlerin i\u00e7i bo\u015falt\u0131larak benli\u011fin hi\u00e7 de ho\u015funa gitmeyecek yeni bilgiler enjekte edilmektedir. Do\u011fadan gelmi\u015f bir varl\u0131k olmas\u0131na ra\u011fmen insan sanki do\u011fa d\u0131\u015f\u0131 bir varl\u0131km\u0131\u015f gibi davranmaktad\u0131r. Hem toplum hem de do\u011fa i\u00e7in tehlikeli bir hale evrilmi\u015ftir k\u0131sa s\u00fcre i\u00e7inde! Zihinsel evrim, insan\u0131 garip bir duruma getirmi\u015ftir. Bilgi \u00e7a\u011f\u0131nda insan\u0131n kendini bilmemesi olduk\u00e7a trajik bir durumdur. <\/p>\n","protected":false},"excerpt":{"rendered":"<p>Kendini tan\u0131mak, bir insan i\u00e7in bilhassa g\u00fcn\u00fcm\u00fczde \u00e7ok \u00f6nemlidir. \u0130nsan\u0131 de\u011fersizle\u015ftiren, benli\u011fi ikinci plana iten ve d\u00fczg\u00fcn davranmay\u0131 neredeyse imk\u00e2ns\u0131z k\u0131lan bir yap\u0131 mevcuttur ne yaz\u0131k<span class=\"excerpt-hellip\"> [\u2026]<\/span><\/p>\n","protected":false},"featured_media":0,"template":"","meta":{"_monsterinsights_skip_tracking":false,"_monsterinsights_sitenote_active":false,"_monsterinsights_sitenote_note":"","_monsterinsights_sitenote_category":0},"product_brand":[],"product_cat":[12777,12291],"product_tag":[],"class_list":{"0":"post-754876","1":"product","2":"type-product","3":"status-publish","5":"product_cat-deneme","6":"product_cat-edebiyat","7":"pa_cilt-ciltsiz","8":"pa_tur-kitap","9":"pa_yayinevi-gulnar-yayinlari","10":"pa_yazar-mehmet-bekir-nal","12":"first","13":"instock","14":"sale","15":"shipping-taxable","16":"purchasable","17":"product-type-simple"},"_links":{"self":[{"href":"https:\/\/roveyayinevi.com.tr\/index.php\/wp-json\/wp\/v2\/product\/754876","targetHints":{"allow":["GET"]}}],"collection":[{"href":"https:\/\/roveyayinevi.com.tr\/index.php\/wp-json\/wp\/v2\/product"}],"about":[{"href":"https:\/\/roveyayinevi.com.tr\/index.php\/wp-json\/wp\/v2\/types\/product"}],"wp:attachment":[{"href":"https:\/\/roveyayinevi.com.tr\/index.php\/wp-json\/wp\/v2\/media?parent=754876"}],"wp:term":[{"taxonomy":"product_brand","embeddable":true,"href":"https:\/\/roveyayinevi.com.tr\/index.php\/wp-json\/wp\/v2\/product_brand?post=754876"},{"taxonomy":"product_cat","embeddable":true,"href":"https:\/\/roveyayinevi.com.tr\/index.php\/wp-json\/wp\/v2\/product_cat?post=754876"},{"taxonomy":"product_tag","embeddable":true,"href":"https:\/\/roveyayinevi.com.tr\/index.php\/wp-json\/wp\/v2\/product_tag?post=754876"}],"curies":[{"name":"wp","href":"https:\/\/api.w.org\/{rel}","templated":true}]}}