{"id":754874,"date":"2025-08-28T06:23:58","date_gmt":"2025-08-28T03:23:58","guid":{"rendered":"https:\/\/roveyayinevi.com.tr\/index.php\/urun\/yurekten-dile\/"},"modified":"2026-04-16T03:08:15","modified_gmt":"2026-04-16T00:08:15","slug":"yurekten-dile","status":"publish","type":"product","link":"https:\/\/roveyayinevi.com.tr\/index.php\/urun\/yurekten-dile\/","title":{"rendered":"Y\u00fcrekten Dile"},"content":{"rendered":"<p>Huzuru sende buldum Ruhum demlendi sende Varl\u0131\u011f\u0131na \u015f\u00fckredeyim Kalbimin sahibi diye   Sensin benim can suyum Hasretinden \u00f6l\u00fcyorum Birazc\u0131k g\u00f6rmek i\u00e7in Allah&#8217;a yalvar\u0131yorum   S\u0131n\u0131rs\u0131z seveyim i\u015fte Ruhum g\u00f6nl\u00fcm doysun sende Bir \u00f6m\u00fcr kalay\u0131m \u00f6yle Kalbimin sahibi diye. <\/p>\n","protected":false},"excerpt":{"rendered":"<p>Huzuru sende buldum Ruhum demlendi sende Varl\u0131\u011f\u0131na \u015f\u00fckredeyim Kalbimin sahibi diye Sensin benim can suyum Hasretinden \u00f6l\u00fcyorum Birazc\u0131k g\u00f6rmek i\u00e7in Allah&#8217;a yalvar\u0131yorum S\u0131n\u0131rs\u0131z seveyim i\u015fte Ruhum<span class=\"excerpt-hellip\"> [\u2026]<\/span><\/p>\n","protected":false},"featured_media":0,"template":"","meta":{"_monsterinsights_skip_tracking":false,"_monsterinsights_sitenote_active":false,"_monsterinsights_sitenote_note":"","_monsterinsights_sitenote_category":0},"product_brand":[],"product_cat":[12291,12509],"product_tag":[],"class_list":{"0":"post-754874","1":"product","2":"type-product","3":"status-publish","5":"product_cat-edebiyat","6":"product_cat-siir","7":"pa_cilt-ciltsiz","8":"pa_tur-kitap","9":"pa_yayinevi-gulnar-yayinlari","10":"pa_yazar-halil-orhan-aslan","12":"first","13":"instock","14":"sale","15":"shipping-taxable","16":"purchasable","17":"product-type-simple"},"_links":{"self":[{"href":"https:\/\/roveyayinevi.com.tr\/index.php\/wp-json\/wp\/v2\/product\/754874","targetHints":{"allow":["GET"]}}],"collection":[{"href":"https:\/\/roveyayinevi.com.tr\/index.php\/wp-json\/wp\/v2\/product"}],"about":[{"href":"https:\/\/roveyayinevi.com.tr\/index.php\/wp-json\/wp\/v2\/types\/product"}],"wp:attachment":[{"href":"https:\/\/roveyayinevi.com.tr\/index.php\/wp-json\/wp\/v2\/media?parent=754874"}],"wp:term":[{"taxonomy":"product_brand","embeddable":true,"href":"https:\/\/roveyayinevi.com.tr\/index.php\/wp-json\/wp\/v2\/product_brand?post=754874"},{"taxonomy":"product_cat","embeddable":true,"href":"https:\/\/roveyayinevi.com.tr\/index.php\/wp-json\/wp\/v2\/product_cat?post=754874"},{"taxonomy":"product_tag","embeddable":true,"href":"https:\/\/roveyayinevi.com.tr\/index.php\/wp-json\/wp\/v2\/product_tag?post=754874"}],"curies":[{"name":"wp","href":"https:\/\/api.w.org\/{rel}","templated":true}]}}