{"id":754873,"date":"2025-08-28T06:23:56","date_gmt":"2025-08-28T03:23:56","guid":{"rendered":"https:\/\/roveyayinevi.com.tr\/index.php\/urun\/kayip-insanlik\/"},"modified":"2026-04-16T03:08:15","modified_gmt":"2026-04-16T00:08:15","slug":"kayip-insanlik","status":"publish","type":"product","link":"https:\/\/roveyayinevi.com.tr\/index.php\/urun\/kayip-insanlik\/","title":{"rendered":"Kay\u0131p \u0130nsanl\u0131k"},"content":{"rendered":"<p>Modern d\u00fcnyan\u0131n as\u0131l yoksullu\u011fu, k\u0131ymet bilen insanlar\u0131n azl\u0131\u011f\u0131d\u0131r. Tamam! \u00c7a\u011f\u0131n insan\u0131 okudu. Ama sonra d\u00f6nd\u00fc birilerinin can\u0131na okudu. Yanl\u0131\u015f okudu, yanl\u0131\u015f\u0131 okudu, yanl\u0131\u015f yerden okudu, ezbere okudu. Kimi de \u015feytan olup \u00e7\u0131kt\u0131. Bu y\u00fczden sa\u011flam az insan kald\u0131. \u00d6zellikle \u00e7irkinliklerin yolunun kesilmesi. Hayat\u0131n zehirli a\u011flardan temizlenmesi. De\u011ferlerin yok olmamas\u0131 ve ahlaks\u0131zl\u0131\u011f\u0131n \u00f6n\u00fcn\u00fcn a\u00e7\u0131lmamas\u0131 ile cehalet batakl\u0131\u011f\u0131n\u0131n kurutulmas\u0131 ad\u0131na sen ve senin gibilerinin e\u011fitim almas\u0131 ve e\u011fitimlerini tamamlamas\u0131 \u015fart. <\/p>\n","protected":false},"excerpt":{"rendered":"<p>Modern d\u00fcnyan\u0131n as\u0131l yoksullu\u011fu, k\u0131ymet bilen insanlar\u0131n azl\u0131\u011f\u0131d\u0131r. Tamam! \u00c7a\u011f\u0131n insan\u0131 okudu. Ama sonra d\u00f6nd\u00fc birilerinin can\u0131na okudu. Yanl\u0131\u015f okudu, yanl\u0131\u015f\u0131 okudu, yanl\u0131\u015f yerden okudu, ezbere<span class=\"excerpt-hellip\"> [\u2026]<\/span><\/p>\n","protected":false},"featured_media":0,"template":"","meta":{"_monsterinsights_skip_tracking":false,"_monsterinsights_sitenote_active":false,"_monsterinsights_sitenote_note":"","_monsterinsights_sitenote_category":0},"product_brand":[],"product_cat":[12291,12711],"product_tag":[],"class_list":{"0":"post-754873","1":"product","2":"type-product","3":"status-publish","5":"product_cat-edebiyat","6":"product_cat-roman-oyku","7":"pa_cilt-ciltsiz","8":"pa_tur-kitap","9":"pa_yayinevi-gulnar-yayinlari","10":"pa_yazar-halil-orhan-aslan","12":"first","13":"instock","14":"sale","15":"shipping-taxable","16":"purchasable","17":"product-type-simple"},"_links":{"self":[{"href":"https:\/\/roveyayinevi.com.tr\/index.php\/wp-json\/wp\/v2\/product\/754873","targetHints":{"allow":["GET"]}}],"collection":[{"href":"https:\/\/roveyayinevi.com.tr\/index.php\/wp-json\/wp\/v2\/product"}],"about":[{"href":"https:\/\/roveyayinevi.com.tr\/index.php\/wp-json\/wp\/v2\/types\/product"}],"wp:attachment":[{"href":"https:\/\/roveyayinevi.com.tr\/index.php\/wp-json\/wp\/v2\/media?parent=754873"}],"wp:term":[{"taxonomy":"product_brand","embeddable":true,"href":"https:\/\/roveyayinevi.com.tr\/index.php\/wp-json\/wp\/v2\/product_brand?post=754873"},{"taxonomy":"product_cat","embeddable":true,"href":"https:\/\/roveyayinevi.com.tr\/index.php\/wp-json\/wp\/v2\/product_cat?post=754873"},{"taxonomy":"product_tag","embeddable":true,"href":"https:\/\/roveyayinevi.com.tr\/index.php\/wp-json\/wp\/v2\/product_tag?post=754873"}],"curies":[{"name":"wp","href":"https:\/\/api.w.org\/{rel}","templated":true}]}}