{"id":754872,"date":"2025-08-28T06:23:54","date_gmt":"2025-08-28T03:23:54","guid":{"rendered":"https:\/\/roveyayinevi.com.tr\/index.php\/urun\/emirin-gelecek-cabasi\/"},"modified":"2026-04-16T03:08:15","modified_gmt":"2026-04-16T00:08:15","slug":"emirin-gelecek-cabasi","status":"publish","type":"product","link":"https:\/\/roveyayinevi.com.tr\/index.php\/urun\/emirin-gelecek-cabasi\/","title":{"rendered":"Emir&#8217;in Gelecek \u00c7abas\u0131"},"content":{"rendered":"<p>SADIK: Day\u0131 \u00e7ok keyifli bir kahvalt\u0131 yapt\u0131n\u0131z her halde, neler yediniz? K\u00d6YL\u00dc: Evlat, onlar keyifle yedi de, masay\u0131 o kadar dolu g\u00f6r\u00fcnce benim bo\u011faz\u0131mdan ge\u00e7medi. Avukat\u0131n kar\u0131s\u0131 ye dedik\u00e7e, lokmalar benim bo\u011faz\u0131ma t\u0131kand\u0131. Ne kadar u\u011fra\u015ft\u0131msa da ge\u00e7medi bo\u011faz\u0131mdan. Hi\u00e7bir \u015fey yiyemedim. \u00c7ay i\u00e7tim sadece. (Dizindeki \u015fapkay\u0131 al\u0131r ba\u015f\u0131na ge\u00e7irir, tekrar dizine koyup elini \u00fcst\u00fcne bast\u0131r\u0131r.) SADIK: \u00d6yle dersin de day\u0131, masada ne oldu\u011funu bir t\u00fcrl\u00fc s\u00f6ylemezsin. K\u00d6YL\u00dc: Neler yok ki evlat. Tereya\u011f\u0131, zeytin, zeytinya\u011f\u0131, s\u00fct, yumurta, bal, peynir, pekmez, yufka ekmek bile vard\u0131, kendinin s\u00f6yledi\u011fine g\u00f6re, benim getirdi\u011fim zeytinya\u011f\u0131nda k\u0131zartt\u0131\u011f\u0131 patatesle kabak, tereya\u011f\u0131nda yap\u0131lm\u0131\u015f yumurta da vard\u0131. Kahvalt\u0131da \u00e7ilek yenir mi? \u00c7ilek, domates, salatal\u0131k ne bileyim i\u015fte daha sayamad\u0131\u011f\u0131m bir s\u00fcr\u00fc yiyecek vard\u0131. SADIK: Afiyet olsun day\u0131. Bu sayd\u0131klar\u0131n sizin evde yok mu? (K\u00f6yl\u00fc, dizindeki \u015fapkayla oynayarak g\u00f6zleri ya\u015far\u0131r gibi olur ortal\u0131\u011f\u0131 bir sessizlik kaplar. Biraz vakit ge\u00e7ince) K\u00d6YL\u00dc: Evlat, o kadar nevaleyi bir araya getirip de \u00f6yle bir sofray\u0131 nas\u0131l kural\u0131m. \u00d6yle kahvalt\u0131 deyip ge\u00e7me. SADIK: Day\u0131, \u00f6yle dersinde az \u00f6nce i\u00e7eri girerken omuzundaki s\u0131rt heybende olanlar\u0131 saym\u0131\u015ft\u0131n, \u015fimdi sofrada var dediklerinin hepsi senin getirdiklerin. Senin getirdi\u011fini sana kahvalt\u0131 diye sunmu\u015flar o da \u00e7ok ho\u015funa gitmi\u015f. Yani g\u00f6z\u00fcn\u00fc boyam\u0131\u015flar. Eve var\u0131nca sen de kendine \u00f6yle bir sofra haz\u0131rlat. <\/p>\n","protected":false},"excerpt":{"rendered":"<p>SADIK: Day\u0131 \u00e7ok keyifli bir kahvalt\u0131 yapt\u0131n\u0131z her halde, neler yediniz? K\u00d6YL\u00dc: Evlat, onlar keyifle yedi de, masay\u0131 o kadar dolu g\u00f6r\u00fcnce benim bo\u011faz\u0131mdan ge\u00e7medi. Avukat\u0131n<span class=\"excerpt-hellip\"> [\u2026]<\/span><\/p>\n","protected":false},"featured_media":0,"template":"","meta":{"_monsterinsights_skip_tracking":false,"_monsterinsights_sitenote_active":false,"_monsterinsights_sitenote_note":"","_monsterinsights_sitenote_category":0},"product_brand":[],"product_cat":[12291,14272],"product_tag":[],"class_list":{"0":"post-754872","1":"product","2":"type-product","3":"status-publish","5":"product_cat-edebiyat","6":"product_cat-tiyatro","7":"pa_cilt-ciltsiz","8":"pa_tur-kitap","9":"pa_yayinevi-gulnar-yayinlari","10":"pa_yazar-emin-yildirim","12":"first","13":"instock","14":"sale","15":"shipping-taxable","16":"purchasable","17":"product-type-simple"},"_links":{"self":[{"href":"https:\/\/roveyayinevi.com.tr\/index.php\/wp-json\/wp\/v2\/product\/754872","targetHints":{"allow":["GET"]}}],"collection":[{"href":"https:\/\/roveyayinevi.com.tr\/index.php\/wp-json\/wp\/v2\/product"}],"about":[{"href":"https:\/\/roveyayinevi.com.tr\/index.php\/wp-json\/wp\/v2\/types\/product"}],"wp:attachment":[{"href":"https:\/\/roveyayinevi.com.tr\/index.php\/wp-json\/wp\/v2\/media?parent=754872"}],"wp:term":[{"taxonomy":"product_brand","embeddable":true,"href":"https:\/\/roveyayinevi.com.tr\/index.php\/wp-json\/wp\/v2\/product_brand?post=754872"},{"taxonomy":"product_cat","embeddable":true,"href":"https:\/\/roveyayinevi.com.tr\/index.php\/wp-json\/wp\/v2\/product_cat?post=754872"},{"taxonomy":"product_tag","embeddable":true,"href":"https:\/\/roveyayinevi.com.tr\/index.php\/wp-json\/wp\/v2\/product_tag?post=754872"}],"curies":[{"name":"wp","href":"https:\/\/api.w.org\/{rel}","templated":true}]}}