{"id":754871,"date":"2025-08-28T06:23:52","date_gmt":"2025-08-28T03:23:52","guid":{"rendered":"https:\/\/roveyayinevi.com.tr\/index.php\/urun\/kimsesizler-matemi-3\/"},"modified":"2026-04-16T03:08:15","modified_gmt":"2026-04-16T00:08:15","slug":"kimsesizler-matemi-3","status":"publish","type":"product","link":"https:\/\/roveyayinevi.com.tr\/index.php\/urun\/kimsesizler-matemi-3\/","title":{"rendered":"Kimsesizler Matemi 3"},"content":{"rendered":"<p>Hazer ve Mila\u2019n\u0131n sahne \u0131\u015f\u0131\u011f\u0131 alt\u0131nda ba\u015flayan \u00f6yk\u00fcs\u00fc, kendi \u0131\u015f\u0131klar\u0131na do\u011fru yol ald\u0131klar\u0131 bu kitapla sonlan\u0131yor\u2026   Birbirlerine b\u00fcy\u00fck bir a\u015fkla ba\u011fl\u0131 olan Hazer ve Mila, g\u00fcn ge\u00e7tik\u00e7e duygular\u0131yla daha derin y\u00fczle\u015fir. Ruhlar\u0131 birbirine kar\u0131\u015f\u0131r; \u00e7at\u0131\u015fmalar\u0131n ve ac\u0131lar\u0131n aras\u0131nda filizlenen a\u015fklar\u0131 hayata kar\u015f\u0131 diren\u00e7leri olur. Tan\u0131\u015ft\u0131klar\u0131 ilk anda ba\u015flayan \u015fark\u0131n\u0131n sesi art\u0131k daha y\u00fcksektir ve danslar\u0131, birbirleri i\u00e7in \u00e7arpan kalplerinin temsilidir. Ya\u015fam ise hoyratt\u0131r; bazen sahne \u0131\u015f\u0131\u011f\u0131n\u0131 s\u00f6nd\u00fcrmek, dans etti\u011fin \u015fark\u0131n\u0131n sesini k\u0131smak ister. Fakat\u2026 sen ne i\u00e7in att\u0131\u011f\u0131n\u0131 bilen bir kalbe sahipsen \u015fark\u0131n dinmez ve \u0131\u015f\u0131\u011f\u0131n asla s\u00f6nmez.    \u201cSen g\u00f6zlerimi kama\u015ft\u0131ran t\u00fcm \u0131\u015f\u0131\u011f\u0131n kayna\u011f\u0131s\u0131n Mila. G\u00fcnd\u00fcz g\u00fcne\u015f, gece ays\u0131n. Bir yer ayd\u0131nl\u0131ksa seni ar\u0131yorum, karanl\u0131ksa orada olmad\u0131\u011f\u0131n\u0131 biliyorum. Odalar\u0131n kap\u0131s\u0131n\u0131 her a\u00e7t\u0131\u011f\u0131nda \u0131\u015f\u0131\u011f\u0131 yak\u0131yorsun ama ben her zaman, o odan\u0131n sen girdi\u011finde ayd\u0131nland\u0131\u011f\u0131n\u0131 biliyorum. Sen benim \u0131\u015f\u0131\u011f\u0131ms\u0131n, ayd\u0131nl\u0131\u011f\u0131ms\u0131n, gece yar\u0131s\u0131 g\u00fcne\u015fimsin.\u201d <\/p>\n","protected":false},"excerpt":{"rendered":"<p>Hazer ve Mila\u2019n\u0131n sahne \u0131\u015f\u0131\u011f\u0131 alt\u0131nda ba\u015flayan \u00f6yk\u00fcs\u00fc, kendi \u0131\u015f\u0131klar\u0131na do\u011fru yol ald\u0131klar\u0131 bu kitapla sonlan\u0131yor\u2026 Birbirlerine b\u00fcy\u00fck bir a\u015fkla ba\u011fl\u0131 olan Hazer ve Mila, g\u00fcn<span class=\"excerpt-hellip\"> [\u2026]<\/span><\/p>\n","protected":false},"featured_media":0,"template":"","meta":{"_monsterinsights_skip_tracking":false,"_monsterinsights_sitenote_active":false,"_monsterinsights_sitenote_note":"","_monsterinsights_sitenote_category":0},"product_brand":[],"product_cat":[12291,12711],"product_tag":[],"class_list":{"0":"post-754871","1":"product","2":"type-product","3":"status-publish","5":"product_cat-edebiyat","6":"product_cat-roman-oyku","7":"pa_cilt-ciltsiz","8":"pa_tur-kitap","9":"pa_yayinevi-indigo-kitap","10":"pa_yazar-emine-tavuz","12":"first","13":"instock","14":"sale","15":"shipping-taxable","16":"purchasable","17":"product-type-simple"},"_links":{"self":[{"href":"https:\/\/roveyayinevi.com.tr\/index.php\/wp-json\/wp\/v2\/product\/754871","targetHints":{"allow":["GET"]}}],"collection":[{"href":"https:\/\/roveyayinevi.com.tr\/index.php\/wp-json\/wp\/v2\/product"}],"about":[{"href":"https:\/\/roveyayinevi.com.tr\/index.php\/wp-json\/wp\/v2\/types\/product"}],"wp:attachment":[{"href":"https:\/\/roveyayinevi.com.tr\/index.php\/wp-json\/wp\/v2\/media?parent=754871"}],"wp:term":[{"taxonomy":"product_brand","embeddable":true,"href":"https:\/\/roveyayinevi.com.tr\/index.php\/wp-json\/wp\/v2\/product_brand?post=754871"},{"taxonomy":"product_cat","embeddable":true,"href":"https:\/\/roveyayinevi.com.tr\/index.php\/wp-json\/wp\/v2\/product_cat?post=754871"},{"taxonomy":"product_tag","embeddable":true,"href":"https:\/\/roveyayinevi.com.tr\/index.php\/wp-json\/wp\/v2\/product_tag?post=754871"}],"curies":[{"name":"wp","href":"https:\/\/api.w.org\/{rel}","templated":true}]}}