{"id":754868,"date":"2025-08-28T06:23:46","date_gmt":"2025-08-28T03:23:46","guid":{"rendered":"https:\/\/roveyayinevi.com.tr\/index.php\/urun\/gokyuzunun-cenneti-ciltli\/"},"modified":"2026-04-16T03:08:15","modified_gmt":"2026-04-16T00:08:15","slug":"gokyuzunun-cenneti-ciltli","status":"publish","type":"product","link":"https:\/\/roveyayinevi.com.tr\/index.php\/urun\/gokyuzunun-cenneti-ciltli\/","title":{"rendered":"G\u00f6ky\u00fcz\u00fcn\u00fcn Cenneti (Ciltli)"},"content":{"rendered":"<p>\u201cBazen bir kalbi kazanmak bir sava\u015f\u0131 kazanmaktan daha zor olabilir.\u201d   Sava\u015ftan sonra yaralar\u0131n\u0131n iyile\u015fmesine bile f\u0131rsat bulamadan bir krall\u0131k kurmak i\u00e7in yola \u00e7\u0131kan Victoria Sirius, a\u015fkla \u00f6zg\u00fcrl\u00fck aras\u0131nda bir se\u00e7im yapmak zorunda kal\u0131r. Bir sava\u015f\u0131 kazand\u0131\u011f\u0131n\u0131 d\u00fc\u015f\u00fcn\u00fcrken kalbindeki sava\u015f\u0131 kaybetmek \u00fczere oldu\u011funu fark eder.   Tac\u0131n\u0131 William\u2019a teslim etti\u011finde \u00fclkenin d\u00f6rt bir yan\u0131nda isyanlar ba\u015flar. Sevdikleri i\u00e7in son kez m\u00fccadele etmeye karar verdi\u011finde kazanman\u0131n biraz da kaybetmek anlam\u0131na geldi\u011fini en ac\u0131 \u015fekilde \u00f6\u011frenir.   \u201cBizim ya\u015famam\u0131za bile izin vermeyenler sizce kendilerini y\u00f6netmemize izin verirler mi?\u201d <\/p>\n","protected":false},"excerpt":{"rendered":"<p>\u201cBazen bir kalbi kazanmak bir sava\u015f\u0131 kazanmaktan daha zor olabilir.\u201d Sava\u015ftan sonra yaralar\u0131n\u0131n iyile\u015fmesine bile f\u0131rsat bulamadan bir krall\u0131k kurmak i\u00e7in yola \u00e7\u0131kan Victoria Sirius, a\u015fkla<span class=\"excerpt-hellip\"> [\u2026]<\/span><\/p>\n","protected":false},"featured_media":0,"template":"","meta":{"_monsterinsights_skip_tracking":false,"_monsterinsights_sitenote_active":false,"_monsterinsights_sitenote_note":"","_monsterinsights_sitenote_category":0},"product_brand":[],"product_cat":[12291,12711],"product_tag":[],"class_list":{"0":"post-754868","1":"product","2":"type-product","3":"status-publish","5":"product_cat-edebiyat","6":"product_cat-roman-oyku","7":"pa_cilt-ciltli","8":"pa_tur-kitap","9":"pa_yayinevi-indigo-kitap","10":"pa_yazar-sena-nur-isik","12":"first","13":"instock","14":"sale","15":"shipping-taxable","16":"purchasable","17":"product-type-simple"},"_links":{"self":[{"href":"https:\/\/roveyayinevi.com.tr\/index.php\/wp-json\/wp\/v2\/product\/754868","targetHints":{"allow":["GET"]}}],"collection":[{"href":"https:\/\/roveyayinevi.com.tr\/index.php\/wp-json\/wp\/v2\/product"}],"about":[{"href":"https:\/\/roveyayinevi.com.tr\/index.php\/wp-json\/wp\/v2\/types\/product"}],"wp:attachment":[{"href":"https:\/\/roveyayinevi.com.tr\/index.php\/wp-json\/wp\/v2\/media?parent=754868"}],"wp:term":[{"taxonomy":"product_brand","embeddable":true,"href":"https:\/\/roveyayinevi.com.tr\/index.php\/wp-json\/wp\/v2\/product_brand?post=754868"},{"taxonomy":"product_cat","embeddable":true,"href":"https:\/\/roveyayinevi.com.tr\/index.php\/wp-json\/wp\/v2\/product_cat?post=754868"},{"taxonomy":"product_tag","embeddable":true,"href":"https:\/\/roveyayinevi.com.tr\/index.php\/wp-json\/wp\/v2\/product_tag?post=754868"}],"curies":[{"name":"wp","href":"https:\/\/api.w.org\/{rel}","templated":true}]}}