{"id":754865,"date":"2025-08-28T06:23:41","date_gmt":"2025-08-28T03:23:41","guid":{"rendered":"https:\/\/roveyayinevi.com.tr\/index.php\/urun\/insan-ve-kutsal\/"},"modified":"2026-04-16T03:08:15","modified_gmt":"2026-04-16T00:08:15","slug":"insan-ve-kutsal","status":"publish","type":"product","link":"https:\/\/roveyayinevi.com.tr\/index.php\/urun\/insan-ve-kutsal\/","title":{"rendered":"\u0130nsan ve Kutsal"},"content":{"rendered":"<p>\u201cKutsal, ya\u015fam verendir ve ya\u015fam\u0131 al\u0131verendir, akan ya\u015fam\u0131n do\u011fdu\u011fu p\u0131nard\u0131r, i\u00e7inde kayboldu\u011fu hali\u00e7tir. Ama hi\u00e7bir durumda ya\u015famla ayn\u0131 zamanda b\u00fct\u00fcn\u00fcyle sahip olamayaca\u011f\u0131m\u0131zd\u0131r.   Ya\u015fam y\u0131pranma ve kayba u\u011framad\u0131r. Kendini daha iyi muhafaza maksad\u0131yla beyhude yere varl\u0131\u011f\u0131nda sebat etmek ve her t\u00fcrl\u00fc sarftan ka\u00e7\u0131nmak i\u00e7in y\u0131rt\u0131n\u0131r. Pusuda \u00f6l\u00fcm beklemektedir onu.   Hi\u00e7bir h\u00fcner i\u015fe yaramaz. Her canl\u0131 bilir ya da sezer bunu. Kendine tan\u0131nan se\u00e7imi bilir. Bizzat varl\u0131\u011f\u0131n\u0131 bu \u015fekilde bo\u015fa harcad\u0131\u011f\u0131n\u0131n bilincinde oldu\u011fundan, kendini vermekten, kendini feda etmek\u2019ten deh\u015fete kap\u0131l\u0131r. Ama yeteneklerini, enerjilerini ve mallar\u0131n\u0131 tutmak, d\u00fcped\u00fcz pratik bak\u0131mdan ve \u00e7\u0131kar\u0131n\u0131 kollamak i\u00e7in, sonu\u00e7ta d\u00fcnyevi olarak bunlar\u0131 temkinlice kullanmak, sonunda hi\u00e7 kimseyi \u00e7\u00fcr\u00fcmeden ve mezardan kurtarmaz. T\u00fcketilmeyen her \u015fey koku\u015fur. Bu y\u00fczden kutsal\u0131n daimi hakikati, hem kor alevden b\u00fcy\u00fclenmede hem \u00e7\u00fcr\u00fcm\u00fc\u015fl\u00fckten deh\u015fete kap\u0131lmada bulunur.\u201d <\/p>\n","protected":false},"excerpt":{"rendered":"<p>\u201cKutsal, ya\u015fam verendir ve ya\u015fam\u0131 al\u0131verendir, akan ya\u015fam\u0131n do\u011fdu\u011fu p\u0131nard\u0131r, i\u00e7inde kayboldu\u011fu hali\u00e7tir. Ama hi\u00e7bir durumda ya\u015famla ayn\u0131 zamanda b\u00fct\u00fcn\u00fcyle sahip olamayaca\u011f\u0131m\u0131zd\u0131r. Ya\u015fam y\u0131pranma ve kayba<span class=\"excerpt-hellip\"> [\u2026]<\/span><\/p>\n","protected":false},"featured_media":0,"template":"","meta":{"_monsterinsights_skip_tracking":false,"_monsterinsights_sitenote_active":false,"_monsterinsights_sitenote_note":"","_monsterinsights_sitenote_category":0},"product_brand":[],"product_cat":[15499,13488],"product_tag":[],"class_list":{"0":"post-754865","1":"product","2":"type-product","3":"status-publish","5":"product_cat-antropoloji","6":"product_cat-toplum-ve-insan","7":"pa_cilt-ciltsiz","8":"pa_tur-kitap","9":"pa_yayinevi-dogu-bati-yayinlari","10":"pa_yazar-roger-caillois","12":"first","13":"instock","14":"sale","15":"shipping-taxable","16":"purchasable","17":"product-type-simple"},"_links":{"self":[{"href":"https:\/\/roveyayinevi.com.tr\/index.php\/wp-json\/wp\/v2\/product\/754865","targetHints":{"allow":["GET"]}}],"collection":[{"href":"https:\/\/roveyayinevi.com.tr\/index.php\/wp-json\/wp\/v2\/product"}],"about":[{"href":"https:\/\/roveyayinevi.com.tr\/index.php\/wp-json\/wp\/v2\/types\/product"}],"wp:attachment":[{"href":"https:\/\/roveyayinevi.com.tr\/index.php\/wp-json\/wp\/v2\/media?parent=754865"}],"wp:term":[{"taxonomy":"product_brand","embeddable":true,"href":"https:\/\/roveyayinevi.com.tr\/index.php\/wp-json\/wp\/v2\/product_brand?post=754865"},{"taxonomy":"product_cat","embeddable":true,"href":"https:\/\/roveyayinevi.com.tr\/index.php\/wp-json\/wp\/v2\/product_cat?post=754865"},{"taxonomy":"product_tag","embeddable":true,"href":"https:\/\/roveyayinevi.com.tr\/index.php\/wp-json\/wp\/v2\/product_tag?post=754865"}],"curies":[{"name":"wp","href":"https:\/\/api.w.org\/{rel}","templated":true}]}}