{"id":754857,"date":"2025-08-28T06:23:30","date_gmt":"2025-08-28T03:23:30","guid":{"rendered":"https:\/\/roveyayinevi.com.tr\/index.php\/urun\/heyet-5\/"},"modified":"2026-04-16T03:08:15","modified_gmt":"2026-04-16T00:08:15","slug":"heyet-5","status":"publish","type":"product","link":"https:\/\/roveyayinevi.com.tr\/index.php\/urun\/heyet-5\/","title":{"rendered":"Heyet 5"},"content":{"rendered":"<p>Bordo bereliler, istihbarat\u00e7\u0131lar ve daha fazlas\u0131. Beklenen kitap nihayet sizlerle. Bordo berelilerin ve istihbarat\u00e7\u0131lar\u0131n e\u011fitiminden operasyon alanlar\u0131na kadar uzanan bir ser\u00fcven. Bir yandan devletin sigortas\u0131 olan bu askerlerin hik\u00e2yesini \u00f6\u011frenirken di\u011fer yandan devletin s\u0131r k\u00fcp\u00fc olan istihbarat\u00e7\u0131lar\u0131n izini s\u00fcreceksiniz. Siyah sanca\u011f\u0131n gizeminden derin devletin ge\u00e7mi\u015fte yapt\u0131\u011f\u0131 ve yapaca\u011f\u0131 operasyonlar\u0131n \u015fifrelerine, bir\u00e7ok devlet adam\u0131n\u0131n ba\u011fl\u0131 bulundu\u011fu Asuri Tarikat\u0131&#8217;ndan M\u0130T ile \u00e7al\u0131\u015fm\u0131\u015f \u00fcnl\u00fc isimlerin operasyonlar\u0131na kadar uzanan bir eser. \u0130lk kitapta da dedi\u011fimiz gibi; anlatt\u0131klar\u0131m\u0131z\u0131 anlad\u0131k\u00e7a bildikleriniz sadece basit birer bilgi olarak kalacak. Bunun i\u00e7in ilk sayfay\u0131 a\u00e7man\u0131z yeterli. Art\u0131k yazd\u0131klar\u0131m\u0131z okuyuculara emanettir.<\/p>\n","protected":false},"excerpt":{"rendered":"<p>Bordo bereliler, istihbarat\u00e7\u0131lar ve daha fazlas\u0131. Beklenen kitap nihayet sizlerle. Bordo berelilerin ve istihbarat\u00e7\u0131lar\u0131n e\u011fitiminden operasyon alanlar\u0131na kadar uzanan bir ser\u00fcven. Bir yandan devletin sigortas\u0131 olan<span class=\"excerpt-hellip\"> [\u2026]<\/span><\/p>\n","protected":false},"featured_media":0,"template":"","meta":{"_monsterinsights_skip_tracking":false,"_monsterinsights_sitenote_active":false,"_monsterinsights_sitenote_note":"","_monsterinsights_sitenote_category":0},"product_brand":[],"product_cat":[12337],"product_tag":[],"class_list":{"0":"post-754857","1":"product","2":"type-product","3":"status-publish","5":"product_cat-politika-siyaset","6":"pa_cilt-ciltsiz","7":"pa_tur-kitap","8":"pa_yayinevi-lopus-yayinlari","9":"pa_yazar-halil-yasar-kollu","11":"first","12":"instock","13":"sale","14":"shipping-taxable","15":"purchasable","16":"product-type-simple"},"_links":{"self":[{"href":"https:\/\/roveyayinevi.com.tr\/index.php\/wp-json\/wp\/v2\/product\/754857","targetHints":{"allow":["GET"]}}],"collection":[{"href":"https:\/\/roveyayinevi.com.tr\/index.php\/wp-json\/wp\/v2\/product"}],"about":[{"href":"https:\/\/roveyayinevi.com.tr\/index.php\/wp-json\/wp\/v2\/types\/product"}],"wp:attachment":[{"href":"https:\/\/roveyayinevi.com.tr\/index.php\/wp-json\/wp\/v2\/media?parent=754857"}],"wp:term":[{"taxonomy":"product_brand","embeddable":true,"href":"https:\/\/roveyayinevi.com.tr\/index.php\/wp-json\/wp\/v2\/product_brand?post=754857"},{"taxonomy":"product_cat","embeddable":true,"href":"https:\/\/roveyayinevi.com.tr\/index.php\/wp-json\/wp\/v2\/product_cat?post=754857"},{"taxonomy":"product_tag","embeddable":true,"href":"https:\/\/roveyayinevi.com.tr\/index.php\/wp-json\/wp\/v2\/product_tag?post=754857"}],"curies":[{"name":"wp","href":"https:\/\/api.w.org\/{rel}","templated":true}]}}