{"id":754856,"date":"2025-08-28T06:23:28","date_gmt":"2025-08-28T03:23:28","guid":{"rendered":"https:\/\/roveyayinevi.com.tr\/index.php\/urun\/marsin-dahisi\/"},"modified":"2026-04-16T03:08:15","modified_gmt":"2026-04-16T00:08:15","slug":"marsin-dahisi","status":"publish","type":"product","link":"https:\/\/roveyayinevi.com.tr\/index.php\/urun\/marsin-dahisi\/","title":{"rendered":"Mars&#8217;\u0131n Dahisi"},"content":{"rendered":"<p>Mars\u2019\u0131n Dahisi, Edgar Rice Burrough\u2019un Barsoom serisinin alt\u0131nc\u0131 roman\u0131d\u0131r. Burroughs\u2019un ilk olarak 1927\u2019de yay\u0131mlanan bu roman\u0131nda D\u00fcnyal\u0131 Ulysses Paxton\u2019un, Marsl\u0131 Vad Varo olarak \u00f6\u011fretmeninin canl\u0131 bedenler \u00fczerindeki korkun\u00e7 ticareti kendisini isyana s\u00fcr\u00fckleyene kadar Barsoom\u2019un en b\u00fcy\u00fck bilim adam\u0131na hizmet etmesi, sonra da sevdi\u011fi kad\u0131n\u0131n bedenini kurtarmak i\u00e7in kudretli Phundahl\u2019a ve onun k\u00f6t\u00fcc\u00fcl, g\u00fczel h\u00fck\u00fcmdar\u0131na sald\u0131rmak zorunda kalmas\u0131 anlat\u0131lmaktad\u0131r. <\/p>\n","protected":false},"excerpt":{"rendered":"<p>Mars\u2019\u0131n Dahisi, Edgar Rice Burrough\u2019un Barsoom serisinin alt\u0131nc\u0131 roman\u0131d\u0131r. Burroughs\u2019un ilk olarak 1927\u2019de yay\u0131mlanan bu roman\u0131nda D\u00fcnyal\u0131 Ulysses Paxton\u2019un, Marsl\u0131 Vad Varo olarak \u00f6\u011fretmeninin canl\u0131 bedenler<span class=\"excerpt-hellip\"> [\u2026]<\/span><\/p>\n","protected":false},"featured_media":0,"template":"","meta":{"_monsterinsights_skip_tracking":false,"_monsterinsights_sitenote_active":false,"_monsterinsights_sitenote_note":"","_monsterinsights_sitenote_category":0},"product_brand":[],"product_cat":[12540,12291],"product_tag":[],"class_list":{"0":"post-754856","1":"product","2":"type-product","3":"status-publish","5":"product_cat-bilim-kurgu","6":"product_cat-edebiyat","7":"pa_cilt-ciltsiz","8":"pa_tur-kitap","9":"pa_yayinevi-bilgesu-yayincilik","10":"pa_yazar-edgar-rice-burroughs","12":"first","13":"instock","14":"sale","15":"shipping-taxable","16":"purchasable","17":"product-type-simple"},"_links":{"self":[{"href":"https:\/\/roveyayinevi.com.tr\/index.php\/wp-json\/wp\/v2\/product\/754856","targetHints":{"allow":["GET"]}}],"collection":[{"href":"https:\/\/roveyayinevi.com.tr\/index.php\/wp-json\/wp\/v2\/product"}],"about":[{"href":"https:\/\/roveyayinevi.com.tr\/index.php\/wp-json\/wp\/v2\/types\/product"}],"wp:attachment":[{"href":"https:\/\/roveyayinevi.com.tr\/index.php\/wp-json\/wp\/v2\/media?parent=754856"}],"wp:term":[{"taxonomy":"product_brand","embeddable":true,"href":"https:\/\/roveyayinevi.com.tr\/index.php\/wp-json\/wp\/v2\/product_brand?post=754856"},{"taxonomy":"product_cat","embeddable":true,"href":"https:\/\/roveyayinevi.com.tr\/index.php\/wp-json\/wp\/v2\/product_cat?post=754856"},{"taxonomy":"product_tag","embeddable":true,"href":"https:\/\/roveyayinevi.com.tr\/index.php\/wp-json\/wp\/v2\/product_tag?post=754856"}],"curies":[{"name":"wp","href":"https:\/\/api.w.org\/{rel}","templated":true}]}}