{"id":754855,"date":"2025-08-28T06:23:27","date_gmt":"2025-08-28T03:23:27","guid":{"rendered":"https:\/\/roveyayinevi.com.tr\/index.php\/urun\/sirayet-2\/"},"modified":"2026-04-16T03:08:15","modified_gmt":"2026-04-16T00:08:15","slug":"sirayet-2","status":"publish","type":"product","link":"https:\/\/roveyayinevi.com.tr\/index.php\/urun\/sirayet-2\/","title":{"rendered":"Sirayet"},"content":{"rendered":"<p>Medeniyetlerin deneyimleye geldi\u011fi felaketlerin etkisine dair sorgulamalar d\u00fc\u015f\u00fcnce d\u00fcnyas\u0131n\u0131n vazge\u00e7ilmez g\u00f6revidir. 21. y\u00fczy\u0131l\u0131n ser\u00fcveni, bu s\u00fcre\u011fen fenomenin yeni bir versiyonuyla ivmelenen deh\u015fet manzaralar\u0131yla ba\u015flam\u0131\u015ft\u0131r. Tarihsel deneyimlerin ve bilimsel geli\u015fmelerin \u0131\u015f\u0131\u011f\u0131nda ve gelece\u011fin tahminine matuf her sorgulama \u00e7a\u011fda\u015f d\u00fcnyan\u0131n her \u015feyi ku\u015fatan risklerin meydan okumalar\u0131na kar\u015f\u0131 bir varolu\u015fsal z\u0131rh aray\u0131\u015f\u0131n\u0131 temsil eder. Hayat\u0131n dinamizm \u00fczerine in\u015fa edildi\u011fi bir \u00e7a\u011fda g\u00f6r\u00fcnmeyen bir tehdidin her b\u00fcnyeyi hedef al\u0131\u015f\u0131na kar\u015f\u0131 m\u00fccadele, ayn\u0131 zamanda bir d\u00fc\u015f\u00fcn\u00fcmsel modernle\u015fme hikayesidir. \u00c7a\u011fda\u015f pandemi, infodemi yani malumat salg\u0131n\u0131 ile \u015fiddetlenen bir belirsizlik deneyimine d\u00f6n\u00fc\u015fm\u00fc\u015ft\u00fcr. Bu eser her iki salg\u0131n\u0131n sosyal ontolojiyi bi\u00e7imlendirmesine dair bir sorgulamayla okuyucular\u0131yla bir diyalog kurma giri\u015fimindedir. <\/p>\n","protected":false},"excerpt":{"rendered":"<p>Medeniyetlerin deneyimleye geldi\u011fi felaketlerin etkisine dair sorgulamalar d\u00fc\u015f\u00fcnce d\u00fcnyas\u0131n\u0131n vazge\u00e7ilmez g\u00f6revidir. 21. y\u00fczy\u0131l\u0131n ser\u00fcveni, bu s\u00fcre\u011fen fenomenin yeni bir versiyonuyla ivmelenen deh\u015fet manzaralar\u0131yla ba\u015flam\u0131\u015ft\u0131r. Tarihsel deneyimlerin<span class=\"excerpt-hellip\"> [\u2026]<\/span><\/p>\n","protected":false},"featured_media":0,"template":"","meta":{"_monsterinsights_skip_tracking":false,"_monsterinsights_sitenote_active":false,"_monsterinsights_sitenote_note":"","_monsterinsights_sitenote_category":0},"product_brand":[],"product_cat":[12324],"product_tag":[],"class_list":{"0":"post-754855","1":"product","2":"type-product","3":"status-publish","5":"product_cat-sosyoloji","6":"pa_cilt-ciltsiz","7":"pa_tur-kitap","8":"pa_yayinevi-bilgesu-yayincilik","9":"pa_yazar-bayram-sevinc","11":"first","12":"instock","13":"sale","14":"shipping-taxable","15":"purchasable","16":"product-type-simple"},"_links":{"self":[{"href":"https:\/\/roveyayinevi.com.tr\/index.php\/wp-json\/wp\/v2\/product\/754855","targetHints":{"allow":["GET"]}}],"collection":[{"href":"https:\/\/roveyayinevi.com.tr\/index.php\/wp-json\/wp\/v2\/product"}],"about":[{"href":"https:\/\/roveyayinevi.com.tr\/index.php\/wp-json\/wp\/v2\/types\/product"}],"wp:attachment":[{"href":"https:\/\/roveyayinevi.com.tr\/index.php\/wp-json\/wp\/v2\/media?parent=754855"}],"wp:term":[{"taxonomy":"product_brand","embeddable":true,"href":"https:\/\/roveyayinevi.com.tr\/index.php\/wp-json\/wp\/v2\/product_brand?post=754855"},{"taxonomy":"product_cat","embeddable":true,"href":"https:\/\/roveyayinevi.com.tr\/index.php\/wp-json\/wp\/v2\/product_cat?post=754855"},{"taxonomy":"product_tag","embeddable":true,"href":"https:\/\/roveyayinevi.com.tr\/index.php\/wp-json\/wp\/v2\/product_tag?post=754855"}],"curies":[{"name":"wp","href":"https:\/\/api.w.org\/{rel}","templated":true}]}}