{"id":754853,"date":"2025-08-28T06:23:25","date_gmt":"2025-08-28T03:23:25","guid":{"rendered":"https:\/\/roveyayinevi.com.tr\/index.php\/urun\/izci-gibi-dusunmek\/"},"modified":"2026-04-11T03:16:41","modified_gmt":"2026-04-11T00:16:41","slug":"izci-gibi-dusunmek","status":"publish","type":"product","link":"https:\/\/roveyayinevi.com.tr\/index.php\/urun\/izci-gibi-dusunmek\/","title":{"rendered":"\u0130zci Gibi D\u00fc\u015f\u00fcnmek"},"content":{"rendered":"<p>\u201cHepimizin faydas\u0131n\u0131 g\u00f6rece\u011fi,ayd\u0131nlat\u0131c\u0131 ve ak\u0131c\u0131 bir eser.\u201dThe Wall Street Journal Hayat geli\u015fine ya\u015fanmayacak kadar k\u0131ymetli bir ser\u00fcven. Bu ser\u00fcven boyunca ak\u0131nt\u0131ya kap\u0131lmamak ve hataya az d\u00fc\u015fmek ise herkesin dile\u011fi. Peki ama nas\u0131l? Julia Galef\u2019e g\u00f6re i\u015fin s\u0131rr\u0131 izci gibi d\u00fc\u015f\u00fcnmekte sakl\u0131. \u0130zci sahay\u0131 inceler, havay\u0131 koklar, ger\u00e7e\u011fi arar. \u0130zci tehlikeleri \u00f6ng\u00f6r\u00fcr, ataca\u011f\u0131 ad\u0131m\u0131 bilir. \u00dcstelik izci olmak i\u00e7in \u00fcst\u00fcn zekaya ya da y\u0131llar\u0131n birikimine gerek yoktur. Genellikle bir dizi beceri ve al\u0131\u015fkanl\u0131ktan fazlas\u0131 gerekmez. Belirsizliklerle dolu bir d\u00fcnyada akl\u0131n g\u00fcc\u00fcyle hareket etmek, karanl\u0131kta \u0131sl\u0131k \u00e7almak yerine karanl\u0131\u011f\u0131n \u00f6tesindekileri bilmek m\u00fcmk\u00fcn. \u0130zci Gibi D\u00fc\u015f\u00fcnmek, bu yolda yan\u0131n\u0131za alabilece\u011finiz kullan\u0131\u015fl\u0131 bir alet \u00e7antas\u0131. <\/p>\n","protected":false},"excerpt":{"rendered":"<p>\u201cHepimizin faydas\u0131n\u0131 g\u00f6rece\u011fi,ayd\u0131nlat\u0131c\u0131 ve ak\u0131c\u0131 bir eser.\u201dThe Wall Street Journal Hayat geli\u015fine ya\u015fanmayacak kadar k\u0131ymetli bir ser\u00fcven. Bu ser\u00fcven boyunca ak\u0131nt\u0131ya kap\u0131lmamak ve hataya az d\u00fc\u015fmek<span class=\"excerpt-hellip\"> [\u2026]<\/span><\/p>\n","protected":false},"featured_media":0,"template":"","meta":{"_monsterinsights_skip_tracking":false,"_monsterinsights_sitenote_active":false,"_monsterinsights_sitenote_note":"","_monsterinsights_sitenote_category":0},"product_brand":[],"product_cat":[12364,12376],"product_tag":[],"class_list":{"0":"post-754853","1":"product","2":"type-product","3":"status-publish","5":"product_cat-genel-konular","6":"product_cat-kisisel-gelisim","7":"pa_cilt-ciltsiz","8":"pa_tur-kitap","9":"pa_yayinevi-okuyan-us-yayin","10":"pa_yazar-julia-galef","12":"first","13":"instock","14":"sale","15":"shipping-taxable","16":"purchasable","17":"product-type-simple"},"_links":{"self":[{"href":"https:\/\/roveyayinevi.com.tr\/index.php\/wp-json\/wp\/v2\/product\/754853","targetHints":{"allow":["GET"]}}],"collection":[{"href":"https:\/\/roveyayinevi.com.tr\/index.php\/wp-json\/wp\/v2\/product"}],"about":[{"href":"https:\/\/roveyayinevi.com.tr\/index.php\/wp-json\/wp\/v2\/types\/product"}],"wp:attachment":[{"href":"https:\/\/roveyayinevi.com.tr\/index.php\/wp-json\/wp\/v2\/media?parent=754853"}],"wp:term":[{"taxonomy":"product_brand","embeddable":true,"href":"https:\/\/roveyayinevi.com.tr\/index.php\/wp-json\/wp\/v2\/product_brand?post=754853"},{"taxonomy":"product_cat","embeddable":true,"href":"https:\/\/roveyayinevi.com.tr\/index.php\/wp-json\/wp\/v2\/product_cat?post=754853"},{"taxonomy":"product_tag","embeddable":true,"href":"https:\/\/roveyayinevi.com.tr\/index.php\/wp-json\/wp\/v2\/product_tag?post=754853"}],"curies":[{"name":"wp","href":"https:\/\/api.w.org\/{rel}","templated":true}]}}