{"id":754852,"date":"2025-08-28T06:23:24","date_gmt":"2025-08-28T03:23:24","guid":{"rendered":"https:\/\/roveyayinevi.com.tr\/index.php\/urun\/narsist-annenin-kizi-olmak\/"},"modified":"2026-04-16T03:08:14","modified_gmt":"2026-04-16T00:08:14","slug":"narsist-annenin-kizi-olmak","status":"publish","type":"product","link":"https:\/\/roveyayinevi.com.tr\/index.php\/urun\/narsist-annenin-kizi-olmak\/","title":{"rendered":"Narsist Annenin K\u0131z\u0131 Olmak"},"content":{"rendered":"<p>Bozuk de\u011filsin ki tamir edilesinYaralanm\u0131\u015fs\u0131n, iyile\u015fmelisin DANU MORRIGAN Annenizle her y\u00fczle\u015fti\u011finizde i\u00e7inizek\u0131ym\u0131klar batm\u0131\u015f gibi mi oluyor? Tart\u0131\u015fmalar\u0131n\u0131z genellikle ak\u0131l sa\u011fl\u0131\u011f\u0131n\u0131zdan\u015f\u00fcphe etmenizle mi sonu\u00e7lan\u0131yor? Onun huzurunda adeta bir hayalet gibi, yoktanyere s\u0131rtlan\u0131lm\u0131\u015f bir y\u00fck gibi mi hissediyorsunuz? Narsist Annenin K\u0131z\u0131 Olmak, hayat\u0131n sillesini belki de en umulmad\u0131k yerden, annelerinden yiyen k\u0131zlara sesleniyor. G\u00fcnbeg\u00fcn de\u011fersizlik hisleriyle ba\u015f ba\u015fa b\u0131rak\u0131lm\u0131\u015f, yaralar\u0131n\u0131n kapanmas\u0131na hi\u00e7 izin verilmemi\u015f ruhlara yard\u0131m eli uzat\u0131yor. Bu cendereden kurtulman\u0131n, o buruk hikayeyi ba\u015ftan yazman\u0131n m\u00fcmk\u00fcn oldu\u011funu m\u00fcjdeliyor.<\/p>\n","protected":false},"excerpt":{"rendered":"<p>Bozuk de\u011filsin ki tamir edilesinYaralanm\u0131\u015fs\u0131n, iyile\u015fmelisin DANU MORRIGAN Annenizle her y\u00fczle\u015fti\u011finizde i\u00e7inizek\u0131ym\u0131klar batm\u0131\u015f gibi mi oluyor? Tart\u0131\u015fmalar\u0131n\u0131z genellikle ak\u0131l sa\u011fl\u0131\u011f\u0131n\u0131zdan\u015f\u00fcphe etmenizle mi sonu\u00e7lan\u0131yor? Onun huzurunda adeta<span class=\"excerpt-hellip\"> [\u2026]<\/span><\/p>\n","protected":false},"featured_media":0,"template":"","meta":{"_monsterinsights_skip_tracking":false,"_monsterinsights_sitenote_active":false,"_monsterinsights_sitenote_note":"","_monsterinsights_sitenote_category":0},"product_brand":[],"product_cat":[12358,12357],"product_tag":[],"class_list":{"0":"post-754852","1":"product","2":"type-product","3":"status-publish","5":"product_cat-genel-psikoloji","6":"product_cat-psikoloji","7":"pa_cilt-ciltsiz","8":"pa_tur-kitap","9":"pa_yayinevi-okuyan-us-yayin","10":"pa_yazar-danu-morrian","12":"first","13":"instock","14":"sale","15":"shipping-taxable","16":"purchasable","17":"product-type-simple"},"_links":{"self":[{"href":"https:\/\/roveyayinevi.com.tr\/index.php\/wp-json\/wp\/v2\/product\/754852","targetHints":{"allow":["GET"]}}],"collection":[{"href":"https:\/\/roveyayinevi.com.tr\/index.php\/wp-json\/wp\/v2\/product"}],"about":[{"href":"https:\/\/roveyayinevi.com.tr\/index.php\/wp-json\/wp\/v2\/types\/product"}],"wp:attachment":[{"href":"https:\/\/roveyayinevi.com.tr\/index.php\/wp-json\/wp\/v2\/media?parent=754852"}],"wp:term":[{"taxonomy":"product_brand","embeddable":true,"href":"https:\/\/roveyayinevi.com.tr\/index.php\/wp-json\/wp\/v2\/product_brand?post=754852"},{"taxonomy":"product_cat","embeddable":true,"href":"https:\/\/roveyayinevi.com.tr\/index.php\/wp-json\/wp\/v2\/product_cat?post=754852"},{"taxonomy":"product_tag","embeddable":true,"href":"https:\/\/roveyayinevi.com.tr\/index.php\/wp-json\/wp\/v2\/product_tag?post=754852"}],"curies":[{"name":"wp","href":"https:\/\/api.w.org\/{rel}","templated":true}]}}