{"id":754850,"date":"2025-08-28T06:23:21","date_gmt":"2025-08-28T03:23:21","guid":{"rendered":"https:\/\/roveyayinevi.com.tr\/index.php\/urun\/ankara-arastirmalari-dergisi-cilt-11-sayi-1\/"},"modified":"2026-04-16T03:08:14","modified_gmt":"2026-04-16T00:08:14","slug":"ankara-arastirmalari-dergisi-cilt-11-sayi-1","status":"publish","type":"product","link":"https:\/\/roveyayinevi.com.tr\/index.php\/urun\/ankara-arastirmalari-dergisi-cilt-11-sayi-1\/","title":{"rendered":"Ankara Ara\u015ft\u0131rmalar\u0131 Dergisi Cilt 11 Say\u0131 1"},"content":{"rendered":"<p>Ankara\u2019y\u0131 disiplinler aras\u0131 ara\u015ft\u0131rmalarla inceleyen Ankara Ara\u015ft\u0131rmalar\u0131 Dergisi\u2019nin 21. say\u0131s\u0131nda, kent ve mimarl\u0131k tarihi, k\u00fclt\u00fcrel ve sosyal tarih, kent ve \u00e7evre bilimleri alanlar\u0131nda ger\u00e7ekle\u015ftirilmi\u015f bilimsel \u00e7al\u0131\u015fmalar okuyucuya sunulmaktad\u0131r.   Say\u0131n\u0131n ilk makalesinde \u00c7ankaya il\u00e7esinde, COVID-19 Pandemisi s\u00fcrecindeki \u00e7evrimi\u00e7i market al\u0131\u015fveri\u015f tercihleri ile perakende marketlerin eri\u015filebilirli\u011fi aras\u0131ndaki ili\u015fkiler incelenmektedir. \u0130kinci \u00e7al\u0131\u015fma, Ulus ve K\u0131z\u0131lay semtlerini \u00f6rneklem alarak, Ankara\u2019n\u0131n kent merkezi dinamiklerini ve trafi\u011fe ba\u011fl\u0131 kirliliklerin istatistiki analizini sunmaktad\u0131r. Bir di\u011fer makalede Ankara\u2019da konut ve yol aray\u00fczleri, kentin zaman-mek\u00e2nsal d\u00f6n\u00fc\u015f\u00fcm\u00fc i\u00e7inde ele al\u0131nmaktad\u0131r. Bu say\u0131da ayr\u0131ca kentin K\u00fclt\u00fcrel Peyzaj \u00d6geleri de ele al\u0131nmakta, konuyla ilgili Ankara Bat\u0131 T\u00fcm\u00fcl\u00fcslerini bir kentsel deneyim rotas\u0131 \u00fczerinden inceleyen ve de\u011ferlendiren bir \u00e7al\u0131\u015fma da yer almaktad\u0131r.   Say\u0131da kent ve mimarl\u0131k tarihi kapsam\u0131nda yay\u0131mlanan ara\u015ft\u0131rmalar, d\u00f6nem \u00f6zelliklerini tan\u0131mlamakta ve \u00f6nemli eserlere odaklanmaktad\u0131r. Bu do\u011frultuda haz\u0131rlanan makalelerden birisi, Tanzimat D\u00f6nemi uygulamalar\u0131n\u0131n Ankara kent dokusuna etkisini ortaya koymaktad\u0131r. D\u00f6nemsel incelemeler aras\u0131nda modern mimarl\u0131k miras\u0131n\u0131n \u00f6zg\u00fcn \u00f6rneklerinden Kavakl\u0131dere  Sinemas\u0131 da bir de\u011fer analizi \u00e7al\u0131\u015fmas\u0131 ile bu say\u0131da yer bulmaktad\u0131r. kent ile ilgili k\u00fclt\u00fcrel \u00fcretimlerden birisi olan Ankara Havas\u0131 belgesel filmini Bourdieuc\u00fc yakla\u015f\u0131mla de\u011ferlendiren son ara\u015ft\u0131rma makalesi ise kolektif haf\u0131zan\u0131n yeniden \u00fcretimi konusunu tart\u0131\u015fmaya a\u00e7maktad\u0131r. <\/p>\n","protected":false},"excerpt":{"rendered":"<p>Ankara\u2019y\u0131 disiplinler aras\u0131 ara\u015ft\u0131rmalarla inceleyen Ankara Ara\u015ft\u0131rmalar\u0131 Dergisi\u2019nin 21. say\u0131s\u0131nda, kent ve mimarl\u0131k tarihi, k\u00fclt\u00fcrel ve sosyal tarih, kent ve \u00e7evre bilimleri alanlar\u0131nda ger\u00e7ekle\u015ftirilmi\u015f bilimsel \u00e7al\u0131\u015fmalar<span class=\"excerpt-hellip\"> [\u2026]<\/span><\/p>\n","protected":false},"featured_media":0,"template":"","meta":{"_monsterinsights_skip_tracking":false,"_monsterinsights_sitenote_active":false,"_monsterinsights_sitenote_note":"","_monsterinsights_sitenote_category":0},"product_brand":[],"product_cat":[13527],"product_tag":[],"class_list":{"0":"post-754850","1":"product","2":"type-product","3":"status-publish","5":"product_cat-sureli-yayinlar","6":"pa_cilt-ciltsiz","7":"pa_tur-dergi","8":"pa_yayinevi-vekam-koc-universitesi-vehbi-koc-ankara-arastirmalari-uygulama-ve-arastirma-merkezi","9":"pa_yazar-kolektif","11":"first","12":"instock","13":"sale","14":"shipping-taxable","15":"purchasable","16":"product-type-simple"},"_links":{"self":[{"href":"https:\/\/roveyayinevi.com.tr\/index.php\/wp-json\/wp\/v2\/product\/754850","targetHints":{"allow":["GET"]}}],"collection":[{"href":"https:\/\/roveyayinevi.com.tr\/index.php\/wp-json\/wp\/v2\/product"}],"about":[{"href":"https:\/\/roveyayinevi.com.tr\/index.php\/wp-json\/wp\/v2\/types\/product"}],"wp:attachment":[{"href":"https:\/\/roveyayinevi.com.tr\/index.php\/wp-json\/wp\/v2\/media?parent=754850"}],"wp:term":[{"taxonomy":"product_brand","embeddable":true,"href":"https:\/\/roveyayinevi.com.tr\/index.php\/wp-json\/wp\/v2\/product_brand?post=754850"},{"taxonomy":"product_cat","embeddable":true,"href":"https:\/\/roveyayinevi.com.tr\/index.php\/wp-json\/wp\/v2\/product_cat?post=754850"},{"taxonomy":"product_tag","embeddable":true,"href":"https:\/\/roveyayinevi.com.tr\/index.php\/wp-json\/wp\/v2\/product_tag?post=754850"}],"curies":[{"name":"wp","href":"https:\/\/api.w.org\/{rel}","templated":true}]}}