{"id":754848,"date":"2025-08-28T06:23:18","date_gmt":"2025-08-28T03:23:18","guid":{"rendered":"https:\/\/roveyayinevi.com.tr\/index.php\/urun\/hurriyet-gelirken\/"},"modified":"2026-04-16T03:08:14","modified_gmt":"2026-04-16T00:08:14","slug":"hurriyet-gelirken","status":"publish","type":"product","link":"https:\/\/roveyayinevi.com.tr\/index.php\/urun\/hurriyet-gelirken\/","title":{"rendered":"H\u00fcrriyet Gelirken"},"content":{"rendered":"<p>H\u00fcrriyet Gelirken ad\u0131n\u0131 verdi\u011fimiz kitapta, 1908-1925 y\u0131llar\u0131 aras\u0131nda yaz\u0131lm\u0131\u015f, \u00e7o\u011fu s\u00fcreli yay\u0131nlarda \u00e7\u0131km\u0131\u015f ve 1983\u2019ten sonra g\u00fcn\u00fcm\u00fcz harflerine \u00e7evrilerek kitaplar\u0131na girmi\u015f Esendal \u00f6yk\u00fclerini okuyacaks\u0131n\u0131z. Bunlardan 1925 y\u0131l\u0131nda Meslek gazetesinde yay\u0131mlanm\u0131\u015f 12 \u00f6yk\u00fc eski harfli yaz\u0131m\u0131yla kar\u015f\u0131la\u015ft\u0131r\u0131larak d\u00fczeltildi. 1909 y\u0131l\u0131nda Tanin gazetesinde \u00e7\u0131km\u0131\u015f \u201cR\u00fcyada\u201d adl\u0131 \u00f6yk\u00fcyse ilk kez g\u00fcn\u00fcm\u00fcz harfleriyle yay\u0131mlan\u0131yor   \u201cAma yaln\u0131z bizde de\u011fil, ba\u015fka yerlerde de hik\u00e2ye nedir, nuvel nedir, roman nedir, kavgas\u0131 bitirilmi\u015f de\u011fildir. E\u011fer yazd\u0131klar\u0131n ho\u015fa gitmi\u015f, okunmu\u015f ise, hik\u00e2ye olmasa da okurlar. Ad\u0131n\u0131 da onlar ister koysunlar, ister koymas\u0131nlar, bana v\u0131z gelir! \u0130\u015fin do\u011frusu, yaz\u0131lacak yaz\u0131n\u0131n ya \u00f6zl\u00fc ya da ho\u015f olmas\u0131d\u0131r. Ad\u0131 ne olursa olsun&#8230; Bizde hik\u00e2ye vard\u0131r, f\u0131kra vard\u0131r, k\u0131ssa vard\u0131r, nakil vard\u0131r, masal vard\u0131r, \u015fimdi akl\u0131ma gelmeyen daha bir iki \u015fekil vard\u0131r. Bunlar\u0131n yeni adlar\u0131 da yoktur. Eskileri de pek iyi hudutland\u0131r\u0131lm\u0131\u015f de\u011fildir. Biz, bunlar\u0131n hepsine birden hik\u00e2ye diyoruz. Ama, mutlaka hik\u00e2ye yazmak gerekmez. \u0130\u015f yazmakt\u0131r. Hik\u00e2ye olmaz da nakil olur, mesel olur. Ne \u00e7\u0131kar? \u0130\u015f ki d\u00fc\u015f\u00fcn\u00fcls\u00fcn, sonra yaz\u0131ls\u0131n. Hik\u00e2ye olmaz da onun benzeri bir \u015fey olur.\u201d (M. \u015e. Esendal) <\/p>\n","protected":false},"excerpt":{"rendered":"<p>H\u00fcrriyet Gelirken ad\u0131n\u0131 verdi\u011fimiz kitapta, 1908-1925 y\u0131llar\u0131 aras\u0131nda yaz\u0131lm\u0131\u015f, \u00e7o\u011fu s\u00fcreli yay\u0131nlarda \u00e7\u0131km\u0131\u015f ve 1983\u2019ten sonra g\u00fcn\u00fcm\u00fcz harflerine \u00e7evrilerek kitaplar\u0131na girmi\u015f Esendal \u00f6yk\u00fclerini okuyacaks\u0131n\u0131z. Bunlardan 1925<span class=\"excerpt-hellip\"> [\u2026]<\/span><\/p>\n","protected":false},"featured_media":0,"template":"","meta":{"_monsterinsights_skip_tracking":false,"_monsterinsights_sitenote_active":false,"_monsterinsights_sitenote_note":"","_monsterinsights_sitenote_category":0},"product_brand":[],"product_cat":[12291,12711],"product_tag":[],"class_list":{"0":"post-754848","1":"product","2":"type-product","3":"status-publish","5":"product_cat-edebiyat","6":"product_cat-roman-oyku","7":"pa_cilt-ciltsiz","8":"pa_tur-kitap","9":"pa_yayinevi-yapi-kredi-yayinlari","10":"pa_yazar-memduh-sevket-esendal","12":"first","13":"instock","14":"sale","15":"shipping-taxable","16":"purchasable","17":"product-type-simple"},"_links":{"self":[{"href":"https:\/\/roveyayinevi.com.tr\/index.php\/wp-json\/wp\/v2\/product\/754848","targetHints":{"allow":["GET"]}}],"collection":[{"href":"https:\/\/roveyayinevi.com.tr\/index.php\/wp-json\/wp\/v2\/product"}],"about":[{"href":"https:\/\/roveyayinevi.com.tr\/index.php\/wp-json\/wp\/v2\/types\/product"}],"wp:attachment":[{"href":"https:\/\/roveyayinevi.com.tr\/index.php\/wp-json\/wp\/v2\/media?parent=754848"}],"wp:term":[{"taxonomy":"product_brand","embeddable":true,"href":"https:\/\/roveyayinevi.com.tr\/index.php\/wp-json\/wp\/v2\/product_brand?post=754848"},{"taxonomy":"product_cat","embeddable":true,"href":"https:\/\/roveyayinevi.com.tr\/index.php\/wp-json\/wp\/v2\/product_cat?post=754848"},{"taxonomy":"product_tag","embeddable":true,"href":"https:\/\/roveyayinevi.com.tr\/index.php\/wp-json\/wp\/v2\/product_tag?post=754848"}],"curies":[{"name":"wp","href":"https:\/\/api.w.org\/{rel}","templated":true}]}}