{"id":754840,"date":"2025-08-28T06:23:07","date_gmt":"2025-08-28T03:23:07","guid":{"rendered":"https:\/\/roveyayinevi.com.tr\/index.php\/urun\/yeni-salgin-eski-siyaset\/"},"modified":"2026-04-16T03:08:14","modified_gmt":"2026-04-16T00:08:14","slug":"yeni-salgin-eski-siyaset","status":"publish","type":"product","link":"https:\/\/roveyayinevi.com.tr\/index.php\/urun\/yeni-salgin-eski-siyaset\/","title":{"rendered":"Yeni Salg\u0131n Eski Siyaset"},"content":{"rendered":"<p>Yeni Salg\u0131n Eski Siyaset, modern d\u00fcnyan\u0131n salg\u0131n hastal\u0131k tehditleriyle ba\u015fa \u00e7\u0131kmak i\u00e7in nas\u0131l bir sava\u015f senaryosu benimsedi\u011fini ve bunun defalarca nas\u0131l ba\u015far\u0131s\u0131z oldu\u011funu ara\u015ft\u0131r\u0131yor. Avrupa ilk olarak on dokuzuncu y\u00fczy\u0131lda koleraya kar\u015f\u0131 \u201csava\u015f\u201d ilan etti. Hastal\u0131\u011f\u0131 yenemedi ama ulus-devletlerin kurulu\u015funa ve imparatorluklar\u0131n ama\u00e7lar\u0131na hizmet etti. 1918&#8217;de grip ger\u00e7ek bir sava\u015ftan \u00e7\u0131kt\u0131 ve ne siyasalar ne de t\u0131p taraf\u0131ndan denetim alt\u0131na al\u0131nmadan d\u00fcnyay\u0131 kas\u0131p kavurdu. K\u0131rk y\u0131l \u00f6nce AIDS t\u0131p biliminin g\u00fcvenine meydan okudu. AIDS h\u00e2l\u00e2 bizimle, ama onunla ya\u015famay\u0131 \u00f6\u011frendik -\u00f6zellikle de toplumsal aktivizm ve \u00f6zg\u00fcrle\u015ftirici siyaset sayesinde.Bug\u00fcn, halk sa\u011fl\u0131\u011f\u0131 uzmanlar\u0131 ve onlar\u0131 dinlemeyen siyasi liderler COVID-19\u2019la \u201csava\u015fmam\u0131z\u201d gerekti\u011fi konusunda hemfikir. Toplumlar\u0131m\u0131z\u0131n bu kadar savunmas\u0131z olmas\u0131n\u0131n nedenlerini ele almak yerine, tek tek patojenleri hedef almam\u0131z ve onlar\u0131 bast\u0131rmam\u0131z gerekti\u011fi konusunda bir fikir birli\u011fi var. Bu fikir birli\u011finin yanl\u0131\u015f oldu\u011funu savunan Alex de Waal, Antroposen i\u00e7in yeni bir demokratik halk sa\u011fl\u0131\u011f\u0131 savunusu yap\u0131yor. <\/p>\n","protected":false},"excerpt":{"rendered":"<p>Yeni Salg\u0131n Eski Siyaset, modern d\u00fcnyan\u0131n salg\u0131n hastal\u0131k tehditleriyle ba\u015fa \u00e7\u0131kmak i\u00e7in nas\u0131l bir sava\u015f senaryosu benimsedi\u011fini ve bunun defalarca nas\u0131l ba\u015far\u0131s\u0131z oldu\u011funu ara\u015ft\u0131r\u0131yor. Avrupa ilk<span class=\"excerpt-hellip\"> [\u2026]<\/span><\/p>\n","protected":false},"featured_media":0,"template":"","meta":{"_monsterinsights_skip_tracking":false,"_monsterinsights_sitenote_active":false,"_monsterinsights_sitenote_note":"","_monsterinsights_sitenote_category":0},"product_brand":[],"product_cat":[12337],"product_tag":[],"class_list":{"0":"post-754840","1":"product","2":"type-product","3":"status-publish","5":"product_cat-politika-siyaset","6":"pa_cilt-ciltsiz","7":"pa_tur-kitap","8":"pa_yayinevi-nika-yayinevi","9":"pa_yazar-alex-de-waal","11":"first","12":"instock","13":"sale","14":"shipping-taxable","15":"purchasable","16":"product-type-simple"},"_links":{"self":[{"href":"https:\/\/roveyayinevi.com.tr\/index.php\/wp-json\/wp\/v2\/product\/754840","targetHints":{"allow":["GET"]}}],"collection":[{"href":"https:\/\/roveyayinevi.com.tr\/index.php\/wp-json\/wp\/v2\/product"}],"about":[{"href":"https:\/\/roveyayinevi.com.tr\/index.php\/wp-json\/wp\/v2\/types\/product"}],"wp:attachment":[{"href":"https:\/\/roveyayinevi.com.tr\/index.php\/wp-json\/wp\/v2\/media?parent=754840"}],"wp:term":[{"taxonomy":"product_brand","embeddable":true,"href":"https:\/\/roveyayinevi.com.tr\/index.php\/wp-json\/wp\/v2\/product_brand?post=754840"},{"taxonomy":"product_cat","embeddable":true,"href":"https:\/\/roveyayinevi.com.tr\/index.php\/wp-json\/wp\/v2\/product_cat?post=754840"},{"taxonomy":"product_tag","embeddable":true,"href":"https:\/\/roveyayinevi.com.tr\/index.php\/wp-json\/wp\/v2\/product_tag?post=754840"}],"curies":[{"name":"wp","href":"https:\/\/api.w.org\/{rel}","templated":true}]}}