{"id":754836,"date":"2025-08-28T06:23:00","date_gmt":"2025-08-28T03:23:00","guid":{"rendered":"https:\/\/roveyayinevi.com.tr\/index.php\/urun\/filubanin-ormani\/"},"modified":"2026-04-16T03:08:14","modified_gmt":"2026-04-16T00:08:14","slug":"filubanin-ormani","status":"publish","type":"product","link":"https:\/\/roveyayinevi.com.tr\/index.php\/urun\/filubanin-ormani\/","title":{"rendered":"Filuba&#8217;n\u0131n Orman\u0131"},"content":{"rendered":"<p>\u00c7ok uzak diyarlar\u0131n birinde, balta girmemi\u015f muhte\u015fem bir orman&#8230; Ne\u015fe i\u00e7inde ya\u015fayan hayvanlar\u2026 Ve bu orman\u0131n sevilen lideri Filuba ile ailesi\u2026 Ormanda her \u015fey g\u00fcll\u00fck g\u00fclistanl\u0131kken bir g\u00fcn i\u015fler de\u011fi\u015fir. Orman halk\u0131, insanlar\u0131n ge\u00e7mi\u015ften bu yana onlara takt\u0131\u011f\u0131 &#8220;yabani hayvanlar&#8221; ismini art\u0131k istememektedir. Filuba ilk kez \u00e7\u00f6z\u00fclmesi neredeyse imk\u00e2ns\u0131z bir sorunla kar\u015f\u0131 kar\u015f\u0131yad\u0131r. Peki Filuba, orman halk\u0131na yard\u0131m edebilecek mi? Yoksa her \u015fey oldu\u011fu gibi mi kalacak? Filuba&#8217;n\u0131n Orman\u0131 sizi fantastik ve e\u011flenceli bir maceraya davet ediyor. Ne duruyoruz, hadi o zaman do\u011fru Filuba&#8217;n\u0131n Orman\u0131&#8217;na! <\/p>\n","protected":false},"excerpt":{"rendered":"<p>\u00c7ok uzak diyarlar\u0131n birinde, balta girmemi\u015f muhte\u015fem bir orman&#8230; Ne\u015fe i\u00e7inde ya\u015fayan hayvanlar\u2026 Ve bu orman\u0131n sevilen lideri Filuba ile ailesi\u2026 Ormanda her \u015fey g\u00fcll\u00fck g\u00fclistanl\u0131kken<span class=\"excerpt-hellip\"> [\u2026]<\/span><\/p>\n","protected":false},"featured_media":0,"template":"","meta":{"_monsterinsights_skip_tracking":false,"_monsterinsights_sitenote_active":false,"_monsterinsights_sitenote_note":"","_monsterinsights_sitenote_category":0},"product_brand":[],"product_cat":[12274,12284],"product_tag":[],"class_list":{"0":"post-754836","1":"product","2":"type-product","3":"status-publish","5":"product_cat-cocuk-ve-genclik-kitaplari","6":"product_cat-hikayeler","7":"pa_cilt-ciltsiz","8":"pa_tur-kitap","9":"pa_yayinevi-altin-kitaplar","10":"pa_yazar-hurihan-yildirim-kurtaran","12":"first","13":"instock","14":"sale","15":"shipping-taxable","16":"purchasable","17":"product-type-simple"},"_links":{"self":[{"href":"https:\/\/roveyayinevi.com.tr\/index.php\/wp-json\/wp\/v2\/product\/754836","targetHints":{"allow":["GET"]}}],"collection":[{"href":"https:\/\/roveyayinevi.com.tr\/index.php\/wp-json\/wp\/v2\/product"}],"about":[{"href":"https:\/\/roveyayinevi.com.tr\/index.php\/wp-json\/wp\/v2\/types\/product"}],"wp:attachment":[{"href":"https:\/\/roveyayinevi.com.tr\/index.php\/wp-json\/wp\/v2\/media?parent=754836"}],"wp:term":[{"taxonomy":"product_brand","embeddable":true,"href":"https:\/\/roveyayinevi.com.tr\/index.php\/wp-json\/wp\/v2\/product_brand?post=754836"},{"taxonomy":"product_cat","embeddable":true,"href":"https:\/\/roveyayinevi.com.tr\/index.php\/wp-json\/wp\/v2\/product_cat?post=754836"},{"taxonomy":"product_tag","embeddable":true,"href":"https:\/\/roveyayinevi.com.tr\/index.php\/wp-json\/wp\/v2\/product_tag?post=754836"}],"curies":[{"name":"wp","href":"https:\/\/api.w.org\/{rel}","templated":true}]}}