{"id":754835,"date":"2025-08-28T06:22:58","date_gmt":"2025-08-28T03:22:58","guid":{"rendered":"https:\/\/roveyayinevi.com.tr\/index.php\/urun\/ely-havuza-giriyor\/"},"modified":"2026-04-16T03:08:14","modified_gmt":"2026-04-16T00:08:14","slug":"ely-havuza-giriyor","status":"publish","type":"product","link":"https:\/\/roveyayinevi.com.tr\/index.php\/urun\/ely-havuza-giriyor\/","title":{"rendered":"Ely Havuza Giriyor"},"content":{"rendered":"<p>K\u0131z\u0131n\u0131n y\u00fcz\u00fcndeki teredd\u00fcd\u00fc fark eden annesi hemen at\u0131ld\u0131. &#8220;\u015eimdi benim sana sar\u0131ld\u0131\u011f\u0131m gibi kucakla bebe\u011fini. Birlikte yava\u015f\u00e7a Islanma Oyunu oynayaca\u011f\u0131z.&#8221; Ely y\u00fczmeyi \u00e7ok seven ve \u00f6\u011frenmeye \u00e7al\u0131\u015fan k\u00fc\u00e7\u00fck bir k\u0131z. Denizde de y\u00fczebiliyor, havuzda da&#8230; Ama y\u00fczmeyi sevmesi her yerde y\u00fczebilece\u011fi anlam\u0131na gelmiyor ki! Bazen denizin enginli\u011finden bazen de havuzun derinli\u011finden korkabiliyor. Ama neyse ki annesi hep yan\u0131nda. Hatta Ely&#8217;e g\u00f6re annesi bir deniz k\u0131z\u0131&#8230; Ely&#8217;nin Ser\u00fcvenleri Dizisi y\u00fczmeyi \u00f6\u011frenen \u00e7ocuklar i\u00e7in haz\u0131rland\u0131. \u00dc\u00e7 kitapl\u0131k dizinin ilk kitab\u0131 olan Ely Havuza Giriyor bebek y\u00fczme e\u011fitmeni olan Y\u00fczd\u00fcren Anne&#8217;nin ilk kitab\u0131. Ely&#8217;nin Ser\u00fcvenleri y\u00fczmeye ba\u015flam\u0131\u015f ya da ba\u015flayacak olan \u00e7ocuklar\u0131n ve ebeveynlerin vazge\u00e7ilmezleri aras\u0131nda yer alacak! <\/p>\n","protected":false},"excerpt":{"rendered":"<p>K\u0131z\u0131n\u0131n y\u00fcz\u00fcndeki teredd\u00fcd\u00fc fark eden annesi hemen at\u0131ld\u0131. &#8220;\u015eimdi benim sana sar\u0131ld\u0131\u011f\u0131m gibi kucakla bebe\u011fini. Birlikte yava\u015f\u00e7a Islanma Oyunu oynayaca\u011f\u0131z.&#8221; Ely y\u00fczmeyi \u00e7ok seven ve \u00f6\u011frenmeye<span class=\"excerpt-hellip\"> [\u2026]<\/span><\/p>\n","protected":false},"featured_media":0,"template":"","meta":{"_monsterinsights_skip_tracking":false,"_monsterinsights_sitenote_active":false,"_monsterinsights_sitenote_note":"","_monsterinsights_sitenote_category":0},"product_brand":[],"product_cat":[12274,12284],"product_tag":[],"class_list":{"0":"post-754835","1":"product","2":"type-product","3":"status-publish","5":"product_cat-cocuk-ve-genclik-kitaplari","6":"product_cat-hikayeler","7":"pa_cilt-ciltsiz","8":"pa_tur-kitap","9":"pa_yayinevi-altin-kitaplar","10":"pa_yazar-nazli-denge","12":"first","13":"instock","14":"sale","15":"shipping-taxable","16":"purchasable","17":"product-type-simple"},"_links":{"self":[{"href":"https:\/\/roveyayinevi.com.tr\/index.php\/wp-json\/wp\/v2\/product\/754835","targetHints":{"allow":["GET"]}}],"collection":[{"href":"https:\/\/roveyayinevi.com.tr\/index.php\/wp-json\/wp\/v2\/product"}],"about":[{"href":"https:\/\/roveyayinevi.com.tr\/index.php\/wp-json\/wp\/v2\/types\/product"}],"wp:attachment":[{"href":"https:\/\/roveyayinevi.com.tr\/index.php\/wp-json\/wp\/v2\/media?parent=754835"}],"wp:term":[{"taxonomy":"product_brand","embeddable":true,"href":"https:\/\/roveyayinevi.com.tr\/index.php\/wp-json\/wp\/v2\/product_brand?post=754835"},{"taxonomy":"product_cat","embeddable":true,"href":"https:\/\/roveyayinevi.com.tr\/index.php\/wp-json\/wp\/v2\/product_cat?post=754835"},{"taxonomy":"product_tag","embeddable":true,"href":"https:\/\/roveyayinevi.com.tr\/index.php\/wp-json\/wp\/v2\/product_tag?post=754835"}],"curies":[{"name":"wp","href":"https:\/\/api.w.org\/{rel}","templated":true}]}}