{"id":754833,"date":"2025-08-28T06:22:55","date_gmt":"2025-08-28T03:22:55","guid":{"rendered":"https:\/\/roveyayinevi.com.tr\/index.php\/urun\/bacadan-girenler-catalhoyuk\/"},"modified":"2026-04-16T03:08:14","modified_gmt":"2026-04-16T00:08:14","slug":"bacadan-girenler-catalhoyuk","status":"publish","type":"product","link":"https:\/\/roveyayinevi.com.tr\/index.php\/urun\/bacadan-girenler-catalhoyuk\/","title":{"rendered":"Bacadan Girenler \u00c7atalh\u00f6y\u00fck"},"content":{"rendered":"<p>Anadolu Anadolu,Bir bilseniz neler dolu\u2026\u0130nanmazsan gel benimle,G\u00f6stereyim her \u015feyiyle.\u00d6nce saatini al geriye,Tam dokuz bin y\u0131l \u00f6ncesine. Duyduk duymad\u0131k demeyin!E\u011flenceli, \u015fa\u015f\u0131rt\u0131c\u0131 ve \u015fiirsel bir yolculuk ba\u015fl\u0131yor!\u00c7ocuk ve Gen\u00e7lik Edebiyat\u0131&#8217;n\u0131n sevilen yazarlar\u0131ndan Dursun Ege G\u00f6\u00e7men,okurlar\u0131n\u0131 bu kez Anadolu&#8217;da yolculuklara \u00e7\u0131kart\u0131yor.Bu kitab\u0131n durak noktas\u0131 \u00c7atalh\u00f6y\u00fck! <\/p>\n","protected":false},"excerpt":{"rendered":"<p>Anadolu Anadolu,Bir bilseniz neler dolu\u2026\u0130nanmazsan gel benimle,G\u00f6stereyim her \u015feyiyle.\u00d6nce saatini al geriye,Tam dokuz bin y\u0131l \u00f6ncesine. Duyduk duymad\u0131k demeyin!E\u011flenceli, \u015fa\u015f\u0131rt\u0131c\u0131 ve \u015fiirsel bir yolculuk ba\u015fl\u0131yor!\u00c7ocuk ve<span class=\"excerpt-hellip\"> [\u2026]<\/span><\/p>\n","protected":false},"featured_media":0,"template":"","meta":{"_monsterinsights_skip_tracking":false,"_monsterinsights_sitenote_active":false,"_monsterinsights_sitenote_note":"","_monsterinsights_sitenote_category":0},"product_brand":[],"product_cat":[12274,12284],"product_tag":[],"class_list":{"0":"post-754833","1":"product","2":"type-product","3":"status-publish","5":"product_cat-cocuk-ve-genclik-kitaplari","6":"product_cat-hikayeler","7":"pa_cilt-ciltsiz","8":"pa_tur-kitap","9":"pa_yayinevi-altin-kitaplar","10":"pa_yazar-dursun-ege-gocmen","12":"first","13":"instock","14":"sale","15":"shipping-taxable","16":"purchasable","17":"product-type-simple"},"_links":{"self":[{"href":"https:\/\/roveyayinevi.com.tr\/index.php\/wp-json\/wp\/v2\/product\/754833","targetHints":{"allow":["GET"]}}],"collection":[{"href":"https:\/\/roveyayinevi.com.tr\/index.php\/wp-json\/wp\/v2\/product"}],"about":[{"href":"https:\/\/roveyayinevi.com.tr\/index.php\/wp-json\/wp\/v2\/types\/product"}],"wp:attachment":[{"href":"https:\/\/roveyayinevi.com.tr\/index.php\/wp-json\/wp\/v2\/media?parent=754833"}],"wp:term":[{"taxonomy":"product_brand","embeddable":true,"href":"https:\/\/roveyayinevi.com.tr\/index.php\/wp-json\/wp\/v2\/product_brand?post=754833"},{"taxonomy":"product_cat","embeddable":true,"href":"https:\/\/roveyayinevi.com.tr\/index.php\/wp-json\/wp\/v2\/product_cat?post=754833"},{"taxonomy":"product_tag","embeddable":true,"href":"https:\/\/roveyayinevi.com.tr\/index.php\/wp-json\/wp\/v2\/product_tag?post=754833"}],"curies":[{"name":"wp","href":"https:\/\/api.w.org\/{rel}","templated":true}]}}