{"id":754832,"date":"2025-08-28T06:22:54","date_gmt":"2025-08-28T03:22:54","guid":{"rendered":"https:\/\/roveyayinevi.com.tr\/index.php\/urun\/tekrar-kullanilabilen-benim-sticker-kitabim\/"},"modified":"2026-04-16T03:08:14","modified_gmt":"2026-04-16T00:08:14","slug":"tekrar-kullanilabilen-benim-sticker-kitabim","status":"publish","type":"product","link":"https:\/\/roveyayinevi.com.tr\/index.php\/urun\/tekrar-kullanilabilen-benim-sticker-kitabim\/","title":{"rendered":"Tekrar Kullan\u0131labilen Benim Sticker Kitab\u0131m"},"content":{"rendered":"<p>Tekrar Kulan\u0131abilen Sticker kitab\u0131m , \u00e7ocuklar\u0131n hem e\u011flenmesine hem de e\u011flenirken \u00f6\u011frenmesini ama\u00e7layan 8 sahneden olu\u015fmaktad\u0131r. Usebul Sticker (Tekrar kullan\u0131labilen Sticker ) \u00f6zelli\u011fi sayesinde defalarca kullan\u0131labilmektedir. \u0130\u00e7eri\u011finde 100 den fazla sticker bulunmaktad\u0131r.<\/p>\n","protected":false},"excerpt":{"rendered":"<p>Tekrar Kulan\u0131abilen Sticker kitab\u0131m , \u00e7ocuklar\u0131n hem e\u011flenmesine hem de e\u011flenirken \u00f6\u011frenmesini ama\u00e7layan 8 sahneden olu\u015fmaktad\u0131r. Usebul Sticker (Tekrar kullan\u0131labilen Sticker ) \u00f6zelli\u011fi sayesinde defalarca kullan\u0131labilmektedir.<span class=\"excerpt-hellip\"> [\u2026]<\/span><\/p>\n","protected":false},"featured_media":0,"template":"","meta":{"_monsterinsights_skip_tracking":false,"_monsterinsights_sitenote_active":false,"_monsterinsights_sitenote_note":"","_monsterinsights_sitenote_category":0},"product_brand":[],"product_cat":[12274,15842],"product_tag":[],"class_list":{"0":"post-754832","1":"product","2":"type-product","3":"status-publish","5":"product_cat-cocuk-ve-genclik-kitaplari","6":"product_cat-egitici-kitaplar","7":"pa_cilt-ciltsiz","8":"pa_tur-kitap","9":"pa_yayinevi-yeti-kitap","10":"pa_yazar-yeti-kolektif","12":"first","13":"instock","14":"sale","15":"shipping-taxable","16":"purchasable","17":"product-type-simple"},"_links":{"self":[{"href":"https:\/\/roveyayinevi.com.tr\/index.php\/wp-json\/wp\/v2\/product\/754832","targetHints":{"allow":["GET"]}}],"collection":[{"href":"https:\/\/roveyayinevi.com.tr\/index.php\/wp-json\/wp\/v2\/product"}],"about":[{"href":"https:\/\/roveyayinevi.com.tr\/index.php\/wp-json\/wp\/v2\/types\/product"}],"wp:attachment":[{"href":"https:\/\/roveyayinevi.com.tr\/index.php\/wp-json\/wp\/v2\/media?parent=754832"}],"wp:term":[{"taxonomy":"product_brand","embeddable":true,"href":"https:\/\/roveyayinevi.com.tr\/index.php\/wp-json\/wp\/v2\/product_brand?post=754832"},{"taxonomy":"product_cat","embeddable":true,"href":"https:\/\/roveyayinevi.com.tr\/index.php\/wp-json\/wp\/v2\/product_cat?post=754832"},{"taxonomy":"product_tag","embeddable":true,"href":"https:\/\/roveyayinevi.com.tr\/index.php\/wp-json\/wp\/v2\/product_tag?post=754832"}],"curies":[{"name":"wp","href":"https:\/\/api.w.org\/{rel}","templated":true}]}}