{"id":754831,"date":"2025-08-28T06:22:52","date_gmt":"2025-08-28T03:22:52","guid":{"rendered":"https:\/\/roveyayinevi.com.tr\/index.php\/urun\/bebek-gelisim-seti\/"},"modified":"2026-04-16T03:08:14","modified_gmt":"2026-04-16T00:08:14","slug":"bebek-gelisim-seti","status":"publish","type":"product","link":"https:\/\/roveyayinevi.com.tr\/index.php\/urun\/bebek-gelisim-seti\/","title":{"rendered":"Bebek Geli\u015fim Seti"},"content":{"rendered":"<p>Mini kitaplar serisi kitaplar\u0131m\u0131z bebeklerin ilk kitab\u0131 tan\u0131mas\u0131 , onlarla oyun oynamas\u0131 ,dikkatleriinin geli\u015fmesi i\u00e7in tasarlanm\u0131\u015ft\u0131r. Kitaplar\u0131m\u0131z\u0131 aile ile beraber etkile\u015fim g\u00f6sterirken, seyahat ederken, e\u011flenceli vakit ge\u00e7irmeleri i\u00e7in haz\u0131rlanm\u0131\u015ft\u0131r. Kitaplar\u0131m\u0131z \u00e7ocuk geli\u015fimi uzman\u0131 Melek koca adam taraf\u0131ndan onaylanm\u0131\u015ft\u0131r. Bebek Gelii\u015fim Seti \u0130\u00e7eri\u011fi: \u2022 &amp; 6 Kitap  \u2022 o Renkler  \u2022 Hayvanlar  \u2022  Siyah Beyaz  \u2022 Z\u0131t Kavramlar  \u2022 Ta\u015f\u0131tlar  \u2022 V\u00fccudumuz<\/p>\n","protected":false},"excerpt":{"rendered":"<p>Mini kitaplar serisi kitaplar\u0131m\u0131z bebeklerin ilk kitab\u0131 tan\u0131mas\u0131 , onlarla oyun oynamas\u0131 ,dikkatleriinin geli\u015fmesi i\u00e7in tasarlanm\u0131\u015ft\u0131r. Kitaplar\u0131m\u0131z\u0131 aile ile beraber etkile\u015fim g\u00f6sterirken, seyahat ederken, e\u011flenceli vakit<span class=\"excerpt-hellip\"> [\u2026]<\/span><\/p>\n","protected":false},"featured_media":0,"template":"","meta":{"_monsterinsights_skip_tracking":false,"_monsterinsights_sitenote_active":false,"_monsterinsights_sitenote_note":"","_monsterinsights_sitenote_category":0},"product_brand":[],"product_cat":[12274,24599],"product_tag":[],"class_list":{"0":"post-754831","1":"product","2":"type-product","3":"status-publish","5":"product_cat-cocuk-ve-genclik-kitaplari","6":"product_cat-zeka-gelisimi","7":"pa_cilt-ciltsiz","8":"pa_tur-kitap","9":"pa_yayinevi-yeti-kitap","10":"pa_yazar-yeti-kolektif","12":"first","13":"instock","14":"sale","15":"shipping-taxable","16":"purchasable","17":"product-type-simple"},"_links":{"self":[{"href":"https:\/\/roveyayinevi.com.tr\/index.php\/wp-json\/wp\/v2\/product\/754831","targetHints":{"allow":["GET"]}}],"collection":[{"href":"https:\/\/roveyayinevi.com.tr\/index.php\/wp-json\/wp\/v2\/product"}],"about":[{"href":"https:\/\/roveyayinevi.com.tr\/index.php\/wp-json\/wp\/v2\/types\/product"}],"wp:attachment":[{"href":"https:\/\/roveyayinevi.com.tr\/index.php\/wp-json\/wp\/v2\/media?parent=754831"}],"wp:term":[{"taxonomy":"product_brand","embeddable":true,"href":"https:\/\/roveyayinevi.com.tr\/index.php\/wp-json\/wp\/v2\/product_brand?post=754831"},{"taxonomy":"product_cat","embeddable":true,"href":"https:\/\/roveyayinevi.com.tr\/index.php\/wp-json\/wp\/v2\/product_cat?post=754831"},{"taxonomy":"product_tag","embeddable":true,"href":"https:\/\/roveyayinevi.com.tr\/index.php\/wp-json\/wp\/v2\/product_tag?post=754831"}],"curies":[{"name":"wp","href":"https:\/\/api.w.org\/{rel}","templated":true}]}}