{"id":754827,"date":"2025-08-28T06:21:49","date_gmt":"2025-08-28T03:21:49","guid":{"rendered":"https:\/\/roveyayinevi.com.tr\/index.php\/urun\/mini-kitaplar-serisi-siyah-beyaz\/"},"modified":"2026-04-16T03:08:14","modified_gmt":"2026-04-16T00:08:14","slug":"mini-kitaplar-serisi-siyah-beyaz","status":"publish","type":"product","link":"https:\/\/roveyayinevi.com.tr\/index.php\/urun\/mini-kitaplar-serisi-siyah-beyaz\/","title":{"rendered":"Mini Kitaplar Serisi Siyah-Beyaz"},"content":{"rendered":"<p>Mini kitaplar serisi; bebeklerin ilk kez kitapla tan\u0131\u015fmas\u0131, onlarla oyun oynamas\u0131, dikkatlerinin geli\u015fmesi i\u00e7in tasarlanm\u0131\u015ft\u0131r. Bebekler, ilk aylarda her \u015feyi siyah beyaz g\u00f6r\u00fcrler. Zaman ge\u00e7tik\u00e7e renkler netle\u015fmeye ve ger\u00e7ek tonlar\u0131nda g\u00f6r\u00fclmeye ba\u015flar. Kitaplar\u0131m\u0131z, \u00e7ocuk geli\u015fimi uzman\u0131 Melek Kocaadam taraf\u0131ndan onaylanm\u0131\u015ft\u0131r.<\/p>\n","protected":false},"excerpt":{"rendered":"<p>Mini kitaplar serisi; bebeklerin ilk kez kitapla tan\u0131\u015fmas\u0131, onlarla oyun oynamas\u0131, dikkatlerinin geli\u015fmesi i\u00e7in tasarlanm\u0131\u015ft\u0131r. Bebekler, ilk aylarda her \u015feyi siyah beyaz g\u00f6r\u00fcrler. Zaman ge\u00e7tik\u00e7e renkler<span class=\"excerpt-hellip\"> [\u2026]<\/span><\/p>\n","protected":false},"featured_media":0,"template":"","meta":{"_monsterinsights_skip_tracking":false,"_monsterinsights_sitenote_active":false,"_monsterinsights_sitenote_note":"","_monsterinsights_sitenote_category":0},"product_brand":[],"product_cat":[12274,24599],"product_tag":[],"class_list":{"0":"post-754827","1":"product","2":"type-product","3":"status-publish","5":"product_cat-cocuk-ve-genclik-kitaplari","6":"product_cat-zeka-gelisimi","7":"pa_cilt-ciltsiz","8":"pa_tur-kitap","9":"pa_yayinevi-yeti-kitap","10":"pa_yazar-feyyaz-ulas","12":"first","13":"instock","14":"sale","15":"shipping-taxable","16":"purchasable","17":"product-type-simple"},"_links":{"self":[{"href":"https:\/\/roveyayinevi.com.tr\/index.php\/wp-json\/wp\/v2\/product\/754827","targetHints":{"allow":["GET"]}}],"collection":[{"href":"https:\/\/roveyayinevi.com.tr\/index.php\/wp-json\/wp\/v2\/product"}],"about":[{"href":"https:\/\/roveyayinevi.com.tr\/index.php\/wp-json\/wp\/v2\/types\/product"}],"wp:attachment":[{"href":"https:\/\/roveyayinevi.com.tr\/index.php\/wp-json\/wp\/v2\/media?parent=754827"}],"wp:term":[{"taxonomy":"product_brand","embeddable":true,"href":"https:\/\/roveyayinevi.com.tr\/index.php\/wp-json\/wp\/v2\/product_brand?post=754827"},{"taxonomy":"product_cat","embeddable":true,"href":"https:\/\/roveyayinevi.com.tr\/index.php\/wp-json\/wp\/v2\/product_cat?post=754827"},{"taxonomy":"product_tag","embeddable":true,"href":"https:\/\/roveyayinevi.com.tr\/index.php\/wp-json\/wp\/v2\/product_tag?post=754827"}],"curies":[{"name":"wp","href":"https:\/\/api.w.org\/{rel}","templated":true}]}}