{"id":754812,"date":"2025-08-28T06:21:28","date_gmt":"2025-08-28T03:21:28","guid":{"rendered":"https:\/\/roveyayinevi.com.tr\/index.php\/urun\/cirt-cirtli-aktivite-kitabim-2-4-yas\/"},"modified":"2026-04-16T03:08:14","modified_gmt":"2026-04-16T00:08:14","slug":"cirt-cirtli-aktivite-kitabim-2-4-yas","status":"publish","type":"product","link":"https:\/\/roveyayinevi.com.tr\/index.php\/urun\/cirt-cirtli-aktivite-kitabim-2-4-yas\/","title":{"rendered":"C\u0131rt C\u0131rtl\u0131 Aktivite Kitab\u0131m : 2-4 Ya\u015f"},"content":{"rendered":"<p>C\u0131rt C\u0131rtl\u0131 aktivite kitaplar\u0131m\u0131z, \u00e7ocuklar\u0131n ince motor becerilerinin ve d\u00fc\u015f\u00fcnme yetilerinin geli\u015fmesinde yard\u0131mc\u0131 olacak \u015fekilde tasarlanm\u0131\u015ft\u0131r. Kitapta bulunan aktiviteler aras\u0131nda, ezberleme teknigini destekleyici materyaller mevcuttur. El ve g\u00f6z koordinasyonunu sa\u011flama ve matematiksel yetilerini geli\u015ftirerek, \u00e7ocuklar\u0131n \u00f6zg\u00fcven kazan\u0131mlar\u0131nda yard\u0131mc\u0131 olacakt\u0131r. Kitaplar\u0131m\u0131z \u00e7ocuk geli\u015fim uzman\u0131 \u2018Melek Kocaadam\u2019 taraf\u0131ndan onaylanm\u0131\u015ft\u0131r<\/p>\n","protected":false},"excerpt":{"rendered":"<p>C\u0131rt C\u0131rtl\u0131 aktivite kitaplar\u0131m\u0131z, \u00e7ocuklar\u0131n ince motor becerilerinin ve d\u00fc\u015f\u00fcnme yetilerinin geli\u015fmesinde yard\u0131mc\u0131 olacak \u015fekilde tasarlanm\u0131\u015ft\u0131r. Kitapta bulunan aktiviteler aras\u0131nda, ezberleme teknigini destekleyici materyaller mevcuttur. El<span class=\"excerpt-hellip\"> [\u2026]<\/span><\/p>\n","protected":false},"featured_media":0,"template":"","meta":{"_monsterinsights_skip_tracking":false,"_monsterinsights_sitenote_active":false,"_monsterinsights_sitenote_note":"","_monsterinsights_sitenote_category":0},"product_brand":[],"product_cat":[12274,15842],"product_tag":[],"class_list":{"0":"post-754812","1":"product","2":"type-product","3":"status-publish","5":"product_cat-cocuk-ve-genclik-kitaplari","6":"product_cat-egitici-kitaplar","7":"pa_cilt-ciltsiz","8":"pa_tur-kitap","9":"pa_yayinevi-yeti-kitap","10":"pa_yazar-feyyaz-ulas","12":"first","13":"instock","14":"sale","15":"shipping-taxable","16":"purchasable","17":"product-type-simple"},"_links":{"self":[{"href":"https:\/\/roveyayinevi.com.tr\/index.php\/wp-json\/wp\/v2\/product\/754812","targetHints":{"allow":["GET"]}}],"collection":[{"href":"https:\/\/roveyayinevi.com.tr\/index.php\/wp-json\/wp\/v2\/product"}],"about":[{"href":"https:\/\/roveyayinevi.com.tr\/index.php\/wp-json\/wp\/v2\/types\/product"}],"wp:attachment":[{"href":"https:\/\/roveyayinevi.com.tr\/index.php\/wp-json\/wp\/v2\/media?parent=754812"}],"wp:term":[{"taxonomy":"product_brand","embeddable":true,"href":"https:\/\/roveyayinevi.com.tr\/index.php\/wp-json\/wp\/v2\/product_brand?post=754812"},{"taxonomy":"product_cat","embeddable":true,"href":"https:\/\/roveyayinevi.com.tr\/index.php\/wp-json\/wp\/v2\/product_cat?post=754812"},{"taxonomy":"product_tag","embeddable":true,"href":"https:\/\/roveyayinevi.com.tr\/index.php\/wp-json\/wp\/v2\/product_tag?post=754812"}],"curies":[{"name":"wp","href":"https:\/\/api.w.org\/{rel}","templated":true}]}}