{"id":754809,"date":"2025-08-28T06:21:23","date_gmt":"2025-08-28T03:21:23","guid":{"rendered":"https:\/\/roveyayinevi.com.tr\/index.php\/urun\/cok-gezentiler-guney-afrika-ciltli\/"},"modified":"2026-04-16T03:08:14","modified_gmt":"2026-04-16T00:08:14","slug":"cok-gezentiler-guney-afrika-ciltli","status":"publish","type":"product","link":"https:\/\/roveyayinevi.com.tr\/index.php\/urun\/cok-gezentiler-guney-afrika-ciltli\/","title":{"rendered":"\u00c7ok Gezentiler G\u00fcney Afrika (Ciltli)"},"content":{"rendered":"<p>Seda ve Burak, babaanneleri Nadire Sultan&#8217;dan kalan haritan\u0131n eksik par\u00e7as\u0131n\u0131 bulmak i\u00e7in Afrika k\u0131tas\u0131n\u0131n en g\u00fcneyine, G\u00fcney Afrika Cumhuriyeti&#8217;ne giderler. Haritan\u0131n eksik par\u00e7as\u0131n\u0131 ararken ba\u015flar\u0131na gelen olaylar, sizi \u00e7ok g\u00fcld\u00fcrecek. &#8220;Arigato! Arigatooo!&#8221; Kald\u0131klar\u0131 otelde tan\u0131\u015ft\u0131klar\u0131 Japon turist acaba ger\u00e7ekten dost mudur? &#8220;&#8230;\u0131s\u0131r\u0131yor bu Seda. Kaba etimi \u0131s\u0131rd\u0131, Aaaahhhhh!&#8221; Sizce Burak, aslanlar\u0131n yan\u0131ndan kurtulabildi mi? \u00c7ok Gezentilerin ba\u015f\u0131na neler geldi\u011fini ve G\u00fcney Afrika Cumhuriyeti&#8217;ni merak ediyorsan, hemen macera dolu bu kitab\u0131n sayfalar\u0131n\u0131 a\u00e7maya ba\u015fla!<\/p>\n","protected":false},"excerpt":{"rendered":"<p>Seda ve Burak, babaanneleri Nadire Sultan&#8217;dan kalan haritan\u0131n eksik par\u00e7as\u0131n\u0131 bulmak i\u00e7in Afrika k\u0131tas\u0131n\u0131n en g\u00fcneyine, G\u00fcney Afrika Cumhuriyeti&#8217;ne giderler. Haritan\u0131n eksik par\u00e7as\u0131n\u0131 ararken ba\u015flar\u0131na gelen<span class=\"excerpt-hellip\"> [\u2026]<\/span><\/p>\n","protected":false},"featured_media":0,"template":"","meta":{"_monsterinsights_skip_tracking":false,"_monsterinsights_sitenote_active":false,"_monsterinsights_sitenote_note":"","_monsterinsights_sitenote_category":0},"product_brand":[],"product_cat":[12274,12284],"product_tag":[],"class_list":{"0":"post-754809","1":"product","2":"type-product","3":"status-publish","5":"product_cat-cocuk-ve-genclik-kitaplari","6":"product_cat-hikayeler","7":"pa_cilt-ciltli","8":"pa_tur-kitap","9":"pa_yayinevi-yeti-kitap","10":"pa_yazar-burak-akkul","11":"pa_yazar-seda-akkul","13":"first","14":"instock","15":"sale","16":"shipping-taxable","17":"purchasable","18":"product-type-simple"},"_links":{"self":[{"href":"https:\/\/roveyayinevi.com.tr\/index.php\/wp-json\/wp\/v2\/product\/754809","targetHints":{"allow":["GET"]}}],"collection":[{"href":"https:\/\/roveyayinevi.com.tr\/index.php\/wp-json\/wp\/v2\/product"}],"about":[{"href":"https:\/\/roveyayinevi.com.tr\/index.php\/wp-json\/wp\/v2\/types\/product"}],"wp:attachment":[{"href":"https:\/\/roveyayinevi.com.tr\/index.php\/wp-json\/wp\/v2\/media?parent=754809"}],"wp:term":[{"taxonomy":"product_brand","embeddable":true,"href":"https:\/\/roveyayinevi.com.tr\/index.php\/wp-json\/wp\/v2\/product_brand?post=754809"},{"taxonomy":"product_cat","embeddable":true,"href":"https:\/\/roveyayinevi.com.tr\/index.php\/wp-json\/wp\/v2\/product_cat?post=754809"},{"taxonomy":"product_tag","embeddable":true,"href":"https:\/\/roveyayinevi.com.tr\/index.php\/wp-json\/wp\/v2\/product_tag?post=754809"}],"curies":[{"name":"wp","href":"https:\/\/api.w.org\/{rel}","templated":true}]}}