{"id":754808,"date":"2025-08-28T06:21:21","date_gmt":"2025-08-28T03:21:21","guid":{"rendered":"https:\/\/roveyayinevi.com.tr\/index.php\/urun\/eglenceli-maskeler-prenses-miyim-yoksa-cadimi\/"},"modified":"2026-04-16T03:08:14","modified_gmt":"2026-04-16T00:08:14","slug":"eglenceli-maskeler-prenses-miyim-yoksa-cadimi","status":"publish","type":"product","link":"https:\/\/roveyayinevi.com.tr\/index.php\/urun\/eglenceli-maskeler-prenses-miyim-yoksa-cadimi\/","title":{"rendered":"E\u011flenceli maskeler prenses miyim yoksa cad\u0131m\u0131 ?"},"content":{"rendered":"<p>E\u011flenceli maskeler kitaplar\u0131m\u0131z \u00e7ocuklar\u0131n bedensel zekalar\u0131n\u0131 g\u00fc\u00e7lenmesinde ve renkleri \u00f6\u011frenmelerinde kolayl\u0131k sa\u011flayacak \u015fekilde haz\u0131rlanm\u0131\u015ft\u0131r. Kitaplar\u0131m\u0131z \u00e7ocuk geli\u015fimi uzman\u0131 Melek Kocaadam taraf\u0131ndan onaylanm\u0131\u015ft\u0131r.<\/p>\n","protected":false},"excerpt":{"rendered":"<p>E\u011flenceli maskeler kitaplar\u0131m\u0131z \u00e7ocuklar\u0131n bedensel zekalar\u0131n\u0131 g\u00fc\u00e7lenmesinde ve renkleri \u00f6\u011frenmelerinde kolayl\u0131k sa\u011flayacak \u015fekilde haz\u0131rlanm\u0131\u015ft\u0131r. Kitaplar\u0131m\u0131z \u00e7ocuk geli\u015fimi uzman\u0131 Melek Kocaadam taraf\u0131ndan onaylanm\u0131\u015ft\u0131r.<\/p>\n","protected":false},"featured_media":0,"template":"","meta":{"_monsterinsights_skip_tracking":false,"_monsterinsights_sitenote_active":false,"_monsterinsights_sitenote_note":"","_monsterinsights_sitenote_category":0},"product_brand":[],"product_cat":[12274,15842],"product_tag":[],"class_list":{"0":"post-754808","1":"product","2":"type-product","3":"status-publish","5":"product_cat-cocuk-ve-genclik-kitaplari","6":"product_cat-egitici-kitaplar","7":"pa_cilt-ciltsiz","8":"pa_tur-kitap","9":"pa_yayinevi-yeti-kitap","10":"pa_yazar-feyyaz-ulas","12":"first","13":"instock","14":"sale","15":"shipping-taxable","16":"purchasable","17":"product-type-simple"},"_links":{"self":[{"href":"https:\/\/roveyayinevi.com.tr\/index.php\/wp-json\/wp\/v2\/product\/754808","targetHints":{"allow":["GET"]}}],"collection":[{"href":"https:\/\/roveyayinevi.com.tr\/index.php\/wp-json\/wp\/v2\/product"}],"about":[{"href":"https:\/\/roveyayinevi.com.tr\/index.php\/wp-json\/wp\/v2\/types\/product"}],"wp:attachment":[{"href":"https:\/\/roveyayinevi.com.tr\/index.php\/wp-json\/wp\/v2\/media?parent=754808"}],"wp:term":[{"taxonomy":"product_brand","embeddable":true,"href":"https:\/\/roveyayinevi.com.tr\/index.php\/wp-json\/wp\/v2\/product_brand?post=754808"},{"taxonomy":"product_cat","embeddable":true,"href":"https:\/\/roveyayinevi.com.tr\/index.php\/wp-json\/wp\/v2\/product_cat?post=754808"},{"taxonomy":"product_tag","embeddable":true,"href":"https:\/\/roveyayinevi.com.tr\/index.php\/wp-json\/wp\/v2\/product_tag?post=754808"}],"curies":[{"name":"wp","href":"https:\/\/api.w.org\/{rel}","templated":true}]}}