{"id":754806,"date":"2025-08-28T06:21:18","date_gmt":"2025-08-28T03:21:18","guid":{"rendered":"https:\/\/roveyayinevi.com.tr\/index.php\/urun\/bul-bil-serisi-gizli-objeler\/"},"modified":"2026-04-16T03:08:14","modified_gmt":"2026-04-16T00:08:14","slug":"bul-bil-serisi-gizli-objeler","status":"publish","type":"product","link":"https:\/\/roveyayinevi.com.tr\/index.php\/urun\/bul-bil-serisi-gizli-objeler\/","title":{"rendered":"Bul Bil Serisi Gizli Objeler"},"content":{"rendered":"<p>Bul Bil serisi Gizli Objeler kitab\u0131m\u0131z , 5 ya\u015f\u00fczeri z ku\u015fa\u011f\u0131 \u00e7ocuklar\u0131n yetilerini, motor becerilerini geli\u015ftirmesinde yard\u0131mc\u0131 olacak \u015fekilde tasarlanm\u0131\u015ft\u0131r. G\u00f6rsel alg\u0131lar\u0131n\u0131n geli\u015fmesine, dikkat etme becerilerinin artmas\u0131na, konsantrasyon ve haf\u0131zalar\u0131n\u0131n geli\u015fimine katk\u0131 sa\u011flayan kitab\u0131m\u0131z \u00e7ocuklar\u0131n matematiksel yetisini g\u00fc\u00e7lenmesinde faydal\u0131 olacakt\u0131r. Kitaplar\u0131m\u0131z \u00c7ocuk geli\u015fim uzman\u0131 Melek Kocaadam Taraf\u0131ndan onaylanm\u0131\u015ft\u0131r.<\/p>\n","protected":false},"excerpt":{"rendered":"<p>Bul Bil serisi Gizli Objeler kitab\u0131m\u0131z , 5 ya\u015f\u00fczeri z ku\u015fa\u011f\u0131 \u00e7ocuklar\u0131n yetilerini, motor becerilerini geli\u015ftirmesinde yard\u0131mc\u0131 olacak \u015fekilde tasarlanm\u0131\u015ft\u0131r. G\u00f6rsel alg\u0131lar\u0131n\u0131n geli\u015fmesine, dikkat etme becerilerinin<span class=\"excerpt-hellip\"> [\u2026]<\/span><\/p>\n","protected":false},"featured_media":0,"template":"","meta":{"_monsterinsights_skip_tracking":false,"_monsterinsights_sitenote_active":false,"_monsterinsights_sitenote_note":"","_monsterinsights_sitenote_category":0},"product_brand":[],"product_cat":[12274,24599],"product_tag":[],"class_list":{"0":"post-754806","1":"product","2":"type-product","3":"status-publish","5":"product_cat-cocuk-ve-genclik-kitaplari","6":"product_cat-zeka-gelisimi","7":"pa_cilt-ciltsiz","8":"pa_tur-kitap","9":"pa_yayinevi-yeti-kitap","10":"pa_yazar-feyyaz-ulas","12":"first","13":"instock","14":"sale","15":"shipping-taxable","16":"purchasable","17":"product-type-simple"},"_links":{"self":[{"href":"https:\/\/roveyayinevi.com.tr\/index.php\/wp-json\/wp\/v2\/product\/754806","targetHints":{"allow":["GET"]}}],"collection":[{"href":"https:\/\/roveyayinevi.com.tr\/index.php\/wp-json\/wp\/v2\/product"}],"about":[{"href":"https:\/\/roveyayinevi.com.tr\/index.php\/wp-json\/wp\/v2\/types\/product"}],"wp:attachment":[{"href":"https:\/\/roveyayinevi.com.tr\/index.php\/wp-json\/wp\/v2\/media?parent=754806"}],"wp:term":[{"taxonomy":"product_brand","embeddable":true,"href":"https:\/\/roveyayinevi.com.tr\/index.php\/wp-json\/wp\/v2\/product_brand?post=754806"},{"taxonomy":"product_cat","embeddable":true,"href":"https:\/\/roveyayinevi.com.tr\/index.php\/wp-json\/wp\/v2\/product_cat?post=754806"},{"taxonomy":"product_tag","embeddable":true,"href":"https:\/\/roveyayinevi.com.tr\/index.php\/wp-json\/wp\/v2\/product_tag?post=754806"}],"curies":[{"name":"wp","href":"https:\/\/api.w.org\/{rel}","templated":true}]}}