{"id":754799,"date":"2025-08-28T06:21:07","date_gmt":"2025-08-28T03:21:07","guid":{"rendered":"https:\/\/roveyayinevi.com.tr\/index.php\/urun\/ahbap-kaplumbaga\/"},"modified":"2026-04-16T03:08:13","modified_gmt":"2026-04-16T00:08:13","slug":"ahbap-kaplumbaga","status":"publish","type":"product","link":"https:\/\/roveyayinevi.com.tr\/index.php\/urun\/ahbap-kaplumbaga\/","title":{"rendered":"Ahbap Kaplumba\u011fa"},"content":{"rendered":"<p>Bu kabu\u011fun i\u00e7inde bir k\u00e2\u015fif var! Ve her k\u00e2\u015fifin akl\u0131nda vard\u0131r bir soru\u2026 Herkesin bildi\u011fi fakat hen\u00fcz \u00e7ok az ki\u015finin gitti\u011fi bir ormanda \u201cAhbap Kaplumba\u011fa\u201d ad\u0131nda bir kaplumba\u011fa ya\u015far. Ahbap Kaplumba\u011fa\u2019n\u0131n akl\u0131na bir g\u00fcn bir soru tak\u0131l\u0131r. Ve akl\u0131na tak\u0131lan bu sorunun cevab\u0131n\u0131 bulmak i\u00e7in o g\u00fcn ormanda maceral\u0131 bir yolculu\u011fa \u00e7\u0131kar. Bakal\u0131m, Ahbap Kaplumba\u011fa, akl\u0131na tak\u0131lan bu sorunun cevab\u0131n\u0131 bulabilecek mi? Do\u011fa sevgisini, dostlu\u011fu, yard\u0131mseverli\u011fi ve cesareti mizahi bir dille anlatan \u00f6yk\u00fcm\u00fcz, bilginin ve \u00f6\u011frenmenin pe\u015fine d\u00fc\u015fmenin kutsall\u0131\u011f\u0131n\u0131 a\u015f\u0131lamaya \u00e7al\u0131\u015fmaktad\u0131r.<\/p>\n","protected":false},"excerpt":{"rendered":"<p>Bu kabu\u011fun i\u00e7inde bir k\u00e2\u015fif var! Ve her k\u00e2\u015fifin akl\u0131nda vard\u0131r bir soru\u2026 Herkesin bildi\u011fi fakat hen\u00fcz \u00e7ok az ki\u015finin gitti\u011fi bir ormanda \u201cAhbap Kaplumba\u011fa\u201d ad\u0131nda<span class=\"excerpt-hellip\"> [\u2026]<\/span><\/p>\n","protected":false},"featured_media":0,"template":"","meta":{"_monsterinsights_skip_tracking":false,"_monsterinsights_sitenote_active":false,"_monsterinsights_sitenote_note":"","_monsterinsights_sitenote_category":0},"product_brand":[],"product_cat":[12274,12284],"product_tag":[],"class_list":{"0":"post-754799","1":"product","2":"type-product","3":"status-publish","5":"product_cat-cocuk-ve-genclik-kitaplari","6":"product_cat-hikayeler","7":"pa_cilt-ciltsiz","8":"pa_tur-kitap","9":"pa_yayinevi-yeti-kitap","10":"pa_yazar-mesut-ensarioglu","12":"first","13":"instock","14":"sale","15":"shipping-taxable","16":"purchasable","17":"product-type-simple"},"_links":{"self":[{"href":"https:\/\/roveyayinevi.com.tr\/index.php\/wp-json\/wp\/v2\/product\/754799","targetHints":{"allow":["GET"]}}],"collection":[{"href":"https:\/\/roveyayinevi.com.tr\/index.php\/wp-json\/wp\/v2\/product"}],"about":[{"href":"https:\/\/roveyayinevi.com.tr\/index.php\/wp-json\/wp\/v2\/types\/product"}],"wp:attachment":[{"href":"https:\/\/roveyayinevi.com.tr\/index.php\/wp-json\/wp\/v2\/media?parent=754799"}],"wp:term":[{"taxonomy":"product_brand","embeddable":true,"href":"https:\/\/roveyayinevi.com.tr\/index.php\/wp-json\/wp\/v2\/product_brand?post=754799"},{"taxonomy":"product_cat","embeddable":true,"href":"https:\/\/roveyayinevi.com.tr\/index.php\/wp-json\/wp\/v2\/product_cat?post=754799"},{"taxonomy":"product_tag","embeddable":true,"href":"https:\/\/roveyayinevi.com.tr\/index.php\/wp-json\/wp\/v2\/product_tag?post=754799"}],"curies":[{"name":"wp","href":"https:\/\/api.w.org\/{rel}","templated":true}]}}