{"id":754794,"date":"2025-08-28T06:21:00","date_gmt":"2025-08-28T03:21:00","guid":{"rendered":"https:\/\/roveyayinevi.com.tr\/index.php\/urun\/atasozu-kartlari-oyna-ogren\/"},"modified":"2026-04-16T03:08:13","modified_gmt":"2026-04-16T00:08:13","slug":"atasozu-kartlari-oyna-ogren","status":"publish","type":"product","link":"https:\/\/roveyayinevi.com.tr\/index.php\/urun\/atasozu-kartlari-oyna-ogren\/","title":{"rendered":"Atas\u00f6z\u00fc Kartlar\u0131 (Oyna-\u00d6\u011fren)"},"content":{"rendered":"<p>NASIL OYNANIR? ANLAT BAKALIM OYUNU &#8211; Tak\u0131mlar\u0131 olu\u015fturun. (Her birisi en az iki ki\u015fiden olu\u015fan 2, 3 ya da 4 tak\u0131m olabilir.) &#8211; Her kart\u0131n hangi atas\u00f6z\u00fcne ait oldu\u011funu bulmak i\u00e7in 2 dakikal\u0131k zaman\u0131n\u0131z vard\u0131r. &#8211; Kar\u015f\u0131 tak\u0131m s\u00fcreyi ba\u015flatt\u0131\u011f\u0131nda siz de kartlardan birini \u00e7ekin. &#8211; Kart\u0131n arkas\u0131ndaki g\u00f6rseli tak\u0131m\u0131n\u0131za g\u00f6sterin. Tak\u0131m\u0131n\u0131z bilirse 1 puan kazan\u0131rs\u0131n\u0131z ve yeni bir kart \u00e7ekerek oyuna devam edersiniz. E\u011fer tak\u0131m\u0131n\u0131z g\u00f6sterdi\u011finiz g\u00f6rselin hangi atas\u00f6z\u00fcne ait oldu\u011funu belirlenen s\u00fcre i\u00e7erisinde bulamazlarsa s\u0131ra di\u011fer tak\u0131ma ge\u00e7er. &#8211; Tak\u0131m arkada\u015flar\u0131n\u0131za atas\u00f6z\u00fcn\u00fcn ne oldu\u011funu anlamalar\u0131 i\u00e7in kartta bulunan yasakl\u0131 kelimeleri kullanmadan ipu\u00e7lar\u0131 vererek onlara yard\u0131mc\u0131 olun. E\u011fer yanl\u0131\u015fl\u0131kla yasakl\u0131 kelimelerden birisini kullan\u0131rsan\u0131z s\u0131ra di\u011fer tak\u0131ma ge\u00e7er. &#8211; Tak\u0131m\u0131n\u0131z sizin verdi\u011finiz ipu\u00e7lar\u0131ndan yararlanarak belirlenen s\u00fcre i\u00e7erisinde istedikleri kadar tahminde bulunabilirler. &#8211; Zor kartta tak\u0131m\u0131n\u0131z pas ge\u00e7me hakk\u0131n\u0131 kullanabilir ve hemen yeni bir kart \u00e7ekebilirsiniz. S\u0131ra sizdeyken sadece 1 kez pas ge\u00e7me hakk\u0131n\u0131z bulunmaktad\u0131r. &#8211; S\u00fcreniz dolana kadar atas\u00f6z\u00fcn\u00fc anlatmaya devam edin. Tak\u0131m\u0131n\u0131z atas\u00f6z\u00fcn\u00fc buldu\u011funda 1 puan kazanm\u0131\u015f olursunuz. S\u0131ra yine sizde olaca\u011f\u0131ndan 2 dakikal\u0131k s\u00fcre yeniden ba\u015flat\u0131l\u0131r. &#8211; Oynanan kartlar\u0131 ba\u015fka bir kenara koyun ve oynamaya devam edin. &#8211; Kartlar bitti\u011finde en \u00e7ok puan alan tak\u0131m oyunu kazan\u0131r. B\u0130L BAKALIM OYUNU &#8211; Tak\u0131mlar\u0131 olu\u015fturun. (Her birisi en az iki ki\u015fiden olu\u015fan 2, 3 ya da 4 tak\u0131m olabilir.) &#8211; Her tak\u0131m\u0131n 5 dakika zaman\u0131 vard\u0131r. Ama\u00e7, verilen s\u00fcre i\u00e7erisinde en \u00e7ok atas\u00f6z\u00fcn\u00fc bulmakt\u0131r. &#8211; Kart\u0131n arkas\u0131ndaki g\u00f6rseli tak\u0131m\u0131n\u0131za g\u00f6sterin. Tak\u0131m\u0131n\u0131z bilirse yeni bir kart \u00e7ekerek oyuna devam edin. &#8211; Zor kartta pas ge\u00e7ebilirsiniz. Pas ge\u00e7ti\u011finizde yeni bir kart \u00e7ekin. Pas ge\u00e7me hakk\u0131n\u0131z s\u0131n\u0131rs\u0131zd\u0131r. &#8211; Oynanan kartlar\u0131 ba\u015fka bir kenara koyun ve oynamaya devam edin. &#8211; S\u00fcre bitti\u011finde en \u00e7ok atas\u00f6z\u00fcn\u00fc bulan tak\u0131m oyunu kazan\u0131r.<\/p>\n","protected":false},"excerpt":{"rendered":"<p>NASIL OYNANIR? ANLAT BAKALIM OYUNU &#8211; Tak\u0131mlar\u0131 olu\u015fturun. (Her birisi en az iki ki\u015fiden olu\u015fan 2, 3 ya da 4 tak\u0131m olabilir.) &#8211; Her kart\u0131n hangi<span class=\"excerpt-hellip\"> [\u2026]<\/span><\/p>\n","protected":false},"featured_media":0,"template":"","meta":{"_monsterinsights_skip_tracking":false,"_monsterinsights_sitenote_active":false,"_monsterinsights_sitenote_note":"","_monsterinsights_sitenote_category":0},"product_brand":[],"product_cat":[12274,17859],"product_tag":[],"class_list":{"0":"post-754794","1":"product","2":"type-product","3":"status-publish","5":"product_cat-cocuk-ve-genclik-kitaplari","6":"product_cat-oyun-kitaplari","7":"pa_cilt-ciltsiz","8":"pa_tur-kitap","9":"pa_yayinevi-yeti-kitap","10":"pa_yazar-feyyaz-ulas","12":"first","13":"instock","14":"sale","15":"shipping-taxable","16":"purchasable","17":"product-type-simple"},"_links":{"self":[{"href":"https:\/\/roveyayinevi.com.tr\/index.php\/wp-json\/wp\/v2\/product\/754794","targetHints":{"allow":["GET"]}}],"collection":[{"href":"https:\/\/roveyayinevi.com.tr\/index.php\/wp-json\/wp\/v2\/product"}],"about":[{"href":"https:\/\/roveyayinevi.com.tr\/index.php\/wp-json\/wp\/v2\/types\/product"}],"wp:attachment":[{"href":"https:\/\/roveyayinevi.com.tr\/index.php\/wp-json\/wp\/v2\/media?parent=754794"}],"wp:term":[{"taxonomy":"product_brand","embeddable":true,"href":"https:\/\/roveyayinevi.com.tr\/index.php\/wp-json\/wp\/v2\/product_brand?post=754794"},{"taxonomy":"product_cat","embeddable":true,"href":"https:\/\/roveyayinevi.com.tr\/index.php\/wp-json\/wp\/v2\/product_cat?post=754794"},{"taxonomy":"product_tag","embeddable":true,"href":"https:\/\/roveyayinevi.com.tr\/index.php\/wp-json\/wp\/v2\/product_tag?post=754794"}],"curies":[{"name":"wp","href":"https:\/\/api.w.org\/{rel}","templated":true}]}}