{"id":754793,"date":"2025-08-28T06:20:58","date_gmt":"2025-08-28T03:20:58","guid":{"rendered":"https:\/\/roveyayinevi.com.tr\/index.php\/urun\/2-3-yas-aktivite-kitabi\/"},"modified":"2026-04-16T03:08:13","modified_gmt":"2026-04-16T00:08:13","slug":"2-3-yas-aktivite-kitabi","status":"publish","type":"product","link":"https:\/\/roveyayinevi.com.tr\/index.php\/urun\/2-3-yas-aktivite-kitabi\/","title":{"rendered":"2-3 Ya\u015f Aktivite Kitab\u0131"},"content":{"rendered":"<p>Kitaplar\u0131m\u0131z; 2-3 ya\u015f aras\u0131ndaki \u00e7ocuklar\u0131n g\u00f6rsel alg\u0131s\u0131n\u0131, el ve g\u00f6z koordinasyonunu, sa\u011f ve sol beyin geli\u015fimini, yorumlama g\u00fcc\u00fcn\u00fc ve matematiksel yetisini g\u00fc\u00e7lendirmek i\u00e7in haz\u0131rlanm\u0131\u015ft\u0131r. Aktiviteleri uygulad\u0131k\u00e7a \u00e7ocuklar\u0131n e\u011flenmesinin yan\u0131 s\u0131ra bili\u015fsel, g\u00f6rsel ve s\u00f6zel yeteneklerindeki geli\u015fmeleri sizler de g\u00f6zlemleyeceksiniz. Kitab\u0131m\u0131zda; say\u0131 sayma, nesneleri e\u015fle\u015ftirme, farkl\u0131l\u0131klar\u0131 ay\u0131rt etme, par\u00e7a ve b\u00fct\u00fcnle ili\u015fki kurma y\u00f6ntemleri kullan\u0131lm\u0131\u015ft\u0131r. Kitab\u0131m\u0131z, \u00e7ocuk geli\u015fim uzman\u0131 Melek Kocaadam taraf\u0131ndan onaylanm\u0131\u015ft\u0131r.<\/p>\n","protected":false},"excerpt":{"rendered":"<p>Kitaplar\u0131m\u0131z; 2-3 ya\u015f aras\u0131ndaki \u00e7ocuklar\u0131n g\u00f6rsel alg\u0131s\u0131n\u0131, el ve g\u00f6z koordinasyonunu, sa\u011f ve sol beyin geli\u015fimini, yorumlama g\u00fcc\u00fcn\u00fc ve matematiksel yetisini g\u00fc\u00e7lendirmek i\u00e7in haz\u0131rlanm\u0131\u015ft\u0131r. Aktiviteleri uygulad\u0131k\u00e7a<span class=\"excerpt-hellip\"> [\u2026]<\/span><\/p>\n","protected":false},"featured_media":0,"template":"","meta":{"_monsterinsights_skip_tracking":false,"_monsterinsights_sitenote_active":false,"_monsterinsights_sitenote_note":"","_monsterinsights_sitenote_category":0},"product_brand":[],"product_cat":[12274,15842],"product_tag":[],"class_list":{"0":"post-754793","1":"product","2":"type-product","3":"status-publish","5":"product_cat-cocuk-ve-genclik-kitaplari","6":"product_cat-egitici-kitaplar","7":"pa_cilt-ciltsiz","8":"pa_tur-kitap","9":"pa_yayinevi-yeti-kitap","10":"pa_yazar-feyyaz-ulas","12":"first","13":"instock","14":"sale","15":"shipping-taxable","16":"purchasable","17":"product-type-simple"},"_links":{"self":[{"href":"https:\/\/roveyayinevi.com.tr\/index.php\/wp-json\/wp\/v2\/product\/754793","targetHints":{"allow":["GET"]}}],"collection":[{"href":"https:\/\/roveyayinevi.com.tr\/index.php\/wp-json\/wp\/v2\/product"}],"about":[{"href":"https:\/\/roveyayinevi.com.tr\/index.php\/wp-json\/wp\/v2\/types\/product"}],"wp:attachment":[{"href":"https:\/\/roveyayinevi.com.tr\/index.php\/wp-json\/wp\/v2\/media?parent=754793"}],"wp:term":[{"taxonomy":"product_brand","embeddable":true,"href":"https:\/\/roveyayinevi.com.tr\/index.php\/wp-json\/wp\/v2\/product_brand?post=754793"},{"taxonomy":"product_cat","embeddable":true,"href":"https:\/\/roveyayinevi.com.tr\/index.php\/wp-json\/wp\/v2\/product_cat?post=754793"},{"taxonomy":"product_tag","embeddable":true,"href":"https:\/\/roveyayinevi.com.tr\/index.php\/wp-json\/wp\/v2\/product_tag?post=754793"}],"curies":[{"name":"wp","href":"https:\/\/api.w.org\/{rel}","templated":true}]}}