{"id":754790,"date":"2025-08-28T06:20:54","date_gmt":"2025-08-28T03:20:54","guid":{"rendered":"https:\/\/roveyayinevi.com.tr\/index.php\/urun\/mobydick\/"},"modified":"2026-04-16T03:08:13","modified_gmt":"2026-04-16T00:08:13","slug":"mobydick","status":"publish","type":"product","link":"https:\/\/roveyayinevi.com.tr\/index.php\/urun\/mobydick\/","title":{"rendered":"Mobydick"},"content":{"rendered":"<p>D\u00fcnya edebiyat\u0131n\u0131n en \u00e7ok okunanlar\u0131 aras\u0131nda ilk s\u0131ralarda yer alan Moby Dick, sizi maceral\u0131 bir deniz yolculu\u011funa davet ediyor. Kaptan Ahab\u0131n bir baca\u011f\u0131n\u0131 koparan Moby Dici yakalamak i\u00e7in \u00e7\u0131kt\u0131\u011f\u0131 uzun deniz yolculu\u011funda Pequod&#8217;da bulunan t\u00fcm tayfalar\u0131 b\u00fcy\u00fck bir tehlike beklemektedir. Amerikal\u0131 yazar Herman Melville&#8217;in ba\u015fyap\u0131t\u0131 Moby Dick, pek \u00e7ok kez sinemaya uyarlanm\u0131\u015f, t\u00fcm d\u00fcnyada pop\u00fclerli\u011fini devam ettiren klasiklerden biri olmay\u0131 ba\u015farm\u0131\u015ft\u0131r.<\/p>\n","protected":false},"excerpt":{"rendered":"<p>D\u00fcnya edebiyat\u0131n\u0131n en \u00e7ok okunanlar\u0131 aras\u0131nda ilk s\u0131ralarda yer alan Moby Dick, sizi maceral\u0131 bir deniz yolculu\u011funa davet ediyor. Kaptan Ahab\u0131n bir baca\u011f\u0131n\u0131 koparan Moby Dici<span class=\"excerpt-hellip\"> [\u2026]<\/span><\/p>\n","protected":false},"featured_media":0,"template":"","meta":{"_monsterinsights_skip_tracking":false,"_monsterinsights_sitenote_active":false,"_monsterinsights_sitenote_note":"","_monsterinsights_sitenote_category":0},"product_brand":[],"product_cat":[12274,12467],"product_tag":[],"class_list":{"0":"post-754790","1":"product","2":"type-product","3":"status-publish","5":"product_cat-cocuk-ve-genclik-kitaplari","6":"product_cat-dunya-klasikleri","7":"pa_cilt-ciltsiz","8":"pa_tur-kitap","9":"pa_yayinevi-yeti-kitap","10":"pa_yazar-herman-melville","12":"first","13":"instock","14":"sale","15":"shipping-taxable","16":"purchasable","17":"product-type-simple"},"_links":{"self":[{"href":"https:\/\/roveyayinevi.com.tr\/index.php\/wp-json\/wp\/v2\/product\/754790","targetHints":{"allow":["GET"]}}],"collection":[{"href":"https:\/\/roveyayinevi.com.tr\/index.php\/wp-json\/wp\/v2\/product"}],"about":[{"href":"https:\/\/roveyayinevi.com.tr\/index.php\/wp-json\/wp\/v2\/types\/product"}],"wp:attachment":[{"href":"https:\/\/roveyayinevi.com.tr\/index.php\/wp-json\/wp\/v2\/media?parent=754790"}],"wp:term":[{"taxonomy":"product_brand","embeddable":true,"href":"https:\/\/roveyayinevi.com.tr\/index.php\/wp-json\/wp\/v2\/product_brand?post=754790"},{"taxonomy":"product_cat","embeddable":true,"href":"https:\/\/roveyayinevi.com.tr\/index.php\/wp-json\/wp\/v2\/product_cat?post=754790"},{"taxonomy":"product_tag","embeddable":true,"href":"https:\/\/roveyayinevi.com.tr\/index.php\/wp-json\/wp\/v2\/product_tag?post=754790"}],"curies":[{"name":"wp","href":"https:\/\/api.w.org\/{rel}","templated":true}]}}