{"id":754788,"date":"2025-08-28T06:20:51","date_gmt":"2025-08-28T03:20:51","guid":{"rendered":"https:\/\/roveyayinevi.com.tr\/index.php\/urun\/insan-ne-ile-yasar-23\/"},"modified":"2026-04-16T03:07:58","modified_gmt":"2026-04-16T00:07:58","slug":"insan-ne-ile-yasar-23","status":"publish","type":"product","link":"https:\/\/roveyayinevi.com.tr\/index.php\/urun\/insan-ne-ile-yasar-23\/","title":{"rendered":"\u0130nsan Ne \u0130le Ya\u015far?"},"content":{"rendered":"<p>Ya\u015fad\u0131\u011f\u0131 hayattan farkl\u0131 bir hayat olabilece\u011fine inanan, bu inan\u00e7 u\u011fruna yerini yurdunu b\u0131rak\u0131p d\u00fcnyay\u0131 ke\u015ffe \u00e7\u0131kan bir bal\u0131\u011f\u0131n maceral\u0131 yolculu\u011fu\u2026 Bu maceral\u0131 yolculu\u011funda kar\u015f\u0131s\u0131na \u00e7\u0131kan bir\u00e7ok engeli cesareti ve kararl\u0131l\u0131\u011f\u0131yla a\u015far. K\u00fc\u00e7\u00fck Kara Bal\u0131k bizlere, inand\u0131\u011f\u0131m\u0131z ger\u00e7ekler u\u011fruna m\u00fccadele etmekten vazge\u00e7memeyi \u00f6\u011fretir.<\/p>\n","protected":false},"excerpt":{"rendered":"<p>Ya\u015fad\u0131\u011f\u0131 hayattan farkl\u0131 bir hayat olabilece\u011fine inanan, bu inan\u00e7 u\u011fruna yerini yurdunu b\u0131rak\u0131p d\u00fcnyay\u0131 ke\u015ffe \u00e7\u0131kan bir bal\u0131\u011f\u0131n maceral\u0131 yolculu\u011fu\u2026 Bu maceral\u0131 yolculu\u011funda kar\u015f\u0131s\u0131na \u00e7\u0131kan bir\u00e7ok<span class=\"excerpt-hellip\"> [\u2026]<\/span><\/p>\n","protected":false},"featured_media":0,"template":"","meta":{"_monsterinsights_skip_tracking":false,"_monsterinsights_sitenote_active":false,"_monsterinsights_sitenote_note":"","_monsterinsights_sitenote_category":0},"product_brand":[],"product_cat":[12274,12467],"product_tag":[],"class_list":{"0":"post-754788","1":"product","2":"type-product","3":"status-publish","5":"product_cat-cocuk-ve-genclik-kitaplari","6":"product_cat-dunya-klasikleri","7":"pa_cilt-ciltsiz","8":"pa_tur-kitap","9":"pa_yayinevi-yeti-kitap","10":"pa_yazar-lev-nikolayevic-tolstoy","12":"first","13":"instock","14":"sale","15":"shipping-taxable","16":"purchasable","17":"product-type-simple"},"_links":{"self":[{"href":"https:\/\/roveyayinevi.com.tr\/index.php\/wp-json\/wp\/v2\/product\/754788","targetHints":{"allow":["GET"]}}],"collection":[{"href":"https:\/\/roveyayinevi.com.tr\/index.php\/wp-json\/wp\/v2\/product"}],"about":[{"href":"https:\/\/roveyayinevi.com.tr\/index.php\/wp-json\/wp\/v2\/types\/product"}],"wp:attachment":[{"href":"https:\/\/roveyayinevi.com.tr\/index.php\/wp-json\/wp\/v2\/media?parent=754788"}],"wp:term":[{"taxonomy":"product_brand","embeddable":true,"href":"https:\/\/roveyayinevi.com.tr\/index.php\/wp-json\/wp\/v2\/product_brand?post=754788"},{"taxonomy":"product_cat","embeddable":true,"href":"https:\/\/roveyayinevi.com.tr\/index.php\/wp-json\/wp\/v2\/product_cat?post=754788"},{"taxonomy":"product_tag","embeddable":true,"href":"https:\/\/roveyayinevi.com.tr\/index.php\/wp-json\/wp\/v2\/product_tag?post=754788"}],"curies":[{"name":"wp","href":"https:\/\/api.w.org\/{rel}","templated":true}]}}