{"id":754785,"date":"2025-08-28T06:20:46","date_gmt":"2025-08-28T03:20:46","guid":{"rendered":"https:\/\/roveyayinevi.com.tr\/index.php\/urun\/80-gunde-dunya-turu-4\/"},"modified":"2026-04-16T03:07:58","modified_gmt":"2026-04-16T00:07:58","slug":"80-gunde-dunya-turu-4","status":"publish","type":"product","link":"https:\/\/roveyayinevi.com.tr\/index.php\/urun\/80-gunde-dunya-turu-4\/","title":{"rendered":"80 G\u00fcnde D\u00fcnya Turu"},"content":{"rendered":"<p>Seksen G\u00fcnde D\u00fcnya Turu, Jules Verne&#8217;in en sevilen eserlerinin ba\u015f\u0131nda gelmektedir. Ayn\u0131 zamanda d\u00fcnyada en \u00e7ok okunanlar listesine girmi\u015ftir. Hayat\u0131 boyunca planl\u0131 ve dakik biri olan Phileas Fogg, arkada\u015flar\u0131yla girdi\u011fi bir iddia sonucunda seksen g\u00fcnde d\u00fcnyay\u0131 dola\u015fabilecek mi? D\u00fcnyay\u0131 Dola\u015fman\u0131n hayal oldu\u011fu bir d\u00f6nemde Phileas Fogg&#8217;un ya\u015fad\u0131\u011f\u0131 maceral\u0131 yolculu\u011fa sen de e\u015flik etmek ister misin?<\/p>\n","protected":false},"excerpt":{"rendered":"<p>Seksen G\u00fcnde D\u00fcnya Turu, Jules Verne&#8217;in en sevilen eserlerinin ba\u015f\u0131nda gelmektedir. Ayn\u0131 zamanda d\u00fcnyada en \u00e7ok okunanlar listesine girmi\u015ftir. Hayat\u0131 boyunca planl\u0131 ve dakik biri olan<span class=\"excerpt-hellip\"> [\u2026]<\/span><\/p>\n","protected":false},"featured_media":0,"template":"","meta":{"_monsterinsights_skip_tracking":false,"_monsterinsights_sitenote_active":false,"_monsterinsights_sitenote_note":"","_monsterinsights_sitenote_category":0},"product_brand":[],"product_cat":[12274,12467],"product_tag":[],"class_list":{"0":"post-754785","1":"product","2":"type-product","3":"status-publish","5":"product_cat-cocuk-ve-genclik-kitaplari","6":"product_cat-dunya-klasikleri","7":"pa_cilt-ciltsiz","8":"pa_tur-kitap","9":"pa_yayinevi-yeti-kitap","10":"pa_yazar-jules-verne","12":"first","13":"instock","14":"sale","15":"shipping-taxable","16":"purchasable","17":"product-type-simple"},"_links":{"self":[{"href":"https:\/\/roveyayinevi.com.tr\/index.php\/wp-json\/wp\/v2\/product\/754785","targetHints":{"allow":["GET"]}}],"collection":[{"href":"https:\/\/roveyayinevi.com.tr\/index.php\/wp-json\/wp\/v2\/product"}],"about":[{"href":"https:\/\/roveyayinevi.com.tr\/index.php\/wp-json\/wp\/v2\/types\/product"}],"wp:attachment":[{"href":"https:\/\/roveyayinevi.com.tr\/index.php\/wp-json\/wp\/v2\/media?parent=754785"}],"wp:term":[{"taxonomy":"product_brand","embeddable":true,"href":"https:\/\/roveyayinevi.com.tr\/index.php\/wp-json\/wp\/v2\/product_brand?post=754785"},{"taxonomy":"product_cat","embeddable":true,"href":"https:\/\/roveyayinevi.com.tr\/index.php\/wp-json\/wp\/v2\/product_cat?post=754785"},{"taxonomy":"product_tag","embeddable":true,"href":"https:\/\/roveyayinevi.com.tr\/index.php\/wp-json\/wp\/v2\/product_tag?post=754785"}],"curies":[{"name":"wp","href":"https:\/\/api.w.org\/{rel}","templated":true}]}}