{"id":754781,"date":"2025-08-28T06:20:40","date_gmt":"2025-08-28T03:20:40","guid":{"rendered":"https:\/\/roveyayinevi.com.tr\/index.php\/urun\/aktivite-kitabi-1-3\/"},"modified":"2026-04-16T03:07:58","modified_gmt":"2026-04-16T00:07:58","slug":"aktivite-kitabi-1-3","status":"publish","type":"product","link":"https:\/\/roveyayinevi.com.tr\/index.php\/urun\/aktivite-kitabi-1-3\/","title":{"rendered":"Aktivite Kitab\u0131 1"},"content":{"rendered":"<p>Aktivite kitaplar\u0131m\u0131z okul \u00f6ncesi e\u011fitimde z ku\u015fa\u011f\u0131 \u00e7ocuklar\u0131n bili\u015fsel, g\u00f6rsel ve s\u00f6zel geli\u015fimlerini geli\u015ftirmek i\u00e7in nesneleri e\u015fle\u015ftirme, farkl\u0131l\u0131k ay\u0131rt etme, par\u00e7a ve b\u00fct\u00fcnle ili\u015fki kurma y\u00f6ntemleri kullan\u0131lm\u0131\u015ft\u0131r. Bu sayede g\u00f6rsel alg\u0131s\u0131, el ve g\u00f6z koordinasyonu, yorumlama ve matematiksel yetisini g\u00fc\u00e7lenmesinde faydal\u0131 olacakt\u0131r. Kitaplar\u0131m\u0131z \u00c7ocuk geli\u015fim uzman\u0131 Melek Kocaadam Taraf\u0131ndan onaylanm\u0131\u015ft\u0131r.<\/p>\n","protected":false},"excerpt":{"rendered":"<p>Aktivite kitaplar\u0131m\u0131z okul \u00f6ncesi e\u011fitimde z ku\u015fa\u011f\u0131 \u00e7ocuklar\u0131n bili\u015fsel, g\u00f6rsel ve s\u00f6zel geli\u015fimlerini geli\u015ftirmek i\u00e7in nesneleri e\u015fle\u015ftirme, farkl\u0131l\u0131k ay\u0131rt etme, par\u00e7a ve b\u00fct\u00fcnle ili\u015fki kurma y\u00f6ntemleri<span class=\"excerpt-hellip\"> [\u2026]<\/span><\/p>\n","protected":false},"featured_media":0,"template":"","meta":{"_monsterinsights_skip_tracking":false,"_monsterinsights_sitenote_active":false,"_monsterinsights_sitenote_note":"","_monsterinsights_sitenote_category":0},"product_brand":[],"product_cat":[12274,15842],"product_tag":[],"class_list":{"0":"post-754781","1":"product","2":"type-product","3":"status-publish","5":"product_cat-cocuk-ve-genclik-kitaplari","6":"product_cat-egitici-kitaplar","7":"pa_cilt-ciltsiz","8":"pa_tur-kitap","9":"pa_yayinevi-yeti-kitap","10":"pa_yazar-feyyaz-ulas","12":"first","13":"instock","14":"sale","15":"shipping-taxable","16":"purchasable","17":"product-type-simple"},"_links":{"self":[{"href":"https:\/\/roveyayinevi.com.tr\/index.php\/wp-json\/wp\/v2\/product\/754781","targetHints":{"allow":["GET"]}}],"collection":[{"href":"https:\/\/roveyayinevi.com.tr\/index.php\/wp-json\/wp\/v2\/product"}],"about":[{"href":"https:\/\/roveyayinevi.com.tr\/index.php\/wp-json\/wp\/v2\/types\/product"}],"wp:attachment":[{"href":"https:\/\/roveyayinevi.com.tr\/index.php\/wp-json\/wp\/v2\/media?parent=754781"}],"wp:term":[{"taxonomy":"product_brand","embeddable":true,"href":"https:\/\/roveyayinevi.com.tr\/index.php\/wp-json\/wp\/v2\/product_brand?post=754781"},{"taxonomy":"product_cat","embeddable":true,"href":"https:\/\/roveyayinevi.com.tr\/index.php\/wp-json\/wp\/v2\/product_cat?post=754781"},{"taxonomy":"product_tag","embeddable":true,"href":"https:\/\/roveyayinevi.com.tr\/index.php\/wp-json\/wp\/v2\/product_tag?post=754781"}],"curies":[{"name":"wp","href":"https:\/\/api.w.org\/{rel}","templated":true}]}}