{"id":754772,"date":"2025-08-28T06:20:26","date_gmt":"2025-08-28T03:20:26","guid":{"rendered":"https:\/\/roveyayinevi.com.tr\/index.php\/urun\/minnak-serisi-hayvanlar-ciltli\/"},"modified":"2026-01-21T03:40:34","modified_gmt":"2026-01-21T00:40:34","slug":"minnak-serisi-hayvanlar-ciltli","status":"publish","type":"product","link":"https:\/\/roveyayinevi.com.tr\/index.php\/urun\/minnak-serisi-hayvanlar-ciltli\/","title":{"rendered":"Minnak Serisi Hayvanlar (Ciltli)"},"content":{"rendered":"<p>Minnak serisi kitaplar\u0131m\u0131zla Z ku\u015fa\u011f\u0131 \u00e7ocuklar\u0131 kitapla tan\u0131\u015facak ve sevecek. Serideki kitaplar sayesinde \u00e7ocuklar, hayat\u0131ndaki nesneleri kolayca tan\u0131yacak. \u00c7ocuk geli\u015fimi uzman\u0131 Melek Kocaadam taraf\u0131ndan onaylanm\u0131\u015f kitaplar\u0131m\u0131zdaki seslere, sayfalardaki QR kodunu okutarak ula\u015fabilirsiniz.<\/p>\n","protected":false},"excerpt":{"rendered":"<p>Minnak serisi kitaplar\u0131m\u0131zla Z ku\u015fa\u011f\u0131 \u00e7ocuklar\u0131 kitapla tan\u0131\u015facak ve sevecek. Serideki kitaplar sayesinde \u00e7ocuklar, hayat\u0131ndaki nesneleri kolayca tan\u0131yacak. \u00c7ocuk geli\u015fimi uzman\u0131 Melek Kocaadam taraf\u0131ndan onaylanm\u0131\u015f kitaplar\u0131m\u0131zdaki<span class=\"excerpt-hellip\"> [\u2026]<\/span><\/p>\n","protected":false},"featured_media":0,"template":"","meta":{"_monsterinsights_skip_tracking":false,"_monsterinsights_sitenote_active":false,"_monsterinsights_sitenote_note":"","_monsterinsights_sitenote_category":0},"product_brand":[],"product_cat":[12274,15842],"product_tag":[],"class_list":{"0":"post-754772","1":"product","2":"type-product","3":"status-publish","5":"product_cat-cocuk-ve-genclik-kitaplari","6":"product_cat-egitici-kitaplar","7":"pa_cilt-ciltli","8":"pa_tur-kitap","9":"pa_yayinevi-yeti-kitap","10":"pa_yazar-feyyaz-ulas","12":"first","13":"instock","14":"sale","15":"shipping-taxable","16":"purchasable","17":"product-type-simple"},"_links":{"self":[{"href":"https:\/\/roveyayinevi.com.tr\/index.php\/wp-json\/wp\/v2\/product\/754772","targetHints":{"allow":["GET"]}}],"collection":[{"href":"https:\/\/roveyayinevi.com.tr\/index.php\/wp-json\/wp\/v2\/product"}],"about":[{"href":"https:\/\/roveyayinevi.com.tr\/index.php\/wp-json\/wp\/v2\/types\/product"}],"wp:attachment":[{"href":"https:\/\/roveyayinevi.com.tr\/index.php\/wp-json\/wp\/v2\/media?parent=754772"}],"wp:term":[{"taxonomy":"product_brand","embeddable":true,"href":"https:\/\/roveyayinevi.com.tr\/index.php\/wp-json\/wp\/v2\/product_brand?post=754772"},{"taxonomy":"product_cat","embeddable":true,"href":"https:\/\/roveyayinevi.com.tr\/index.php\/wp-json\/wp\/v2\/product_cat?post=754772"},{"taxonomy":"product_tag","embeddable":true,"href":"https:\/\/roveyayinevi.com.tr\/index.php\/wp-json\/wp\/v2\/product_tag?post=754772"}],"curies":[{"name":"wp","href":"https:\/\/api.w.org\/{rel}","templated":true}]}}