{"id":754769,"date":"2025-08-28T06:20:20","date_gmt":"2025-08-28T03:20:20","guid":{"rendered":"https:\/\/roveyayinevi.com.tr\/index.php\/urun\/denizler-aslani\/"},"modified":"2026-04-16T03:07:58","modified_gmt":"2026-04-16T00:07:58","slug":"denizler-aslani","status":"publish","type":"product","link":"https:\/\/roveyayinevi.com.tr\/index.php\/urun\/denizler-aslani\/","title":{"rendered":"Denizler Aslan\u0131"},"content":{"rendered":"<p>Y\u0131l 1522\u2026 Akdeniz&#8217;in puslu sular\u0131nda deh\u015fet kol gezmektedir. Rodos \u015e\u00f6valyelerinin bitmek bilmeyen bask\u0131nlar\u0131, korsanlar\u0131n ac\u0131mas\u0131z sald\u0131r\u0131lar\u0131 Akdeniz&#8217;i kan g\u00f6l\u00fcne \u00e7evirmi\u015ftir. \u201cKaralar\u0131n ve Denizlerin Hakan\u0131\u201d Sultan S\u00fcleyman <\/p>\n","protected":false},"excerpt":{"rendered":"<p>Y\u0131l 1522\u2026 Akdeniz&#8217;in puslu sular\u0131nda deh\u015fet kol gezmektedir. Rodos \u015e\u00f6valyelerinin bitmek bilmeyen bask\u0131nlar\u0131, korsanlar\u0131n ac\u0131mas\u0131z sald\u0131r\u0131lar\u0131 Akdeniz&#8217;i kan g\u00f6l\u00fcne \u00e7evirmi\u015ftir. \u201cKaralar\u0131n ve Denizlerin Hakan\u0131\u201d Sultan S\u00fcleyman<\/p>\n","protected":false},"featured_media":0,"template":"","meta":{"_monsterinsights_skip_tracking":false,"_monsterinsights_sitenote_active":false,"_monsterinsights_sitenote_note":"","_monsterinsights_sitenote_category":0},"product_brand":[],"product_cat":[12291,12745],"product_tag":[],"class_list":{"0":"post-754769","1":"product","2":"type-product","3":"status-publish","5":"product_cat-edebiyat","6":"product_cat-tarihi-roman","7":"pa_cilt-ciltsiz","8":"pa_tur-kitap","9":"pa_yayinevi-otuken-nesriyat","10":"pa_yazar-hasan-erimez","12":"first","13":"instock","14":"sale","15":"shipping-taxable","16":"purchasable","17":"product-type-simple"},"_links":{"self":[{"href":"https:\/\/roveyayinevi.com.tr\/index.php\/wp-json\/wp\/v2\/product\/754769","targetHints":{"allow":["GET"]}}],"collection":[{"href":"https:\/\/roveyayinevi.com.tr\/index.php\/wp-json\/wp\/v2\/product"}],"about":[{"href":"https:\/\/roveyayinevi.com.tr\/index.php\/wp-json\/wp\/v2\/types\/product"}],"wp:attachment":[{"href":"https:\/\/roveyayinevi.com.tr\/index.php\/wp-json\/wp\/v2\/media?parent=754769"}],"wp:term":[{"taxonomy":"product_brand","embeddable":true,"href":"https:\/\/roveyayinevi.com.tr\/index.php\/wp-json\/wp\/v2\/product_brand?post=754769"},{"taxonomy":"product_cat","embeddable":true,"href":"https:\/\/roveyayinevi.com.tr\/index.php\/wp-json\/wp\/v2\/product_cat?post=754769"},{"taxonomy":"product_tag","embeddable":true,"href":"https:\/\/roveyayinevi.com.tr\/index.php\/wp-json\/wp\/v2\/product_tag?post=754769"}],"curies":[{"name":"wp","href":"https:\/\/api.w.org\/{rel}","templated":true}]}}