{"id":754767,"date":"2025-08-28T06:20:17","date_gmt":"2025-08-28T03:20:17","guid":{"rendered":"https:\/\/roveyayinevi.com.tr\/index.php\/urun\/golgede-bir-lider\/"},"modified":"2026-04-16T03:07:58","modified_gmt":"2026-04-16T00:07:58","slug":"golgede-bir-lider","status":"publish","type":"product","link":"https:\/\/roveyayinevi.com.tr\/index.php\/urun\/golgede-bir-lider\/","title":{"rendered":"G\u00f6lgede Bir Lider"},"content":{"rendered":"<p>Prens Sabahattin, T\u00fcrk siyasi hayat\u0131nda \u201cliberal\u201d bir fikir ve siyaset adam\u0131 olarak ve \u201cadem-i merkeziyet ve te\u015febb\u00fcs-i \u015fahsi\u201d d\u00fc\u015f\u00fcncesiyle tan\u0131nmaktad\u0131r. Anne taraf\u0131ndan Osmanl\u0131 hanedan\u0131na mensup olmas\u0131 Prens&#8217;in hayat hik\u00e2yesini<\/p>\n","protected":false},"excerpt":{"rendered":"<p>Prens Sabahattin, T\u00fcrk siyasi hayat\u0131nda \u201cliberal\u201d bir fikir ve siyaset adam\u0131 olarak ve \u201cadem-i merkeziyet ve te\u015febb\u00fcs-i \u015fahsi\u201d d\u00fc\u015f\u00fcncesiyle tan\u0131nmaktad\u0131r. Anne taraf\u0131ndan Osmanl\u0131 hanedan\u0131na mensup olmas\u0131<span class=\"excerpt-hellip\"> [\u2026]<\/span><\/p>\n","protected":false},"featured_media":0,"template":"","meta":{"_monsterinsights_skip_tracking":false,"_monsterinsights_sitenote_active":false,"_monsterinsights_sitenote_note":"","_monsterinsights_sitenote_category":0},"product_brand":[],"product_cat":[14009,12291],"product_tag":[],"class_list":{"0":"post-754767","1":"product","2":"type-product","3":"status-publish","5":"product_cat-biyografi-otobiyografi-edebiyat","6":"product_cat-edebiyat","7":"pa_cilt-ciltsiz","8":"pa_tur-kitap","9":"pa_yayinevi-otuken-nesriyat","10":"pa_yazar-ramazan-erhan-gullu","12":"first","13":"instock","14":"sale","15":"shipping-taxable","16":"purchasable","17":"product-type-simple"},"_links":{"self":[{"href":"https:\/\/roveyayinevi.com.tr\/index.php\/wp-json\/wp\/v2\/product\/754767","targetHints":{"allow":["GET"]}}],"collection":[{"href":"https:\/\/roveyayinevi.com.tr\/index.php\/wp-json\/wp\/v2\/product"}],"about":[{"href":"https:\/\/roveyayinevi.com.tr\/index.php\/wp-json\/wp\/v2\/types\/product"}],"wp:attachment":[{"href":"https:\/\/roveyayinevi.com.tr\/index.php\/wp-json\/wp\/v2\/media?parent=754767"}],"wp:term":[{"taxonomy":"product_brand","embeddable":true,"href":"https:\/\/roveyayinevi.com.tr\/index.php\/wp-json\/wp\/v2\/product_brand?post=754767"},{"taxonomy":"product_cat","embeddable":true,"href":"https:\/\/roveyayinevi.com.tr\/index.php\/wp-json\/wp\/v2\/product_cat?post=754767"},{"taxonomy":"product_tag","embeddable":true,"href":"https:\/\/roveyayinevi.com.tr\/index.php\/wp-json\/wp\/v2\/product_tag?post=754767"}],"curies":[{"name":"wp","href":"https:\/\/api.w.org\/{rel}","templated":true}]}}