{"id":754765,"date":"2025-08-28T06:20:13","date_gmt":"2025-08-28T03:20:13","guid":{"rendered":"https:\/\/roveyayinevi.com.tr\/index.php\/urun\/kulhan\/"},"modified":"2026-04-16T03:07:58","modified_gmt":"2026-04-16T00:07:58","slug":"kulhan","status":"publish","type":"product","link":"https:\/\/roveyayinevi.com.tr\/index.php\/urun\/kulhan\/","title":{"rendered":"K\u00fclhan"},"content":{"rendered":"<p>Mumdan bir gemi limanda ate\u015f denizine a\u00e7\u0131lmak \u00fczere son yolcular\u0131n\u0131 bekliyordu. Onlar ate\u015f denizindeki mumdan gemiye binmek ve yanmak i\u00e7in ate\u015fe do\u011fru ko\u015fuyordu. \u00d6nlerindeki duvar\u0131 zafer tak\u0131 zannedip s\u00fcratle duvara do\u011fru ko\u015ftuklar\u0131<\/p>\n","protected":false},"excerpt":{"rendered":"<p>Mumdan bir gemi limanda ate\u015f denizine a\u00e7\u0131lmak \u00fczere son yolcular\u0131n\u0131 bekliyordu. Onlar ate\u015f denizindeki mumdan gemiye binmek ve yanmak i\u00e7in ate\u015fe do\u011fru ko\u015fuyordu. \u00d6nlerindeki duvar\u0131 zafer<span class=\"excerpt-hellip\"> [\u2026]<\/span><\/p>\n","protected":false},"featured_media":0,"template":"","meta":{"_monsterinsights_skip_tracking":false,"_monsterinsights_sitenote_active":false,"_monsterinsights_sitenote_note":"","_monsterinsights_sitenote_category":0},"product_brand":[],"product_cat":[12291,12711],"product_tag":[],"class_list":{"0":"post-754765","1":"product","2":"type-product","3":"status-publish","5":"product_cat-edebiyat","6":"product_cat-roman-oyku","7":"pa_cilt-ciltsiz","8":"pa_tur-kitap","9":"pa_yayinevi-otuken-nesriyat","10":"pa_yazar-adnan-islamogullari","12":"first","13":"instock","14":"sale","15":"shipping-taxable","16":"purchasable","17":"product-type-simple"},"_links":{"self":[{"href":"https:\/\/roveyayinevi.com.tr\/index.php\/wp-json\/wp\/v2\/product\/754765","targetHints":{"allow":["GET"]}}],"collection":[{"href":"https:\/\/roveyayinevi.com.tr\/index.php\/wp-json\/wp\/v2\/product"}],"about":[{"href":"https:\/\/roveyayinevi.com.tr\/index.php\/wp-json\/wp\/v2\/types\/product"}],"wp:attachment":[{"href":"https:\/\/roveyayinevi.com.tr\/index.php\/wp-json\/wp\/v2\/media?parent=754765"}],"wp:term":[{"taxonomy":"product_brand","embeddable":true,"href":"https:\/\/roveyayinevi.com.tr\/index.php\/wp-json\/wp\/v2\/product_brand?post=754765"},{"taxonomy":"product_cat","embeddable":true,"href":"https:\/\/roveyayinevi.com.tr\/index.php\/wp-json\/wp\/v2\/product_cat?post=754765"},{"taxonomy":"product_tag","embeddable":true,"href":"https:\/\/roveyayinevi.com.tr\/index.php\/wp-json\/wp\/v2\/product_tag?post=754765"}],"curies":[{"name":"wp","href":"https:\/\/api.w.org\/{rel}","templated":true}]}}