{"id":754764,"date":"2025-08-28T06:20:12","date_gmt":"2025-08-28T03:20:12","guid":{"rendered":"https:\/\/roveyayinevi.com.tr\/index.php\/urun\/geneleksel\/"},"modified":"2026-04-16T03:07:58","modified_gmt":"2026-04-16T00:07:58","slug":"geneleksel","status":"publish","type":"product","link":"https:\/\/roveyayinevi.com.tr\/index.php\/urun\/geneleksel\/","title":{"rendered":"Geneleksel"},"content":{"rendered":"<p>\u201cGenlerin eski foto\u011fraf makinelerindeki film negatifleri gibi oldu\u011funu d\u00fc\u015f\u00fcn\u00fcyorum. Her yeni bas\u0131mda ortaya \u00e7\u0131kan foto\u011fraf\u0131n kalitesi de\u011fi\u015febilir; d\u00f6nemin bilimsel, siyasal, ekonomik iklimine g\u00f6re \u00f6znel yorumlanabilir. Bu iklimi olu\u015fturan kompleks-karma\u015f\u0131k yap\u0131n\u0131n en \u00f6nemli bile\u015feni de geleneklerle aktar\u0131l\u0131yor\u2026\u201d Gazeteci Mert \u0130nan\u2019\u0131n sorular\u0131, Prof. Dr. Burak Do\u011fang\u00fcn\u2019\u00fcn cevaplar\u0131 ve hepimizin zaman zaman merak etti\u011fimiz ayr\u0131nt\u0131larla samimi ve ayd\u0131nlat\u0131c\u0131 bir sohbete d\u00f6n\u00fc\u015f\u00fcyor. Ebeveynler ve akademisyenler i\u00e7in oldu\u011fu kadar ge\u00e7mi\u015fin gelece\u011fe nas\u0131l yans\u0131d\u0131\u011f\u0131n\u0131 sorgulayanlar i\u00e7in de keyifli bir yol g\u00f6sterici Geneleksel\u2026<\/p>\n","protected":false},"excerpt":{"rendered":"<p>\u201cGenlerin eski foto\u011fraf makinelerindeki film negatifleri gibi oldu\u011funu d\u00fc\u015f\u00fcn\u00fcyorum. Her yeni bas\u0131mda ortaya \u00e7\u0131kan foto\u011fraf\u0131n kalitesi de\u011fi\u015febilir; d\u00f6nemin bilimsel, siyasal, ekonomik iklimine g\u00f6re \u00f6znel yorumlanabilir. Bu<span class=\"excerpt-hellip\"> [\u2026]<\/span><\/p>\n","protected":false},"featured_media":0,"template":"","meta":{"_monsterinsights_skip_tracking":false,"_monsterinsights_sitenote_active":false,"_monsterinsights_sitenote_note":"","_monsterinsights_sitenote_category":0},"product_brand":[],"product_cat":[12357],"product_tag":[],"class_list":{"0":"post-754764","1":"product","2":"type-product","3":"status-publish","5":"product_cat-psikoloji","6":"pa_cilt-ciltsiz","7":"pa_tur-kitap","8":"pa_yayinevi-epsilon-yayinlari","9":"pa_yazar-burak-dogangun-elif-erol","11":"first","12":"instock","13":"sale","14":"shipping-taxable","15":"purchasable","16":"product-type-simple"},"_links":{"self":[{"href":"https:\/\/roveyayinevi.com.tr\/index.php\/wp-json\/wp\/v2\/product\/754764","targetHints":{"allow":["GET"]}}],"collection":[{"href":"https:\/\/roveyayinevi.com.tr\/index.php\/wp-json\/wp\/v2\/product"}],"about":[{"href":"https:\/\/roveyayinevi.com.tr\/index.php\/wp-json\/wp\/v2\/types\/product"}],"wp:attachment":[{"href":"https:\/\/roveyayinevi.com.tr\/index.php\/wp-json\/wp\/v2\/media?parent=754764"}],"wp:term":[{"taxonomy":"product_brand","embeddable":true,"href":"https:\/\/roveyayinevi.com.tr\/index.php\/wp-json\/wp\/v2\/product_brand?post=754764"},{"taxonomy":"product_cat","embeddable":true,"href":"https:\/\/roveyayinevi.com.tr\/index.php\/wp-json\/wp\/v2\/product_cat?post=754764"},{"taxonomy":"product_tag","embeddable":true,"href":"https:\/\/roveyayinevi.com.tr\/index.php\/wp-json\/wp\/v2\/product_tag?post=754764"}],"curies":[{"name":"wp","href":"https:\/\/api.w.org\/{rel}","templated":true}]}}