{"id":754763,"date":"2025-08-28T06:20:11","date_gmt":"2025-08-28T03:20:11","guid":{"rendered":"https:\/\/roveyayinevi.com.tr\/index.php\/urun\/bed-i-besmele-ve-amin-alayi-tarih-dizisi-1\/"},"modified":"2026-04-16T03:07:58","modified_gmt":"2026-04-16T00:07:58","slug":"bed-i-besmele-ve-amin-alayi-tarih-dizisi-1","status":"publish","type":"product","link":"https:\/\/roveyayinevi.com.tr\/index.php\/urun\/bed-i-besmele-ve-amin-alayi-tarih-dizisi-1\/","title":{"rendered":"Bed-i Besmele ve Amin Alay\u0131 &#8211; Tarih Dizisi 1"},"content":{"rendered":"<p>Bismillah\u2026 Kahraman\u0131 oldu\u011fun bir \u0130stanbul masal\u0131na ne dersin? Sana yolculu\u011funda arkada\u015fl\u0131k edecek biri varrr! Yusuf! Yusuf Bed-i Besmele T\u00f6reni ile yar\u0131n mektebe ba\u015fl\u0131yor\u2026 \u201cBed-i Besmele mi? O da nee?\u201d, dedi\u011fini duyar gibiyim. O halde benimle gel, seninle Yusuf\u2019un ve ailesinin e\u011flenceli yolculu\u011funa kat\u0131lal\u0131m! Yolculu\u011fun boyunca Yusuf seninle olacak, belki de bu yolculu\u011fun sonunda sen de bir \u0130stanbul gezgini olabilirsinnn! Yanl\u0131\u015f duymad\u0131n evet evet\u2026 Haydii benimle gel, tarih at\u00f6lyesi serisinin ilk kitab\u0131 Bed-i Besmele ve \u00c2min Alay\u0131 seninle!<\/p>\n","protected":false},"excerpt":{"rendered":"<p>Bismillah\u2026 Kahraman\u0131 oldu\u011fun bir \u0130stanbul masal\u0131na ne dersin? Sana yolculu\u011funda arkada\u015fl\u0131k edecek biri varrr! Yusuf! Yusuf Bed-i Besmele T\u00f6reni ile yar\u0131n mektebe ba\u015fl\u0131yor\u2026 \u201cBed-i Besmele mi?<span class=\"excerpt-hellip\"> [\u2026]<\/span><\/p>\n","protected":false},"featured_media":0,"template":"","meta":{"_monsterinsights_skip_tracking":false,"_monsterinsights_sitenote_active":false,"_monsterinsights_sitenote_note":"","_monsterinsights_sitenote_category":0},"product_brand":[],"product_cat":[12370,12304],"product_tag":[],"class_list":{"0":"post-754763","1":"product","2":"type-product","3":"status-publish","5":"product_cat-arastirma-inceleme","6":"product_cat-tarih","7":"pa_cilt-ciltsiz","8":"pa_tur-kitap","9":"pa_yayinevi-cinaralti-yayinlari","10":"pa_yazar-kubra-nur-ekmen","12":"first","13":"instock","14":"sale","15":"shipping-taxable","16":"purchasable","17":"product-type-simple"},"_links":{"self":[{"href":"https:\/\/roveyayinevi.com.tr\/index.php\/wp-json\/wp\/v2\/product\/754763","targetHints":{"allow":["GET"]}}],"collection":[{"href":"https:\/\/roveyayinevi.com.tr\/index.php\/wp-json\/wp\/v2\/product"}],"about":[{"href":"https:\/\/roveyayinevi.com.tr\/index.php\/wp-json\/wp\/v2\/types\/product"}],"wp:attachment":[{"href":"https:\/\/roveyayinevi.com.tr\/index.php\/wp-json\/wp\/v2\/media?parent=754763"}],"wp:term":[{"taxonomy":"product_brand","embeddable":true,"href":"https:\/\/roveyayinevi.com.tr\/index.php\/wp-json\/wp\/v2\/product_brand?post=754763"},{"taxonomy":"product_cat","embeddable":true,"href":"https:\/\/roveyayinevi.com.tr\/index.php\/wp-json\/wp\/v2\/product_cat?post=754763"},{"taxonomy":"product_tag","embeddable":true,"href":"https:\/\/roveyayinevi.com.tr\/index.php\/wp-json\/wp\/v2\/product_tag?post=754763"}],"curies":[{"name":"wp","href":"https:\/\/api.w.org\/{rel}","templated":true}]}}