{"id":754761,"date":"2025-08-28T06:20:07","date_gmt":"2025-08-28T03:20:07","guid":{"rendered":"https:\/\/roveyayinevi.com.tr\/index.php\/urun\/kirmizi-gelincikler\/"},"modified":"2026-04-16T03:07:58","modified_gmt":"2026-04-16T00:07:58","slug":"kirmizi-gelincikler","status":"publish","type":"product","link":"https:\/\/roveyayinevi.com.tr\/index.php\/urun\/kirmizi-gelincikler\/","title":{"rendered":"K\u0131rm\u0131z\u0131 Gelincikler"},"content":{"rendered":"<p>Ya\u015fad\u0131\u011f\u0131 d\u00f6nemde kad\u0131na verilen de\u011fersizlikle bo\u011fu\u015fmu\u015f, onlarca \u00e7ocuk gelin g\u00f6rm\u00fc\u015ft\u00fc. Y\u00fcre\u011finden bir kere \u00f6p\u00fclmeden sa\u00e7lar\u0131 a\u011farm\u0131\u015f gelinler\u2026 Narin, hassas, bir dokunu\u015fta solmaya y\u00fcz tutan \u00e7ocuk gelinler\u2026 Onlar\u0131 k\u0131rm\u0131z\u0131 gelinciklere benzetiyordu. Ama o farkl\u0131yd\u0131. Yollar\u0131n\u0131n kesi\u015fmesi asla tesad\u00fcf de\u011fildi.<\/p>\n","protected":false},"excerpt":{"rendered":"<p>Ya\u015fad\u0131\u011f\u0131 d\u00f6nemde kad\u0131na verilen de\u011fersizlikle bo\u011fu\u015fmu\u015f, onlarca \u00e7ocuk gelin g\u00f6rm\u00fc\u015ft\u00fc. Y\u00fcre\u011finden bir kere \u00f6p\u00fclmeden sa\u00e7lar\u0131 a\u011farm\u0131\u015f gelinler\u2026 Narin, hassas, bir dokunu\u015fta solmaya y\u00fcz tutan \u00e7ocuk gelinler\u2026<span class=\"excerpt-hellip\"> [\u2026]<\/span><\/p>\n","protected":false},"featured_media":0,"template":"","meta":{"_monsterinsights_skip_tracking":false,"_monsterinsights_sitenote_active":false,"_monsterinsights_sitenote_note":"","_monsterinsights_sitenote_category":0},"product_brand":[],"product_cat":[12291,12711],"product_tag":[],"class_list":{"0":"post-754761","1":"product","2":"type-product","3":"status-publish","5":"product_cat-edebiyat","6":"product_cat-roman-oyku","7":"pa_cilt-ciltsiz","8":"pa_tur-kitap","9":"pa_yayinevi-cinaralti-yayinlari","10":"pa_yazar-sukran-demirhan","12":"first","13":"instock","14":"sale","15":"shipping-taxable","16":"purchasable","17":"product-type-simple"},"_links":{"self":[{"href":"https:\/\/roveyayinevi.com.tr\/index.php\/wp-json\/wp\/v2\/product\/754761","targetHints":{"allow":["GET"]}}],"collection":[{"href":"https:\/\/roveyayinevi.com.tr\/index.php\/wp-json\/wp\/v2\/product"}],"about":[{"href":"https:\/\/roveyayinevi.com.tr\/index.php\/wp-json\/wp\/v2\/types\/product"}],"wp:attachment":[{"href":"https:\/\/roveyayinevi.com.tr\/index.php\/wp-json\/wp\/v2\/media?parent=754761"}],"wp:term":[{"taxonomy":"product_brand","embeddable":true,"href":"https:\/\/roveyayinevi.com.tr\/index.php\/wp-json\/wp\/v2\/product_brand?post=754761"},{"taxonomy":"product_cat","embeddable":true,"href":"https:\/\/roveyayinevi.com.tr\/index.php\/wp-json\/wp\/v2\/product_cat?post=754761"},{"taxonomy":"product_tag","embeddable":true,"href":"https:\/\/roveyayinevi.com.tr\/index.php\/wp-json\/wp\/v2\/product_tag?post=754761"}],"curies":[{"name":"wp","href":"https:\/\/api.w.org\/{rel}","templated":true}]}}