{"id":754760,"date":"2025-08-28T06:20:06","date_gmt":"2025-08-28T03:20:06","guid":{"rendered":"https:\/\/roveyayinevi.com.tr\/index.php\/urun\/daldaki-adam\/"},"modified":"2026-04-16T03:07:58","modified_gmt":"2026-04-16T00:07:58","slug":"daldaki-adam","status":"publish","type":"product","link":"https:\/\/roveyayinevi.com.tr\/index.php\/urun\/daldaki-adam\/","title":{"rendered":"Daldaki Adam"},"content":{"rendered":"<p>Kimi zaman ya\u015fad\u0131\u011f\u0131n mek\u00e2na ait de\u011filmi\u015f gibi hissedersin. Ya da ya\u015fad\u0131\u011f\u0131n olaylara&#8230; Etraf\u0131nda olup bitenler seni mutlu etmek i\u00e7in olup biter bazen. Ya da mutsuz olursun ve sabr\u0131 \u00f6\u011fretir zaman sana. Sonra olaylara ayak uydurursun ve ya\u015fad\u0131\u011f\u0131n mek\u00e2na. D\u00fcnya kocaman bir okul, bizse s\u00fcrekli \u00f6\u011frenen \u00f6\u011frenciler. Sorular, cevaplar, s\u0131navlar asla bitmezler. K\u0131sacas\u0131 dostum, Hepimize iyi dersler!..<\/p>\n","protected":false},"excerpt":{"rendered":"<p>Kimi zaman ya\u015fad\u0131\u011f\u0131n mek\u00e2na ait de\u011filmi\u015f gibi hissedersin. Ya da ya\u015fad\u0131\u011f\u0131n olaylara&#8230; Etraf\u0131nda olup bitenler seni mutlu etmek i\u00e7in olup biter bazen. Ya da mutsuz olursun<span class=\"excerpt-hellip\"> [\u2026]<\/span><\/p>\n","protected":false},"featured_media":0,"template":"","meta":{"_monsterinsights_skip_tracking":false,"_monsterinsights_sitenote_active":false,"_monsterinsights_sitenote_note":"","_monsterinsights_sitenote_category":0},"product_brand":[],"product_cat":[12274,12518],"product_tag":[],"class_list":{"0":"post-754760","1":"product","2":"type-product","3":"status-publish","5":"product_cat-cocuk-ve-genclik-kitaplari","6":"product_cat-okul-oncesi-kitaplar","7":"pa_cilt-ciltsiz","8":"pa_tur-kitap","9":"pa_yayinevi-cinaralti-yayinlari","10":"pa_yazar-seda-bayrak-durgut","12":"first","13":"instock","14":"sale","15":"shipping-taxable","16":"purchasable","17":"product-type-simple"},"_links":{"self":[{"href":"https:\/\/roveyayinevi.com.tr\/index.php\/wp-json\/wp\/v2\/product\/754760","targetHints":{"allow":["GET"]}}],"collection":[{"href":"https:\/\/roveyayinevi.com.tr\/index.php\/wp-json\/wp\/v2\/product"}],"about":[{"href":"https:\/\/roveyayinevi.com.tr\/index.php\/wp-json\/wp\/v2\/types\/product"}],"wp:attachment":[{"href":"https:\/\/roveyayinevi.com.tr\/index.php\/wp-json\/wp\/v2\/media?parent=754760"}],"wp:term":[{"taxonomy":"product_brand","embeddable":true,"href":"https:\/\/roveyayinevi.com.tr\/index.php\/wp-json\/wp\/v2\/product_brand?post=754760"},{"taxonomy":"product_cat","embeddable":true,"href":"https:\/\/roveyayinevi.com.tr\/index.php\/wp-json\/wp\/v2\/product_cat?post=754760"},{"taxonomy":"product_tag","embeddable":true,"href":"https:\/\/roveyayinevi.com.tr\/index.php\/wp-json\/wp\/v2\/product_tag?post=754760"}],"curies":[{"name":"wp","href":"https:\/\/api.w.org\/{rel}","templated":true}]}}