{"id":754759,"date":"2025-08-28T06:20:04","date_gmt":"2025-08-28T03:20:04","guid":{"rendered":"https:\/\/roveyayinevi.com.tr\/index.php\/urun\/astroturk\/"},"modified":"2026-04-16T03:07:58","modified_gmt":"2026-04-16T00:07:58","slug":"astroturk","status":"publish","type":"product","link":"https:\/\/roveyayinevi.com.tr\/index.php\/urun\/astroturk\/","title":{"rendered":"Astrot\u00fcrk"},"content":{"rendered":"<p>Kubbelerde korunan \u015fehirler, Yapay zek\u00e2 hegemonyas\u0131nda bir hayat, Aile kavram\u0131n\u0131 ve sosyalle\u015fmeyi unutan insanlar, Ve t\u00fcm ihti\u015fam\u0131yla bir \u00e7ocu\u011fun hayallerini s\u00fcsleyen AY, \u0130lk ve tamamen milli uzay meki\u011fi, Ve \u00e7ok daha fazlas\u0131\u2026 \u00c7ocuk\u00e7a bir hayalden T\u00fcrkiye Uzay Bakanl\u0131\u011f\u0131 Yeni Ke\u015fifler B\u00f6l\u00fcm Direkt\u00f6rl\u00fc\u011f\u00fcne ve Ay\u2019a uzanan maceraya tan\u0131kl\u0131k etmeye ne dersiniz?<\/p>\n","protected":false},"excerpt":{"rendered":"<p>Kubbelerde korunan \u015fehirler, Yapay zek\u00e2 hegemonyas\u0131nda bir hayat, Aile kavram\u0131n\u0131 ve sosyalle\u015fmeyi unutan insanlar, Ve t\u00fcm ihti\u015fam\u0131yla bir \u00e7ocu\u011fun hayallerini s\u00fcsleyen AY, \u0130lk ve tamamen milli<span class=\"excerpt-hellip\"> [\u2026]<\/span><\/p>\n","protected":false},"featured_media":0,"template":"","meta":{"_monsterinsights_skip_tracking":false,"_monsterinsights_sitenote_active":false,"_monsterinsights_sitenote_note":"","_monsterinsights_sitenote_category":0},"product_brand":[],"product_cat":[12274,12284],"product_tag":[],"class_list":{"0":"post-754759","1":"product","2":"type-product","3":"status-publish","5":"product_cat-cocuk-ve-genclik-kitaplari","6":"product_cat-hikayeler","7":"pa_cilt-ciltsiz","8":"pa_tur-kitap","9":"pa_yayinevi-cinaralti-yayinlari","10":"pa_yazar-ayhan-isik","12":"first","13":"instock","14":"sale","15":"shipping-taxable","16":"purchasable","17":"product-type-simple"},"_links":{"self":[{"href":"https:\/\/roveyayinevi.com.tr\/index.php\/wp-json\/wp\/v2\/product\/754759","targetHints":{"allow":["GET"]}}],"collection":[{"href":"https:\/\/roveyayinevi.com.tr\/index.php\/wp-json\/wp\/v2\/product"}],"about":[{"href":"https:\/\/roveyayinevi.com.tr\/index.php\/wp-json\/wp\/v2\/types\/product"}],"wp:attachment":[{"href":"https:\/\/roveyayinevi.com.tr\/index.php\/wp-json\/wp\/v2\/media?parent=754759"}],"wp:term":[{"taxonomy":"product_brand","embeddable":true,"href":"https:\/\/roveyayinevi.com.tr\/index.php\/wp-json\/wp\/v2\/product_brand?post=754759"},{"taxonomy":"product_cat","embeddable":true,"href":"https:\/\/roveyayinevi.com.tr\/index.php\/wp-json\/wp\/v2\/product_cat?post=754759"},{"taxonomy":"product_tag","embeddable":true,"href":"https:\/\/roveyayinevi.com.tr\/index.php\/wp-json\/wp\/v2\/product_tag?post=754759"}],"curies":[{"name":"wp","href":"https:\/\/api.w.org\/{rel}","templated":true}]}}