{"id":754758,"date":"2025-08-28T06:20:02","date_gmt":"2025-08-28T03:20:02","guid":{"rendered":"https:\/\/roveyayinevi.com.tr\/index.php\/urun\/gelebilir-miyim\/"},"modified":"2026-04-16T03:07:58","modified_gmt":"2026-04-16T00:07:58","slug":"gelebilir-miyim","status":"publish","type":"product","link":"https:\/\/roveyayinevi.com.tr\/index.php\/urun\/gelebilir-miyim\/","title":{"rendered":"Gelebilir miyim?"},"content":{"rendered":"<p>C\u0327ars\u0327aflardan, mandallardan ve yast\u0131klardan yap\u0131lm\u0131s\u0327 dog\u0306ac\u0327lama bir kulu\u0308be: sadece c\u0327ocuklar\u0131n yas\u0327ad\u0131g\u0306\u0131 bir s\u0131g\u0306\u0131nak, eris\u0327ilmez bir kale&#8230; Ancak bu\u0308yu\u0308kler merakl\u0131 ve oyuna kat\u0131lmak istiyorlar&#8230; Peki, hepsi uyum sag\u0306layabilecek mi bu ha\u0302le? <\/p>\n","protected":false},"excerpt":{"rendered":"<p>C\u0327ars\u0327aflardan, mandallardan ve yast\u0131klardan yap\u0131lm\u0131s\u0327 dog\u0306ac\u0327lama bir kulu\u0308be: sadece c\u0327ocuklar\u0131n yas\u0327ad\u0131g\u0306\u0131 bir s\u0131g\u0306\u0131nak, eris\u0327ilmez bir kale&#8230; Ancak bu\u0308yu\u0308kler merakl\u0131 ve oyuna kat\u0131lmak istiyorlar&#8230; Peki, hepsi uyum<span class=\"excerpt-hellip\"> [\u2026]<\/span><\/p>\n","protected":false},"featured_media":0,"template":"","meta":{"_monsterinsights_skip_tracking":false,"_monsterinsights_sitenote_active":false,"_monsterinsights_sitenote_note":"","_monsterinsights_sitenote_category":0},"product_brand":[],"product_cat":[12274,12284],"product_tag":[],"class_list":{"0":"post-754758","1":"product","2":"type-product","3":"status-publish","5":"product_cat-cocuk-ve-genclik-kitaplari","6":"product_cat-hikayeler","7":"pa_cilt-ciltsiz","8":"pa_tur-kitap","9":"pa_yayinevi-eksik-parca-yayinlari","10":"pa_yazar-elena-rossini","12":"first","13":"instock","14":"sale","15":"shipping-taxable","16":"purchasable","17":"product-type-simple"},"_links":{"self":[{"href":"https:\/\/roveyayinevi.com.tr\/index.php\/wp-json\/wp\/v2\/product\/754758","targetHints":{"allow":["GET"]}}],"collection":[{"href":"https:\/\/roveyayinevi.com.tr\/index.php\/wp-json\/wp\/v2\/product"}],"about":[{"href":"https:\/\/roveyayinevi.com.tr\/index.php\/wp-json\/wp\/v2\/types\/product"}],"wp:attachment":[{"href":"https:\/\/roveyayinevi.com.tr\/index.php\/wp-json\/wp\/v2\/media?parent=754758"}],"wp:term":[{"taxonomy":"product_brand","embeddable":true,"href":"https:\/\/roveyayinevi.com.tr\/index.php\/wp-json\/wp\/v2\/product_brand?post=754758"},{"taxonomy":"product_cat","embeddable":true,"href":"https:\/\/roveyayinevi.com.tr\/index.php\/wp-json\/wp\/v2\/product_cat?post=754758"},{"taxonomy":"product_tag","embeddable":true,"href":"https:\/\/roveyayinevi.com.tr\/index.php\/wp-json\/wp\/v2\/product_tag?post=754758"}],"curies":[{"name":"wp","href":"https:\/\/api.w.org\/{rel}","templated":true}]}}