{"id":754756,"date":"2025-08-28T06:19:59","date_gmt":"2025-08-28T03:19:59","guid":{"rendered":"https:\/\/roveyayinevi.com.tr\/index.php\/urun\/iyi-denemeydi\/"},"modified":"2026-04-16T03:07:58","modified_gmt":"2026-04-16T00:07:58","slug":"iyi-denemeydi","status":"publish","type":"product","link":"https:\/\/roveyayinevi.com.tr\/index.php\/urun\/iyi-denemeydi\/","title":{"rendered":"\u0130yi Denemeydi"},"content":{"rendered":"<p>\u201c\u0130lk yap\u0131lan yanl\u0131\u015fa kaza, ikincisine hata, \u00fc\u00e7\u00fcnc\u00fcs\u00fcne ise tercih denir.\u201d &#8211;Dostoyevski   \u201cBir hareketi bir kere yapan yine yapacakt\u0131r. Ve sen bir kere affettiysen yine affedeceksindir nas\u0131lsa. Ne yap ne et bu rehaveti verme ona. Ona da g\u00fcnah sana da&#8230;\u201d   Onur G\u00fclmek\u2019in kaleme ald\u0131\u011f\u0131 \u0130yi Denemeydi ya\u015fam\u0131, anlar\u0131, kararlar\u0131, duygular\u0131, farkl\u0131 \u00fclkelerdeki ya\u015fanm\u0131\u015fl\u0131klar\u0131, kimi zaman hik\u00e2ye kimi zaman \u015fiirlerle anlat\u0131yor. <\/p>\n","protected":false},"excerpt":{"rendered":"<p>\u201c\u0130lk yap\u0131lan yanl\u0131\u015fa kaza, ikincisine hata, \u00fc\u00e7\u00fcnc\u00fcs\u00fcne ise tercih denir.\u201d &#8211;Dostoyevski \u201cBir hareketi bir kere yapan yine yapacakt\u0131r. Ve sen bir kere affettiysen yine affedeceksindir nas\u0131lsa.<span class=\"excerpt-hellip\"> [\u2026]<\/span><\/p>\n","protected":false},"featured_media":0,"template":"","meta":{"_monsterinsights_skip_tracking":false,"_monsterinsights_sitenote_active":false,"_monsterinsights_sitenote_note":"","_monsterinsights_sitenote_category":0},"product_brand":[],"product_cat":[12777,12291],"product_tag":[],"class_list":{"0":"post-754756","1":"product","2":"type-product","3":"status-publish","5":"product_cat-deneme","6":"product_cat-edebiyat","7":"pa_cilt-ciltsiz","8":"pa_tur-kitap","9":"pa_yayinevi-kara-karga-yayinlari","10":"pa_yazar-onur-gulmek","12":"first","13":"instock","14":"sale","15":"shipping-taxable","16":"purchasable","17":"product-type-simple"},"_links":{"self":[{"href":"https:\/\/roveyayinevi.com.tr\/index.php\/wp-json\/wp\/v2\/product\/754756","targetHints":{"allow":["GET"]}}],"collection":[{"href":"https:\/\/roveyayinevi.com.tr\/index.php\/wp-json\/wp\/v2\/product"}],"about":[{"href":"https:\/\/roveyayinevi.com.tr\/index.php\/wp-json\/wp\/v2\/types\/product"}],"wp:attachment":[{"href":"https:\/\/roveyayinevi.com.tr\/index.php\/wp-json\/wp\/v2\/media?parent=754756"}],"wp:term":[{"taxonomy":"product_brand","embeddable":true,"href":"https:\/\/roveyayinevi.com.tr\/index.php\/wp-json\/wp\/v2\/product_brand?post=754756"},{"taxonomy":"product_cat","embeddable":true,"href":"https:\/\/roveyayinevi.com.tr\/index.php\/wp-json\/wp\/v2\/product_cat?post=754756"},{"taxonomy":"product_tag","embeddable":true,"href":"https:\/\/roveyayinevi.com.tr\/index.php\/wp-json\/wp\/v2\/product_tag?post=754756"}],"curies":[{"name":"wp","href":"https:\/\/api.w.org\/{rel}","templated":true}]}}