{"id":754755,"date":"2025-08-28T06:19:58","date_gmt":"2025-08-28T03:19:58","guid":{"rendered":"https:\/\/roveyayinevi.com.tr\/index.php\/urun\/hareketin-felsefesi\/"},"modified":"2026-04-16T03:07:58","modified_gmt":"2026-04-16T00:07:58","slug":"hareketin-felsefesi","status":"publish","type":"product","link":"https:\/\/roveyayinevi.com.tr\/index.php\/urun\/hareketin-felsefesi\/","title":{"rendered":"Hareketin Felsefesi"},"content":{"rendered":"<p>\u201cBANA B\u0130R \u00c7OCUK KIVILCIM OLARAK GELD\u0130, ONU BESLED\u0130M ATE\u015e OLDU. ATE\u015e\u0130 BESLED\u0130M ALEVE D\u00d6N\u00dc\u015eT\u00dc. ALEV\u0130 BESLED\u0130M K\u00dcKRED\u0130.\u201d \u2013 MIKE TYSON\u2019IN ANTREN\u00d6R\u00dc CUS D\u2019AMATO D\u00fcnya Halter \u015eampiyonu Naim S\u00fcleymano\u011flu\u2019nun \u00fcniversitede halter dersinden kald\u0131\u011f\u0131n\u0131, Muhammed Ali\u2019nin boksa, \u00e7al\u0131nan bisikleti y\u00fcz\u00fcnden tan\u0131\u015ft\u0131\u011f\u0131 bir polis memuru sayesinde ba\u015flad\u0131\u011f\u0131n\u0131, \u00e7etelerin yeti\u015ftirdi\u011fi bir su\u00e7 makinesi olan Mike Tyson\u2019\u0131n boksa ba\u015flamadan \u00f6nce sab\u0131ka kayd\u0131n\u0131n sayfalarca uzunlukta oldu\u011funu biliyor muydunuz? Boks\u00f6r, Milli Tak\u0131m Antren\u00f6r\u00fc ve Uluslararas\u0131 Antren\u00f6r Furkan Derbazlar, sporun \u00e7ocuklar ve gen\u00e7ler \u00fczerinde yaratt\u0131\u011f\u0131 mucizevi de\u011fi\u015fimleri, insan ve toplum \u00fczerindeki muazzam g\u00fcc\u00fcn\u00fc, karakter geli\u015fimi \u00fczerindeki etkisini ve d\u00fcnyaya bak\u0131\u015f a\u00e7\u0131s\u0131nda yaratt\u0131\u011f\u0131 geni\u015f a\u00e7\u0131y\u0131, bu kitab\u0131nda \u00f6rneklerle a\u00e7\u0131kl\u0131yor. Boksu sadece bir spor dal\u0131 olarak de\u011fil bir hayat g\u00f6r\u00fc\u015f\u00fc olarak okumaya ve yarataca\u011f\u0131 de\u011fi\u015fimi deneyimlemeye davet ediyoruz sizi. <\/p>\n","protected":false},"excerpt":{"rendered":"<p>\u201cBANA B\u0130R \u00c7OCUK KIVILCIM OLARAK GELD\u0130, ONU BESLED\u0130M ATE\u015e OLDU. ATE\u015e\u0130 BESLED\u0130M ALEVE D\u00d6N\u00dc\u015eT\u00dc. ALEV\u0130 BESLED\u0130M K\u00dcKRED\u0130.\u201d \u2013 MIKE TYSON\u2019IN ANTREN\u00d6R\u00dc CUS D\u2019AMATO D\u00fcnya Halter \u015eampiyonu<span class=\"excerpt-hellip\"> [\u2026]<\/span><\/p>\n","protected":false},"featured_media":0,"template":"","meta":{"_monsterinsights_skip_tracking":false,"_monsterinsights_sitenote_active":false,"_monsterinsights_sitenote_note":"","_monsterinsights_sitenote_category":0},"product_brand":[],"product_cat":[52477],"product_tag":[],"class_list":{"0":"post-754755","1":"product","2":"type-product","3":"status-publish","5":"product_cat-arastirma","6":"pa_cilt-ciltsiz","7":"pa_tur-kitap","8":"pa_yayinevi-destek-yayinlari","9":"pa_yazar-furkan-derbazlar","11":"first","12":"instock","13":"sale","14":"shipping-taxable","15":"purchasable","16":"product-type-simple"},"_links":{"self":[{"href":"https:\/\/roveyayinevi.com.tr\/index.php\/wp-json\/wp\/v2\/product\/754755","targetHints":{"allow":["GET"]}}],"collection":[{"href":"https:\/\/roveyayinevi.com.tr\/index.php\/wp-json\/wp\/v2\/product"}],"about":[{"href":"https:\/\/roveyayinevi.com.tr\/index.php\/wp-json\/wp\/v2\/types\/product"}],"wp:attachment":[{"href":"https:\/\/roveyayinevi.com.tr\/index.php\/wp-json\/wp\/v2\/media?parent=754755"}],"wp:term":[{"taxonomy":"product_brand","embeddable":true,"href":"https:\/\/roveyayinevi.com.tr\/index.php\/wp-json\/wp\/v2\/product_brand?post=754755"},{"taxonomy":"product_cat","embeddable":true,"href":"https:\/\/roveyayinevi.com.tr\/index.php\/wp-json\/wp\/v2\/product_cat?post=754755"},{"taxonomy":"product_tag","embeddable":true,"href":"https:\/\/roveyayinevi.com.tr\/index.php\/wp-json\/wp\/v2\/product_tag?post=754755"}],"curies":[{"name":"wp","href":"https:\/\/api.w.org\/{rel}","templated":true}]}}