{"id":754754,"date":"2025-08-28T06:19:57","date_gmt":"2025-08-28T03:19:57","guid":{"rendered":"https:\/\/roveyayinevi.com.tr\/index.php\/urun\/dualarin-kayip-sirlari\/"},"modified":"2026-04-03T03:09:45","modified_gmt":"2026-04-03T00:09:45","slug":"dualarin-kayip-sirlari","status":"publish","type":"product","link":"https:\/\/roveyayinevi.com.tr\/index.php\/urun\/dualarin-kayip-sirlari\/","title":{"rendered":"Dualar\u0131n Kay\u0131p S\u0131rlar\u0131"},"content":{"rendered":"<p>GER\u00c7EK DUA SAM\u0130M\u0130YETLE \u0130\u00c7E D\u00d6NMEKT\u0130R. Hakikat bizden bilerek saklanmaz. E\u011fer Yaradan\u2019\u0131 hayatlar\u0131m\u0131zda hissetmiyorsak, sebebi biziz. Yarat\u0131c\u0131 ilke her yerde kendini g\u00f6sterir, o esen her meltemde, her \u00e7iy damlas\u0131nda ve dalgalar\u0131n hareketindedir&#8230; Peki ama onu neden alg\u0131layamay\u0131z? Bize engel olan nedir? T\u00fcrkiye\u2019de y\u00fcz binlerce okura ula\u015fmay\u0131 ba\u015faran Guy Finley bu kitapla bizi kendi s\u0131n\u0131rl\u0131 d\u00fcnyam\u0131za hapseden d\u00fc\u015f\u00fcnce duvarlar\u0131n\u0131 y\u0131k\u0131yor. \u00c7o\u011fu insan i\u00e7in sadece eksik olan \u015feyi istemek olarak g\u00f6r\u00fclen duan\u0131n \u015fimdiye dek ke\u015ffedilmeyen g\u00fcc\u00fcyle tan\u0131\u015ft\u0131r\u0131yor. \u00d6z uyan\u0131\u015f uygulamalar\u0131yla bizleri s\u0131radan d\u00fcnyadan al\u0131p as\u0131l ger\u00e7e\u011fin kalbine ula\u015ft\u0131r\u0131yor. Hayat\u0131m\u0131z bu d\u00fcnya i\u00e7inde devam eden yorgun bir y\u00fcr\u00fcy\u00fc\u015ften ibaret de\u011fildir. Her birimiz, sadece iyili\u011fimiz i\u00e7in olan ve anbean ger\u00e7ekle\u015fen B\u00fcy\u00fck G\u00f6r\u00fcnmez \u0130stek\u2019in birer par\u00e7as\u0131y\u0131z. Yaln\u0131z de\u011filiz ve unutulmad\u0131k. Samimi bir duayla i\u00e7sel g\u00f6zlerimizi a\u00e7abilir ve bize kalbimiz kadar yak\u0131n olan ger\u00e7e\u011fe uyanabiliriz. <\/p>\n","protected":false},"excerpt":{"rendered":"<p>GER\u00c7EK DUA SAM\u0130M\u0130YETLE \u0130\u00c7E D\u00d6NMEKT\u0130R. Hakikat bizden bilerek saklanmaz. E\u011fer Yaradan\u2019\u0131 hayatlar\u0131m\u0131zda hissetmiyorsak, sebebi biziz. Yarat\u0131c\u0131 ilke her yerde kendini g\u00f6sterir, o esen her meltemde, her<span class=\"excerpt-hellip\"> [\u2026]<\/span><\/p>\n","protected":false},"featured_media":0,"template":"","meta":{"_monsterinsights_skip_tracking":false,"_monsterinsights_sitenote_active":false,"_monsterinsights_sitenote_note":"","_monsterinsights_sitenote_category":0},"product_brand":[],"product_cat":[12364,12376],"product_tag":[],"class_list":{"0":"post-754754","1":"product","2":"type-product","3":"status-publish","5":"product_cat-genel-konular","6":"product_cat-kisisel-gelisim","7":"pa_cilt-ciltsiz","8":"pa_tur-kitap","9":"pa_yayinevi-destek-yayinlari","10":"pa_yazar-guy-finley","12":"first","13":"instock","14":"sale","15":"shipping-taxable","16":"purchasable","17":"product-type-simple"},"_links":{"self":[{"href":"https:\/\/roveyayinevi.com.tr\/index.php\/wp-json\/wp\/v2\/product\/754754","targetHints":{"allow":["GET"]}}],"collection":[{"href":"https:\/\/roveyayinevi.com.tr\/index.php\/wp-json\/wp\/v2\/product"}],"about":[{"href":"https:\/\/roveyayinevi.com.tr\/index.php\/wp-json\/wp\/v2\/types\/product"}],"wp:attachment":[{"href":"https:\/\/roveyayinevi.com.tr\/index.php\/wp-json\/wp\/v2\/media?parent=754754"}],"wp:term":[{"taxonomy":"product_brand","embeddable":true,"href":"https:\/\/roveyayinevi.com.tr\/index.php\/wp-json\/wp\/v2\/product_brand?post=754754"},{"taxonomy":"product_cat","embeddable":true,"href":"https:\/\/roveyayinevi.com.tr\/index.php\/wp-json\/wp\/v2\/product_cat?post=754754"},{"taxonomy":"product_tag","embeddable":true,"href":"https:\/\/roveyayinevi.com.tr\/index.php\/wp-json\/wp\/v2\/product_tag?post=754754"}],"curies":[{"name":"wp","href":"https:\/\/api.w.org\/{rel}","templated":true}]}}