{"id":754752,"date":"2025-08-28T06:19:55","date_gmt":"2025-08-28T03:19:55","guid":{"rendered":"https:\/\/roveyayinevi.com.tr\/index.php\/urun\/kanli-dus\/"},"modified":"2026-04-16T03:07:57","modified_gmt":"2026-04-16T00:07:57","slug":"kanli-dus","status":"publish","type":"product","link":"https:\/\/roveyayinevi.com.tr\/index.php\/urun\/kanli-dus\/","title":{"rendered":"Kanl\u0131 D\u00fc\u015f"},"content":{"rendered":"<p>Tek Du\u0308nya, Bu\u0308yu\u0308k Ortado\u011fu ve Yeni Roma, kanl\u0131 bir du\u0308\u015ftu\u0308r!     \u201c\u0130nsanlar uykudad\u0131r, \u00d6lu\u0308nce uyan\u0131rlar\u201d   Resulullah\u2019\u0131n sava\u015ft\u0131\u011f\u0131 kanl\u0131 \u00e7ete yeniden sahnede!   \u201cCehennemin kap\u0131lar\u0131\u201d onlar i\u00e7in a\u00e7\u0131ld\u0131. Ordular kurup zihinleri dahi i\u015fgal edip insan\u0131 etkisiz b\u0131rakt\u0131klar\u0131 tu\u0308m hu\u0308creler uyan\u0131yor. Neyin i\u00e7inde oldu\u011funu anlayan herkes du\u0308\u015fmana kar\u015f\u0131 bir silaht\u0131r. \u201cKanl\u0131 Du\u0308\u015f\u201d sona ve ba\u015fa yakla\u015f\u0131yor.   Bu\u0308yu\u0308k Ortado\u011fu, Sevr\u2019in uygulamas\u0131 ise; Sevr, Tu\u0308rkiye\u2019nin par\u00e7alanmas\u0131 ve Bu\u0308yu\u0308k \u0130srail ise; ve deprem, Yeni Du\u0308nya sapk\u0131nl\u0131\u011f\u0131 i\u00e7in yap\u0131lm\u0131\u015f ise, su\u0308re\u00e7 \u00e7oktan ba\u015flad\u0131. Ne d\u00f6nu\u0308yor ise, bir plan dahilinde.   Tek Du\u0308nya Devleti yolu, Bu\u0308yu\u0308k Ortado\u011fu Projesi, Yeni Roma sapk\u0131nl\u0131\u011f\u0131 ve Bu\u0308yu\u0308k \u0130srail niyeti Kanl\u0131 bir du\u0308\u015ftu\u0308r\u2026   \u0130klim tiyatrosu ve k\u0131tl\u0131k, insanl\u0131\u011f\u0131 a\u015f\u0131lamak, Mu\u0308slu\u0308man Tu\u0308rk\u2019e Roma demek ve u\u0308lkeleri kana bulayan bu \u00e7eteye hak demek Kanl\u0131 bir Du\u0308\u015ftu\u0308r\u2026   \u0130klim yalan\u0131yla a\u00e7 b\u0131rakmak, Ayasofya\u2019da oyun oynamak Mu\u0308slu\u0308man Anadolu\u2019yu Paganla\u015ft\u0131rmak ve \u015eeytana yolda\u015fl\u0131k yapmak kanl\u0131 bir du\u0308\u015ftu\u0308r. Sokuldu\u011fumuz bu yol, anlamayan her insan i\u00e7in kanl\u0131 bir du\u0308\u015ftu\u0308r. Bu yu\u0308zden herkes; \u201cYar\u0131n i\u00e7in \u00f6nden ne g\u00f6nderdi\u011fine baks\u0131n\u201d \u201cya uyan\u0131rs\u0131n ya ger\u00e7ek olur.\u201d <\/p>\n","protected":false},"excerpt":{"rendered":"<p>Tek Du\u0308nya, Bu\u0308yu\u0308k Ortado\u011fu ve Yeni Roma, kanl\u0131 bir du\u0308\u015ftu\u0308r! \u201c\u0130nsanlar uykudad\u0131r, \u00d6lu\u0308nce uyan\u0131rlar\u201d Resulullah\u2019\u0131n sava\u015ft\u0131\u011f\u0131 kanl\u0131 \u00e7ete yeniden sahnede! \u201cCehennemin kap\u0131lar\u0131\u201d onlar i\u00e7in a\u00e7\u0131ld\u0131. Ordular<span class=\"excerpt-hellip\"> [\u2026]<\/span><\/p>\n","protected":false},"featured_media":0,"template":"","meta":{"_monsterinsights_skip_tracking":false,"_monsterinsights_sitenote_active":false,"_monsterinsights_sitenote_note":"","_monsterinsights_sitenote_category":0},"product_brand":[],"product_cat":[12337],"product_tag":[],"class_list":{"0":"post-754752","1":"product","2":"type-product","3":"status-publish","5":"product_cat-politika-siyaset","6":"pa_cilt-ciltsiz","7":"pa_tur-kitap","8":"pa_yayinevi-hayykitap","9":"pa_yazar-eray-haciosmanoglu","11":"first","12":"instock","13":"sale","14":"shipping-taxable","15":"purchasable","16":"product-type-simple"},"_links":{"self":[{"href":"https:\/\/roveyayinevi.com.tr\/index.php\/wp-json\/wp\/v2\/product\/754752","targetHints":{"allow":["GET"]}}],"collection":[{"href":"https:\/\/roveyayinevi.com.tr\/index.php\/wp-json\/wp\/v2\/product"}],"about":[{"href":"https:\/\/roveyayinevi.com.tr\/index.php\/wp-json\/wp\/v2\/types\/product"}],"wp:attachment":[{"href":"https:\/\/roveyayinevi.com.tr\/index.php\/wp-json\/wp\/v2\/media?parent=754752"}],"wp:term":[{"taxonomy":"product_brand","embeddable":true,"href":"https:\/\/roveyayinevi.com.tr\/index.php\/wp-json\/wp\/v2\/product_brand?post=754752"},{"taxonomy":"product_cat","embeddable":true,"href":"https:\/\/roveyayinevi.com.tr\/index.php\/wp-json\/wp\/v2\/product_cat?post=754752"},{"taxonomy":"product_tag","embeddable":true,"href":"https:\/\/roveyayinevi.com.tr\/index.php\/wp-json\/wp\/v2\/product_tag?post=754752"}],"curies":[{"name":"wp","href":"https:\/\/api.w.org\/{rel}","templated":true}]}}