{"id":754751,"date":"2025-08-28T06:19:53","date_gmt":"2025-08-28T03:19:53","guid":{"rendered":"https:\/\/roveyayinevi.com.tr\/index.php\/urun\/gittigim-her-yerde-cicek-acacagim\/"},"modified":"2026-04-16T03:07:57","modified_gmt":"2026-04-16T00:07:57","slug":"gittigim-her-yerde-cicek-acacagim","status":"publish","type":"product","link":"https:\/\/roveyayinevi.com.tr\/index.php\/urun\/gittigim-her-yerde-cicek-acacagim\/","title":{"rendered":"Gitti\u011fim Her Yerde \u00c7i\u00e7ek A\u00e7aca\u011f\u0131m"},"content":{"rendered":"<p>\u201cG\u00fczel g\u00fcnler gelecek\u2026\u201d   \u201cYa\u015famak, bir yolda y\u00fcr\u00fcmeye benzer\u2026 Bir rota \u00e7izersin ve yolun her t\u00fcrl\u00fc kolayl\u0131klar\u0131 ve zorluklar\u0131na boyun e\u011fersin. Engebeli s\u00fcre\u00e7lerde yorulur, bazen de normal bir \u015fekilde d\u00fcmd\u00fcz bir s\u00fcre\u00e7te seyredersin. \u0130nsan, hayat yolunu yeknesak bir \u00e7izgide y\u00fcr\u00fcyemez. Y\u00fcr\u00fcy\u00fc\u015f kadar d\u00fc\u015f\u00fc\u015f de var. D\u00fc\u015f\u00fc\u015f\u00fcn oldu\u011fu yerde kalk\u0131\u015f da. D\u00fc\u015ft\u00fc\u011f\u00fcn yerden de\u011fi\u015fmi\u015f ve d\u00f6n\u00fc\u015fm\u00fc\u015f olarak kalkmak zorundas\u0131n. Her ac\u0131, her d\u00fc\u015f\u00fc\u015f, her halledemeyi\u015f, her yorulu\u015f birer \u00f6\u011fretmendir g\u00f6rmesini bilene.&#8221;   Ali Bayam, yeni kitab\u0131nda okurlar\u0131na, &#8220;Bu hayat benim&#8221; diyebilmenin \u00f6nemini ve bu kabulleni\u015ften sonra ya\u015fanmas\u0131 m\u00fcmk\u00fcn g\u00fczellikleri anlat\u0131yor. Hayat\u0131n ak\u0131\u015f\u0131 i\u00e7erisinde mutluluk kadar g\u00f6z ya\u015f\u0131n\u0131n da var oldu\u011funun alt\u0131n\u0131 \u00e7izerken, her durumda umudu \u00e7ekip \u00e7\u0131karabilmenin insan\u0131n kendi g\u00fcc\u00fcyle m\u00fcmk\u00fcn oldu\u011fundan bahsediyor.   Yazar, Gitti\u011fim Her Yerde \u00c7i\u00e7ek A\u00e7aca\u011f\u0131m isimli ikinci kitab\u0131yla, d\u00fc\u015ft\u00fc\u011f\u00fc yerden kalkabilmenin g\u00fczelli\u011fine inanan herkese, &#8220;G\u00fczel g\u00fcnler gelecek&#8221; diyerek kelimeleriyle sar\u0131l\u0131yor.   <\/p>\n","protected":false},"excerpt":{"rendered":"<p>\u201cG\u00fczel g\u00fcnler gelecek\u2026\u201d \u201cYa\u015famak, bir yolda y\u00fcr\u00fcmeye benzer\u2026 Bir rota \u00e7izersin ve yolun her t\u00fcrl\u00fc kolayl\u0131klar\u0131 ve zorluklar\u0131na boyun e\u011fersin. Engebeli s\u00fcre\u00e7lerde yorulur, bazen de normal<span class=\"excerpt-hellip\"> [\u2026]<\/span><\/p>\n","protected":false},"featured_media":0,"template":"","meta":{"_monsterinsights_skip_tracking":false,"_monsterinsights_sitenote_active":false,"_monsterinsights_sitenote_note":"","_monsterinsights_sitenote_category":0},"product_brand":[],"product_cat":[12777,12291],"product_tag":[],"class_list":{"0":"post-754751","1":"product","2":"type-product","3":"status-publish","5":"product_cat-deneme","6":"product_cat-edebiyat","7":"pa_cilt-ciltsiz","8":"pa_tur-kitap","9":"pa_yayinevi-hayykitap","10":"pa_yazar-gregor-ali-bayam","12":"first","13":"instock","14":"sale","15":"shipping-taxable","16":"purchasable","17":"product-type-simple"},"_links":{"self":[{"href":"https:\/\/roveyayinevi.com.tr\/index.php\/wp-json\/wp\/v2\/product\/754751","targetHints":{"allow":["GET"]}}],"collection":[{"href":"https:\/\/roveyayinevi.com.tr\/index.php\/wp-json\/wp\/v2\/product"}],"about":[{"href":"https:\/\/roveyayinevi.com.tr\/index.php\/wp-json\/wp\/v2\/types\/product"}],"wp:attachment":[{"href":"https:\/\/roveyayinevi.com.tr\/index.php\/wp-json\/wp\/v2\/media?parent=754751"}],"wp:term":[{"taxonomy":"product_brand","embeddable":true,"href":"https:\/\/roveyayinevi.com.tr\/index.php\/wp-json\/wp\/v2\/product_brand?post=754751"},{"taxonomy":"product_cat","embeddable":true,"href":"https:\/\/roveyayinevi.com.tr\/index.php\/wp-json\/wp\/v2\/product_cat?post=754751"},{"taxonomy":"product_tag","embeddable":true,"href":"https:\/\/roveyayinevi.com.tr\/index.php\/wp-json\/wp\/v2\/product_tag?post=754751"}],"curies":[{"name":"wp","href":"https:\/\/api.w.org\/{rel}","templated":true}]}}