{"id":754747,"date":"2025-08-28T06:19:47","date_gmt":"2025-08-28T03:19:47","guid":{"rendered":"https:\/\/roveyayinevi.com.tr\/index.php\/urun\/dunya-barisi\/"},"modified":"2026-04-16T03:07:57","modified_gmt":"2026-04-16T00:07:57","slug":"dunya-barisi","status":"publish","type":"product","link":"https:\/\/roveyayinevi.com.tr\/index.php\/urun\/dunya-barisi\/","title":{"rendered":"D\u00fcnya Bar\u0131\u015f\u0131"},"content":{"rendered":"<p>D\u00fcnyay\u0131 cennete d\u00f6n\u00fc\u015ft\u00fcrmek bizim elimizde. Do\u011fal olarak M\u00fcsl\u00fcmanl\u0131\u011f\u0131m\u0131z\u0131, Hristiyanl\u0131\u011f\u0131m\u0131z\u0131, Protestanl\u0131\u011f\u0131m\u0131z\u0131, Katolikli\u011fimizi, Sunili\u011fimizi, Alevili\u011fimizi\u2026 sevebiliriz ancak bizi birle\u015ftirecek ve daha g\u00fczel bir d\u00fcnya kurmam\u0131z\u0131 sa\u011flayacak olan \u201cinsan olma kimli\u011fi\u201dmizdir. Kendi \u00fclkemizin \u00e7\u0131karlar\u0131n\u0131 d\u00fc\u015f\u00fcnmek yeti\u015fti\u011fimiz topraklara kar\u015f\u0131 borcumuzdur ancak, t\u00fcm \u00fclkelerde g\u00fczel kalpli karde\u015flerimiz oldu\u011funu, daha mutlu bir d\u00fcnya kurmak i\u00e7in insanl\u0131k olarak hareket etmek zorunda oldu\u011fumuzu unutmamal\u0131y\u0131z. \u00d6ncelikli kimli\u011fimizin \u201cinsan olma kimli\u011fi\u201dmiz oldu\u011funun fark\u0131na var\u0131r, insan olma kimli\u011fimizi i\u00e7selle\u015ftirirsek, t\u00fcm insanlar\u0131n karde\u015f oldu\u011fu bilincini hissedebilirsek, daha ya\u015fan\u0131l\u0131r, daha g\u00fczel bir d\u00fcnya kurmak i\u00e7in en \u00f6nemli anahtar\u0131 elde etmi\u015f oluruz. Ne olsun istiyorsunuz? Bar\u0131\u015f m\u0131, sava\u015f m\u0131? Demokrasi mi? Diktat\u00f6rl\u00fck m\u00fc? \u0130nsan haklar\u0131 m\u0131? K\u00f6le haklar\u0131 m\u0131? Sa\u011fl\u0131kl\u0131, g\u00fczel bir \u00e7evre mi? Sa\u011fl\u0131ks\u0131z, \u00e7irkin bir \u00e7evre mi? \u0130nsanl\u0131k bunlardan hangilerine yo\u011funla\u015f\u0131rsa, hangileri i\u00e7in emek harcarsa belirleyici olanlar da onlar olacakt\u0131r. Bar\u0131\u015f istiyorsak, sava\u015f\u0131 do\u011fal kabul etmemeli, sava\u015flar\u0131 tarihe g\u00f6mmek i\u00e7in m\u00fccadele etmeliyiz.<\/p>\n","protected":false},"excerpt":{"rendered":"<p>D\u00fcnyay\u0131 cennete d\u00f6n\u00fc\u015ft\u00fcrmek bizim elimizde. Do\u011fal olarak M\u00fcsl\u00fcmanl\u0131\u011f\u0131m\u0131z\u0131, Hristiyanl\u0131\u011f\u0131m\u0131z\u0131, Protestanl\u0131\u011f\u0131m\u0131z\u0131, Katolikli\u011fimizi, Sunili\u011fimizi, Alevili\u011fimizi\u2026 sevebiliriz ancak bizi birle\u015ftirecek ve daha g\u00fczel bir d\u00fcnya kurmam\u0131z\u0131 sa\u011flayacak olan \u201cinsan<span class=\"excerpt-hellip\"> [\u2026]<\/span><\/p>\n","protected":false},"featured_media":0,"template":"","meta":{"_monsterinsights_skip_tracking":false,"_monsterinsights_sitenote_active":false,"_monsterinsights_sitenote_note":"","_monsterinsights_sitenote_category":0},"product_brand":[],"product_cat":[12573,12566],"product_tag":[],"class_list":{"0":"post-754747","1":"product","2":"type-product","3":"status-publish","5":"product_cat-akademik-kitaplar","6":"product_cat-egitim","7":"pa_cilt-ciltsiz","8":"pa_tur-kitap","9":"pa_yayinevi-platanus-publishing","10":"pa_yazar-kemal-er","12":"first","13":"instock","14":"sale","15":"shipping-taxable","16":"purchasable","17":"product-type-simple"},"_links":{"self":[{"href":"https:\/\/roveyayinevi.com.tr\/index.php\/wp-json\/wp\/v2\/product\/754747","targetHints":{"allow":["GET"]}}],"collection":[{"href":"https:\/\/roveyayinevi.com.tr\/index.php\/wp-json\/wp\/v2\/product"}],"about":[{"href":"https:\/\/roveyayinevi.com.tr\/index.php\/wp-json\/wp\/v2\/types\/product"}],"wp:attachment":[{"href":"https:\/\/roveyayinevi.com.tr\/index.php\/wp-json\/wp\/v2\/media?parent=754747"}],"wp:term":[{"taxonomy":"product_brand","embeddable":true,"href":"https:\/\/roveyayinevi.com.tr\/index.php\/wp-json\/wp\/v2\/product_brand?post=754747"},{"taxonomy":"product_cat","embeddable":true,"href":"https:\/\/roveyayinevi.com.tr\/index.php\/wp-json\/wp\/v2\/product_cat?post=754747"},{"taxonomy":"product_tag","embeddable":true,"href":"https:\/\/roveyayinevi.com.tr\/index.php\/wp-json\/wp\/v2\/product_tag?post=754747"}],"curies":[{"name":"wp","href":"https:\/\/api.w.org\/{rel}","templated":true}]}}