{"id":754742,"date":"2025-08-28T06:19:38","date_gmt":"2025-08-28T03:19:38","guid":{"rendered":"https:\/\/roveyayinevi.com.tr\/index.php\/urun\/monolog-2\/"},"modified":"2026-04-16T03:07:57","modified_gmt":"2026-04-16T00:07:57","slug":"monolog-2","status":"publish","type":"product","link":"https:\/\/roveyayinevi.com.tr\/index.php\/urun\/monolog-2\/","title":{"rendered":"Monolog"},"content":{"rendered":"<p>D\u00fcn ne yazd\u0131ysam Bug\u00fcn o olmu\u015fum Kendi hayat\u0131n\u0131 yazar m\u0131 Ya da yazabilir mi insan Ben sana kavu\u015fman\u0131n senaryosuna imza att\u0131m Yazan ben Oynayan ben Y\u00f6neten ben Ama filmin ana fikri sen D\u00fcnyan\u0131n \u00fc\u00e7te ikisini kaplayan su kadar Ger\u00e7ek bir hik\u00e2yeden al\u0131nt\u0131s\u0131n   Samet Bayrak, Hayat\u0131n Niyeti Felaket&#8217;de e\u015fine kar\u015f\u0131 olan a\u015fk\u0131n\u0131 ve yas s\u00fcrecini konu alarak , sizi hikayelerini sonsuzla\u015ft\u0131rmaya davet ediyor!<\/p>\n","protected":false},"excerpt":{"rendered":"<p>D\u00fcn ne yazd\u0131ysam Bug\u00fcn o olmu\u015fum Kendi hayat\u0131n\u0131 yazar m\u0131 Ya da yazabilir mi insan Ben sana kavu\u015fman\u0131n senaryosuna imza att\u0131m Yazan ben Oynayan ben Y\u00f6neten<span class=\"excerpt-hellip\"> [\u2026]<\/span><\/p>\n","protected":false},"featured_media":0,"template":"","meta":{"_monsterinsights_skip_tracking":false,"_monsterinsights_sitenote_active":false,"_monsterinsights_sitenote_note":"","_monsterinsights_sitenote_category":0},"product_brand":[],"product_cat":[18545,12291],"product_tag":[],"class_list":{"0":"post-754742","1":"product","2":"type-product","3":"status-publish","5":"product_cat-anlati","6":"product_cat-edebiyat","7":"pa_cilt-ciltsiz","8":"pa_tur-kitap","9":"pa_yayinevi-elpis-yayinlari","10":"pa_yazar-samet-bayrak","12":"first","13":"instock","14":"sale","15":"shipping-taxable","16":"purchasable","17":"product-type-simple"},"_links":{"self":[{"href":"https:\/\/roveyayinevi.com.tr\/index.php\/wp-json\/wp\/v2\/product\/754742","targetHints":{"allow":["GET"]}}],"collection":[{"href":"https:\/\/roveyayinevi.com.tr\/index.php\/wp-json\/wp\/v2\/product"}],"about":[{"href":"https:\/\/roveyayinevi.com.tr\/index.php\/wp-json\/wp\/v2\/types\/product"}],"wp:attachment":[{"href":"https:\/\/roveyayinevi.com.tr\/index.php\/wp-json\/wp\/v2\/media?parent=754742"}],"wp:term":[{"taxonomy":"product_brand","embeddable":true,"href":"https:\/\/roveyayinevi.com.tr\/index.php\/wp-json\/wp\/v2\/product_brand?post=754742"},{"taxonomy":"product_cat","embeddable":true,"href":"https:\/\/roveyayinevi.com.tr\/index.php\/wp-json\/wp\/v2\/product_cat?post=754742"},{"taxonomy":"product_tag","embeddable":true,"href":"https:\/\/roveyayinevi.com.tr\/index.php\/wp-json\/wp\/v2\/product_tag?post=754742"}],"curies":[{"name":"wp","href":"https:\/\/api.w.org\/{rel}","templated":true}]}}