{"id":754740,"date":"2025-08-28T06:19:34","date_gmt":"2025-08-28T03:19:34","guid":{"rendered":"https:\/\/roveyayinevi.com.tr\/index.php\/urun\/kucuk\/"},"modified":"2026-04-16T03:07:57","modified_gmt":"2026-04-16T00:07:57","slug":"kucuk","status":"publish","type":"product","link":"https:\/\/roveyayinevi.com.tr\/index.php\/urun\/kucuk\/","title":{"rendered":"K\u00fc\u00e7\u00fck"},"content":{"rendered":"<p>Bitimsiz korkulara s\u00fcr\u00fcklenip \u00f6l\u00fcm sanc\u0131lar\u0131, tatminsiz iniltiler ve yoldan \u00e7\u0131km\u0131\u015f d\u00fcrt\u00fclerle ba\u015fa \u00e7\u0131kmaya ant i\u00e7mek. Al\u00e7alm\u0131\u015f bulutlar, sabah g\u00f6\u011f\u00fc, yakla\u015fmakta olan f\u0131rt\u0131na. S\u00f6nm\u00fc\u015f bir y\u0131ld\u0131zdan i\u00e7in i\u00e7in yay\u0131lan o c\u0131l\u0131z \u0131\u015f\u0131k. Tanr\u0131&#8217;n\u0131n en karanl\u0131k arzular\u0131yla bir olup \u00f6lg\u00fcn bir ate\u015fi harlayabilmek m\u00fcmk\u00fcn m\u00fc?<\/p>\n","protected":false},"excerpt":{"rendered":"<p>Bitimsiz korkulara s\u00fcr\u00fcklenip \u00f6l\u00fcm sanc\u0131lar\u0131, tatminsiz iniltiler ve yoldan \u00e7\u0131km\u0131\u015f d\u00fcrt\u00fclerle ba\u015fa \u00e7\u0131kmaya ant i\u00e7mek. Al\u00e7alm\u0131\u015f bulutlar, sabah g\u00f6\u011f\u00fc, yakla\u015fmakta olan f\u0131rt\u0131na. S\u00f6nm\u00fc\u015f bir y\u0131ld\u0131zdan i\u00e7in<span class=\"excerpt-hellip\"> [\u2026]<\/span><\/p>\n","protected":false},"featured_media":0,"template":"","meta":{"_monsterinsights_skip_tracking":false,"_monsterinsights_sitenote_active":false,"_monsterinsights_sitenote_note":"","_monsterinsights_sitenote_category":0},"product_brand":[],"product_cat":[12777,12291],"product_tag":[],"class_list":{"0":"post-754740","1":"product","2":"type-product","3":"status-publish","5":"product_cat-deneme","6":"product_cat-edebiyat","7":"pa_cilt-ciltsiz","8":"pa_tur-kitap","9":"pa_yayinevi-sel-yayincilik","10":"pa_yazar-georges-bataille","12":"first","13":"instock","14":"sale","15":"shipping-taxable","16":"purchasable","17":"product-type-simple"},"_links":{"self":[{"href":"https:\/\/roveyayinevi.com.tr\/index.php\/wp-json\/wp\/v2\/product\/754740","targetHints":{"allow":["GET"]}}],"collection":[{"href":"https:\/\/roveyayinevi.com.tr\/index.php\/wp-json\/wp\/v2\/product"}],"about":[{"href":"https:\/\/roveyayinevi.com.tr\/index.php\/wp-json\/wp\/v2\/types\/product"}],"wp:attachment":[{"href":"https:\/\/roveyayinevi.com.tr\/index.php\/wp-json\/wp\/v2\/media?parent=754740"}],"wp:term":[{"taxonomy":"product_brand","embeddable":true,"href":"https:\/\/roveyayinevi.com.tr\/index.php\/wp-json\/wp\/v2\/product_brand?post=754740"},{"taxonomy":"product_cat","embeddable":true,"href":"https:\/\/roveyayinevi.com.tr\/index.php\/wp-json\/wp\/v2\/product_cat?post=754740"},{"taxonomy":"product_tag","embeddable":true,"href":"https:\/\/roveyayinevi.com.tr\/index.php\/wp-json\/wp\/v2\/product_tag?post=754740"}],"curies":[{"name":"wp","href":"https:\/\/api.w.org\/{rel}","templated":true}]}}